{"id":1048,"date":"2023-02-13T14:37:54","date_gmt":"2023-02-13T14:37:54","guid":{"rendered":"https:\/\/www.decisionsupporttools.com\/productos-y-servicios-duplicado-513\/"},"modified":"2023-02-13T14:40:34","modified_gmt":"2023-02-13T14:40:34","slug":"productos-y-servicios-duplicado-513","status":"publish","type":"page","link":"https:\/\/www.decisionsupporttools.com\/es\/productos-y-servicios-duplicado-513\/","title":{"rendered":"Nuevas innovaciones"},"content":{"rendered":"\t\t<div data-elementor-type=\"wp-page\" data-elementor-id=\"1048\" class=\"elementor elementor-1048 elementor-1047\" data-elementor-post-type=\"page\">\n\t\t\t\t\t\t<section class=\"elementor-section elementor-top-section elementor-element elementor-element-1f522462 elementor-section-height-min-height elementor-section-boxed elementor-section-height-default elementor-section-items-middle\" data-id=\"1f522462\" data-element_type=\"section\" data-e-type=\"section\" data-settings=\"{&quot;background_background&quot;:&quot;classic&quot;}\">\n\t\t\t\t\t\t<div class=\"elementor-container elementor-column-gap-default\">\n\t\t\t\t\t<div class=\"elementor-column elementor-col-100 elementor-top-column elementor-element elementor-element-33865a07\" data-id=\"33865a07\" data-element_type=\"column\" data-e-type=\"column\">\n\t\t\t<div class=\"elementor-widget-wrap elementor-element-populated\">\n\t\t\t\t\t\t<div class=\"elementor-element elementor-element-42f48ef8 elementor-widget elementor-widget-heading\" data-id=\"42f48ef8\" data-element_type=\"widget\" data-e-type=\"widget\" data-widget_type=\"heading.default\">\n\t\t\t\t<div class=\"elementor-widget-container\">\n\t\t\t\t\t<h1 class=\"elementor-heading-title elementor-size-default\">Nuevas innovaciones<\/h1>\t\t\t\t<\/div>\n\t\t\t\t<\/div>\n\t\t\t\t\t<\/div>\n\t\t<\/div>\n\t\t\t\t\t<\/div>\n\t\t<\/section>\n\t\t\t\t<section class=\"elementor-section elementor-top-section elementor-element elementor-element-0d3ec44 elementor-section-boxed elementor-section-height-default elementor-section-height-default\" data-id=\"0d3ec44\" data-element_type=\"section\" data-e-type=\"section\">\n\t\t\t\t\t\t<div class=\"elementor-container elementor-column-gap-default\">\n\t\t\t\t\t<div class=\"elementor-column elementor-col-66 elementor-top-column elementor-element elementor-element-e7c226c\" data-id=\"e7c226c\" data-element_type=\"column\" data-e-type=\"column\">\n\t\t\t<div class=\"elementor-widget-wrap elementor-element-populated\">\n\t\t\t\t\t\t<div class=\"elementor-element elementor-element-e963fa4 elementor-widget elementor-widget-text-editor\" data-id=\"e963fa4\" data-element_type=\"widget\" data-e-type=\"widget\" data-widget_type=\"text-editor.default\">\n\t\t\t\t<div class=\"elementor-widget-container\">\n\t\t\t\t\t\t\t\t\t<p>Los m\u00f3dulos DST existentes brindan las capacidades principales para transformar la forma en que se eval\u00faa y justifica el CapEx de una organizaci\u00f3n y la cartera\/los programas se optimizan en el sitio, la regi\u00f3n y los niveles globales, pero hemos identificado otras \u00e1reas de personalizaci\u00f3n\/extensi\u00f3n deseables.<\/p>\n<p>Woodhouse Partnership est\u00e1 desarrollando un programa de seguimiento, acceso a m\u00faltiples bases de datos y administraci\u00f3n remota, c\u00e1lculo autom\u00e1tico e informes de beneficios comerciales. Este m\u00f3dulo proporcionar\u00e1 instalaciones de gesti\u00f3n de programas y monitoreo del desempe\u00f1o a nivel local\/sitio, regional y global (incluido el acceso a bases de datos seguras de sitios m\u00faltiples DST). <\/p>\n\t\t\t\t\t\t\t\t<\/div>\n\t\t\t\t<\/div>\n\t\t\t\t\t<\/div>\n\t\t<\/div>\n\t\t\t\t<div class=\"elementor-column elementor-col-33 elementor-top-column elementor-element elementor-element-f58a2d5\" data-id=\"f58a2d5\" data-element_type=\"column\" data-e-type=\"column\">\n\t\t\t<div class=\"elementor-widget-wrap elementor-element-populated\">\n\t\t\t\t\t\t<div class=\"elementor-element elementor-element-7b12030 elementor-widget elementor-widget-image\" data-id=\"7b12030\" data-element_type=\"widget\" data-e-type=\"widget\" data-widget_type=\"image.default\">\n\t\t\t\t<div class=\"elementor-widget-container\">\n\t\t\t\t\t\t\t\t\t\t\t\t\t\t\t<img fetchpriority=\"high\" decoding=\"async\" width=\"800\" height=\"663\" src=\"https:\/\/www.decisionsupporttools.com\/wp-content\/uploads\/sites\/8\/2023\/02\/DST-Assessment-tool-kit-capture-1024x849.png\" class=\"attachment-large size-large wp-image-1046\" alt=\"\" srcset=\"https:\/\/www.decisionsupporttools.com\/wp-content\/uploads\/sites\/8\/2023\/02\/DST-Assessment-tool-kit-capture-1024x849.png 1024w, https:\/\/www.decisionsupporttools.com\/wp-content\/uploads\/sites\/8\/2023\/02\/DST-Assessment-tool-kit-capture-300x249.png 300w, https:\/\/www.decisionsupporttools.com\/wp-content\/uploads\/sites\/8\/2023\/02\/DST-Assessment-tool-kit-capture-768x637.png 768w, https:\/\/www.decisionsupporttools.com\/wp-content\/uploads\/sites\/8\/2023\/02\/DST-Assessment-tool-kit-capture-600x497.png 600w, https:\/\/www.decisionsupporttools.com\/wp-content\/uploads\/sites\/8\/2023\/02\/DST-Assessment-tool-kit-capture.PNG 1099w\" sizes=\"(max-width: 800px) 100vw, 800px\" \/>\t\t\t\t\t\t\t\t\t\t\t\t\t\t\t<\/div>\n\t\t\t\t<\/div>\n\t\t\t\t\t<\/div>\n\t\t<\/div>\n\t\t\t\t\t<\/div>\n\t\t<\/section>\n\t\t\t\t<section class=\"elementor-section elementor-top-section elementor-element elementor-element-62cb9b0 elementor-section-boxed elementor-section-height-default elementor-section-height-default\" data-id=\"62cb9b0\" data-element_type=\"section\" data-e-type=\"section\">\n\t\t\t\t\t\t<div class=\"elementor-container elementor-column-gap-default\">\n\t\t\t\t\t<div class=\"elementor-column elementor-col-100 elementor-top-column elementor-element elementor-element-407eaed\" data-id=\"407eaed\" data-element_type=\"column\" data-e-type=\"column\">\n\t\t\t<div class=\"elementor-widget-wrap elementor-element-populated\">\n\t\t\t\t\t\t<div class=\"elementor-element elementor-element-5386d81 elementor-widget elementor-widget-heading\" data-id=\"5386d81\" data-element_type=\"widget\" data-e-type=\"widget\" data-widget_type=\"heading.default\">\n\t\t\t\t<div class=\"elementor-widget-container\">\n\t\t\t\t\t<h2 class=\"elementor-heading-title elementor-size-default\">El kit de herramientas para administradores de programas DST<\/h2>\t\t\t\t<\/div>\n\t\t\t\t<\/div>\n\t\t\t\t<div class=\"elementor-element elementor-element-f8d120d elementor-widget elementor-widget-text-editor\" data-id=\"f8d120d\" data-element_type=\"widget\" data-e-type=\"widget\" data-widget_type=\"text-editor.default\">\n\t\t\t\t<div class=\"elementor-widget-container\">\n\t\t\t\t\t\t\t\t\t<p>El <strong>kit de herramientas del administrador del programa DST<\/strong> ser\u00e1 una aplicaci\u00f3n web (basada en un navegador), integrada directamente con los m\u00f3dulos y bases de datos DST utilizados por los afiliados de la organizaci\u00f3n. Sirve como la instalaci\u00f3n de administraci\u00f3n central para la coordinaci\u00f3n, el seguimiento y la generaci\u00f3n de informes en una comunidad distribuida en toda la empresa de usuarios de software DST y facilitadores certificados de DST. Tambi\u00e9n servir\u00e1 como punto central para la agregaci\u00f3n de datos del sitio, datos regionales y datos globales en relaci\u00f3n con los estudios de CapEx, su progreso y sus resultados.<\/p>\n<p>Se proporcionar\u00e1n facilitadores certificados <strong>de seguimiento de usuarios<\/strong> y usuarios de software para facilitar el seguimiento de las capacidades de los afiliados y la provisi\u00f3n de acceso al software DST, actualizaciones\/mantenimiento de software, seguimiento de competencias y comunicaciones (por ejemplo, para apoyar redes de usuarios o comunidades de pr\u00e1ctica).<\/p>\n<p><strong>La gesti\u00f3n del programa<\/strong> de estudios DST tambi\u00e9n incluye el seguimiento del progreso del proyecto individual, la asignaci\u00f3n y el seguimiento de las actividades de apoyo, para ayudar a mantener el impulso, perseguir el progreso, garantizar los est\u00e1ndares, las comunicaciones locales y grupales, etc.<\/p>\n<p>Tambi\u00e9n incluye un <strong>panel de control de gesti\u00f3n del rendimiento<\/strong> , extrayendo datos directamente de las bases de datos DST. Esto incluye vistas \u00abdesglosadas\u00bb en las evaluaciones de proyectos DST, con seguimiento y c\u00e1lculos autom\u00e1ticos de beneficios de estudios individuales y su progreso, validaci\u00f3n y estado de aprobaci\u00f3n. El tablero tambi\u00e9n informar\u00e1 el estado de los facilitadores de estudios de los afiliados. El tablero tendr\u00e1 filtros por per\u00edodos de tiempo, afiliados\/regiones, tipos de proyectos\/clases de Capex, etc. <\/p>\n\t\t\t\t\t\t\t\t<\/div>\n\t\t\t\t<\/div>\n\t\t\t\t\t<\/div>\n\t\t<\/div>\n\t\t\t\t\t<\/div>\n\t\t<\/section>\n\t\t\t\t<section class=\"elementor-section elementor-top-section elementor-element elementor-element-f1c63f7 elementor-section-boxed elementor-section-height-default elementor-section-height-default\" data-id=\"f1c63f7\" data-element_type=\"section\" data-e-type=\"section\">\n\t\t\t\t\t\t<div class=\"elementor-container elementor-column-gap-default\">\n\t\t\t\t\t<div class=\"elementor-column elementor-col-100 elementor-top-column elementor-element elementor-element-e7a72e6\" data-id=\"e7a72e6\" data-element_type=\"column\" data-e-type=\"column\">\n\t\t\t<div class=\"elementor-widget-wrap elementor-element-populated\">\n\t\t\t\t\t\t<section class=\"elementor-section elementor-inner-section elementor-element elementor-element-0d2d2dd elementor-section-boxed elementor-section-height-default elementor-section-height-default\" data-id=\"0d2d2dd\" data-element_type=\"section\" data-e-type=\"section\" data-settings=\"{&quot;background_background&quot;:&quot;classic&quot;}\">\n\t\t\t\t\t\t<div class=\"elementor-container elementor-column-gap-default\">\n\t\t\t\t\t<div class=\"elementor-column elementor-col-100 elementor-inner-column elementor-element elementor-element-4ce28fa\" data-id=\"4ce28fa\" data-element_type=\"column\" data-e-type=\"column\">\n\t\t\t<div class=\"elementor-widget-wrap elementor-element-populated\">\n\t\t\t\t\t\t<div class=\"elementor-element elementor-element-da1188f elementor-widget elementor-widget-text-editor\" data-id=\"da1188f\" data-element_type=\"widget\" data-e-type=\"widget\" data-widget_type=\"text-editor.default\">\n\t\t\t\t<div class=\"elementor-widget-container\">\n\t\t\t\t\t\t\t\t\t<p style=\"text-align: center;\"><strong>\u00bfQuieres involucrarte?<\/strong> <\/p>\n<p style=\"text-align: center;\">Abrimos una &#8216; <strong>invitaci\u00f3n a licitar<\/strong> &#8216; para aquellos que deseen apoyar este emocionante desarrollo para que se comuniquen con nosotros en <a href=\"mailto:enquiries@twpl.com\">enquiries@twpl.com<\/a> para obtener m\u00e1s informaci\u00f3n.<\/p>\n\t\t\t\t\t\t\t\t<\/div>\n\t\t\t\t<\/div>\n\t\t\t\t\t<\/div>\n\t\t<\/div>\n\t\t\t\t\t<\/div>\n\t\t<\/section>\n\t\t\t\t\t<\/div>\n\t\t<\/div>\n\t\t\t\t\t<\/div>\n\t\t<\/section>\n\t\t\t\t<section class=\"elementor-section elementor-top-section elementor-element elementor-element-2be049b elementor-section-height-min-height elementor-section-boxed elementor-section-height-default elementor-section-items-middle\" data-id=\"2be049b\" data-element_type=\"section\" data-e-type=\"section\" data-settings=\"{&quot;background_background&quot;:&quot;classic&quot;}\">\n\t\t\t\t\t\t\t<div class=\"elementor-background-overlay\"><\/div>\n\t\t\t\t\t\t\t<div class=\"elementor-container elementor-column-gap-default\">\n\t\t\t\t\t<div class=\"elementor-column elementor-col-100 elementor-top-column elementor-element elementor-element-82c7e5f\" data-id=\"82c7e5f\" data-element_type=\"column\" data-e-type=\"column\">\n\t\t\t<div class=\"elementor-widget-wrap elementor-element-populated\">\n\t\t\t\t\t\t<section class=\"elementor-section elementor-inner-section elementor-element elementor-element-e2b18a9 elementor-section-boxed elementor-section-height-default elementor-section-height-default\" data-id=\"e2b18a9\" data-element_type=\"section\" data-e-type=\"section\">\n\t\t\t\t\t\t<div class=\"elementor-container elementor-column-gap-default\">\n\t\t\t\t\t<div class=\"elementor-column elementor-col-50 elementor-inner-column elementor-element elementor-element-414b1c4\" data-id=\"414b1c4\" data-element_type=\"column\" data-e-type=\"column\">\n\t\t\t<div class=\"elementor-widget-wrap elementor-element-populated\">\n\t\t\t\t\t\t<div class=\"elementor-element elementor-element-53f89be elementor-align-right elementor-widget elementor-widget-button\" data-id=\"53f89be\" data-element_type=\"widget\" data-e-type=\"widget\" data-widget_type=\"button.default\">\n\t\t\t\t<div class=\"elementor-widget-container\">\n\t\t\t\t\t\t\t\t\t<div class=\"elementor-button-wrapper\">\n\t\t\t\t\t<a class=\"elementor-button elementor-button-link elementor-size-sm\" href=\"https:\/\/www.decisionsupporttools.com\/es\/contacto\/\">\n\t\t\t\t\t\t<span class=\"elementor-button-content-wrapper\">\n\t\t\t\t\t\t\t\t\t<span class=\"elementor-button-text\">Cont\u00e1ctenos<\/span>\n\t\t\t\t\t<\/span>\n\t\t\t\t\t<\/a>\n\t\t\t\t<\/div>\n\t\t\t\t\t\t\t\t<\/div>\n\t\t\t\t<\/div>\n\t\t\t\t\t<\/div>\n\t\t<\/div>\n\t\t\t\t<div class=\"elementor-column elementor-col-50 elementor-inner-column elementor-element elementor-element-c93679b\" data-id=\"c93679b\" data-element_type=\"column\" data-e-type=\"column\">\n\t\t\t<div class=\"elementor-widget-wrap elementor-element-populated\">\n\t\t\t\t\t\t<div class=\"elementor-element elementor-element-c360297 elementor-widget elementor-widget-heading\" data-id=\"c360297\" data-element_type=\"widget\" data-e-type=\"widget\" data-widget_type=\"heading.default\">\n\t\t\t\t<div class=\"elementor-widget-container\">\n\t\t\t\t\t<h2 class=\"elementor-heading-title elementor-size-default\">Cont\u00e1ctenos<\/h2>\t\t\t\t<\/div>\n\t\t\t\t<\/div>\n\t\t\t\t<div class=\"elementor-element elementor-element-1f416b8 elementor-widget elementor-widget-text-editor\" data-id=\"1f416b8\" data-element_type=\"widget\" data-e-type=\"widget\" data-widget_type=\"text-editor.default\">\n\t\t\t\t<div class=\"elementor-widget-container\">\n\t\t\t\t\t\t\t\t\t<p>Estaremos encantados de hablar contigo y saber c\u00f3mo podemos ayudarte a ti y a tu empresa.<\/p>\n\t\t\t\t\t\t\t\t<\/div>\n\t\t\t\t<\/div>\n\t\t\t\t\t<\/div>\n\t\t<\/div>\n\t\t\t\t\t<\/div>\n\t\t<\/section>\n\t\t\t\t<div class=\"elementor-element elementor-element-13f8379 elementor-widget elementor-widget-spacer\" data-id=\"13f8379\" data-element_type=\"widget\" data-e-type=\"widget\" data-widget_type=\"spacer.default\">\n\t\t\t\t<div class=\"elementor-widget-container\">\n\t\t\t\t\t\t\t<div class=\"elementor-spacer\">\n\t\t\t<div class=\"elementor-spacer-inner\"><\/div>\n\t\t<\/div>\n\t\t\t\t\t\t<\/div>\n\t\t\t\t<\/div>\n\t\t\t\t\t<\/div>\n\t\t<\/div>\n\t\t\t\t\t<\/div>\n\t\t<\/section>\n\t\t\t\t<\/div>\n\t\t","protected":false},"excerpt":{"rendered":"<p>Nuevas innovaciones Los m\u00f3dulos DST existentes brindan las capacidades principales para transformar la forma en que se eval\u00faa y justifica el CapEx de una organizaci\u00f3n y la cartera\/los programas se [&hellip;]<\/p>\n","protected":false},"author":2,"featured_media":0,"parent":0,"menu_order":0,"comment_status":"closed","ping_status":"closed","template":"elementor_header_footer","meta":{"_acf_changed":false,"om_disable_all_campaigns":false,"_uf_show_specific_survey":0,"_uf_disable_surveys":false,"_price":"","_stock":"","_tribe_ticket_header":"","_tribe_default_ticket_provider":"","_tribe_ticket_capacity":"0","_ticket_start_date":"","_ticket_end_date":"","_tribe_ticket_show_description":"","_tribe_ticket_show_not_going":false,"_tribe_ticket_use_global_stock":"","_tribe_ticket_global_stock_level":"","_global_stock_mode":"","_global_stock_cap":"","_tribe_rsvp_for_event":"","_tribe_ticket_going_count":"","_tribe_ticket_not_going_count":"","_tribe_tickets_list":"[]","_tribe_ticket_has_attendee_info_fields":false,"footnotes":"","_tec_slr_enabled":"","_tec_slr_layout":""},"class_list":["post-1048","page","type-page","status-publish","hentry"],"acf":[],"yoast_head":"<!-- This site is optimized with the Yoast SEO Premium plugin v27.2 (Yoast SEO v27.2) - https:\/\/yoast.com\/product\/yoast-seo-premium-wordpress\/ -->\n<title>Nuevas innovaciones - Decision Support Tools<\/title>\n<meta name=\"robots\" content=\"index, follow, max-snippet:-1, max-image-preview:large, max-video-preview:-1\" \/>\n<link rel=\"canonical\" href=\"https:\/\/www.decisionsupporttools.com\/es\/productos-y-servicios-duplicado-513\/\" \/>\n<meta property=\"og:locale\" content=\"es_ES\" \/>\n<meta property=\"og:type\" content=\"article\" \/>\n<meta property=\"og:title\" content=\"Nuevas innovaciones\" \/>\n<meta property=\"og:description\" content=\"Nuevas innovaciones Los m\u00f3dulos DST existentes brindan las capacidades principales para transformar la forma en que se eval\u00faa y justifica el CapEx de una organizaci\u00f3n y la cartera\/los programas se [&hellip;]\" \/>\n<meta property=\"og:url\" content=\"https:\/\/www.decisionsupporttools.com\/es\/productos-y-servicios-duplicado-513\/\" \/>\n<meta property=\"og:site_name\" content=\"Decision Support Tools\" \/>\n<meta property=\"article:modified_time\" content=\"2023-02-13T14:40:34+00:00\" \/>\n<meta property=\"og:image\" content=\"https:\/\/www.decisionsupporttools.com\/wp-content\/uploads\/sites\/8\/2023\/02\/DST-Assessment-tool-kit-capture.PNG\" \/>\n\t<meta property=\"og:image:width\" content=\"1099\" \/>\n\t<meta property=\"og:image:height\" content=\"911\" \/>\n\t<meta property=\"og:image:type\" content=\"image\/png\" \/>\n<meta name=\"twitter:card\" content=\"summary_large_image\" \/>\n<meta name=\"twitter:label1\" content=\"Est. reading time\" \/>\n\t<meta name=\"twitter:data1\" content=\"2 minutos\" \/>\n<script type=\"application\/ld+json\" class=\"yoast-schema-graph\">{\"@context\":\"https:\/\/schema.org\",\"@graph\":[{\"@type\":\"WebPage\",\"@id\":\"https:\/\/www.decisionsupporttools.com\/es\/productos-y-servicios-duplicado-513\/\",\"url\":\"https:\/\/www.decisionsupporttools.com\/es\/productos-y-servicios-duplicado-513\/\",\"name\":\"Nuevas innovaciones - Decision Support Tools\",\"isPartOf\":{\"@id\":\"https:\/\/www.decisionsupporttools.com\/es\/#website\"},\"primaryImageOfPage\":{\"@id\":\"https:\/\/www.decisionsupporttools.com\/es\/productos-y-servicios-duplicado-513\/#primaryimage\"},\"image\":{\"@id\":\"https:\/\/www.decisionsupporttools.com\/es\/productos-y-servicios-duplicado-513\/#primaryimage\"},\"thumbnailUrl\":\"https:\/\/www.decisionsupporttools.com\/wp-content\/uploads\/sites\/8\/2023\/02\/DST-Assessment-tool-kit-capture-1024x849.png\",\"datePublished\":\"2023-02-13T14:37:54+00:00\",\"dateModified\":\"2023-02-13T14:40:34+00:00\",\"breadcrumb\":{\"@id\":\"https:\/\/www.decisionsupporttools.com\/es\/productos-y-servicios-duplicado-513\/#breadcrumb\"},\"inLanguage\":\"es\",\"potentialAction\":[{\"@type\":\"ReadAction\",\"target\":[\"https:\/\/www.decisionsupporttools.com\/es\/productos-y-servicios-duplicado-513\/\"]}]},{\"@type\":\"ImageObject\",\"inLanguage\":\"es\",\"@id\":\"https:\/\/www.decisionsupporttools.com\/es\/productos-y-servicios-duplicado-513\/#primaryimage\",\"url\":\"https:\/\/www.decisionsupporttools.com\/wp-content\/uploads\/sites\/8\/2023\/02\/DST-Assessment-tool-kit-capture-1024x849.png\",\"contentUrl\":\"https:\/\/www.decisionsupporttools.com\/wp-content\/uploads\/sites\/8\/2023\/02\/DST-Assessment-tool-kit-capture-1024x849.png\"},{\"@type\":\"BreadcrumbList\",\"@id\":\"https:\/\/www.decisionsupporttools.com\/es\/productos-y-servicios-duplicado-513\/#breadcrumb\",\"itemListElement\":[{\"@type\":\"ListItem\",\"position\":1,\"name\":\"Home\",\"item\":\"https:\/\/www.decisionsupporttools.com\/es\/\"},{\"@type\":\"ListItem\",\"position\":2,\"name\":\"Nuevas innovaciones\"}]},{\"@type\":\"WebSite\",\"@id\":\"https:\/\/www.decisionsupporttools.com\/es\/#website\",\"url\":\"https:\/\/www.decisionsupporttools.com\/es\/\",\"name\":\"Decision Support Tools\",\"description\":\"Decision Support Tools\",\"publisher\":{\"@id\":\"https:\/\/www.decisionsupporttools.com\/es\/#organization\"},\"potentialAction\":[{\"@type\":\"SearchAction\",\"target\":{\"@type\":\"EntryPoint\",\"urlTemplate\":\"https:\/\/www.decisionsupporttools.com\/es\/?s={search_term_string}\"},\"query-input\":{\"@type\":\"PropertyValueSpecification\",\"valueRequired\":true,\"valueName\":\"search_term_string\"}}],\"inLanguage\":\"es\"},{\"@type\":\"Organization\",\"@id\":\"https:\/\/www.decisionsupporttools.com\/es\/#organization\",\"name\":\"Decision Support Tools\",\"url\":\"https:\/\/www.decisionsupporttools.com\/es\/\",\"logo\":{\"@type\":\"ImageObject\",\"inLanguage\":\"es\",\"@id\":\"https:\/\/www.decisionsupporttools.com\/es\/#\/schema\/logo\/image\/\",\"url\":\"https:\/\/www.decisionsupporttools.com\/wp-content\/uploads\/sites\/8\/2021\/09\/DST-Website-Logo_240x111_v2.png\",\"contentUrl\":\"https:\/\/www.decisionsupporttools.com\/wp-content\/uploads\/sites\/8\/2021\/09\/DST-Website-Logo_240x111_v2.png\",\"width\":240,\"height\":111,\"caption\":\"Decision Support Tools\"},\"image\":{\"@id\":\"https:\/\/www.decisionsupporttools.com\/es\/#\/schema\/logo\/image\/\"}}]}<\/script>\n<!-- \/ Yoast SEO Premium plugin. -->","yoast_head_json":{"title":"Nuevas innovaciones - Decision Support Tools","robots":{"index":"index","follow":"follow","max-snippet":"max-snippet:-1","max-image-preview":"max-image-preview:large","max-video-preview":"max-video-preview:-1"},"canonical":"https:\/\/www.decisionsupporttools.com\/es\/productos-y-servicios-duplicado-513\/","og_locale":"es_ES","og_type":"article","og_title":"Nuevas innovaciones","og_description":"Nuevas innovaciones Los m\u00f3dulos DST existentes brindan las capacidades principales para transformar la forma en que se eval\u00faa y justifica el CapEx de una organizaci\u00f3n y la cartera\/los programas se [&hellip;]","og_url":"https:\/\/www.decisionsupporttools.com\/es\/productos-y-servicios-duplicado-513\/","og_site_name":"Decision Support Tools","article_modified_time":"2023-02-13T14:40:34+00:00","og_image":[{"width":1099,"height":911,"url":"https:\/\/www.decisionsupporttools.com\/wp-content\/uploads\/sites\/8\/2023\/02\/DST-Assessment-tool-kit-capture.PNG","type":"image\/png"}],"twitter_card":"summary_large_image","twitter_misc":{"Est. reading time":"2 minutos"},"schema":{"@context":"https:\/\/schema.org","@graph":[{"@type":"WebPage","@id":"https:\/\/www.decisionsupporttools.com\/es\/productos-y-servicios-duplicado-513\/","url":"https:\/\/www.decisionsupporttools.com\/es\/productos-y-servicios-duplicado-513\/","name":"Nuevas innovaciones - Decision Support Tools","isPartOf":{"@id":"https:\/\/www.decisionsupporttools.com\/es\/#website"},"primaryImageOfPage":{"@id":"https:\/\/www.decisionsupporttools.com\/es\/productos-y-servicios-duplicado-513\/#primaryimage"},"image":{"@id":"https:\/\/www.decisionsupporttools.com\/es\/productos-y-servicios-duplicado-513\/#primaryimage"},"thumbnailUrl":"https:\/\/www.decisionsupporttools.com\/wp-content\/uploads\/sites\/8\/2023\/02\/DST-Assessment-tool-kit-capture-1024x849.png","datePublished":"2023-02-13T14:37:54+00:00","dateModified":"2023-02-13T14:40:34+00:00","breadcrumb":{"@id":"https:\/\/www.decisionsupporttools.com\/es\/productos-y-servicios-duplicado-513\/#breadcrumb"},"inLanguage":"es","potentialAction":[{"@type":"ReadAction","target":["https:\/\/www.decisionsupporttools.com\/es\/productos-y-servicios-duplicado-513\/"]}]},{"@type":"ImageObject","inLanguage":"es","@id":"https:\/\/www.decisionsupporttools.com\/es\/productos-y-servicios-duplicado-513\/#primaryimage","url":"https:\/\/www.decisionsupporttools.com\/wp-content\/uploads\/sites\/8\/2023\/02\/DST-Assessment-tool-kit-capture-1024x849.png","contentUrl":"https:\/\/www.decisionsupporttools.com\/wp-content\/uploads\/sites\/8\/2023\/02\/DST-Assessment-tool-kit-capture-1024x849.png"},{"@type":"BreadcrumbList","@id":"https:\/\/www.decisionsupporttools.com\/es\/productos-y-servicios-duplicado-513\/#breadcrumb","itemListElement":[{"@type":"ListItem","position":1,"name":"Home","item":"https:\/\/www.decisionsupporttools.com\/es\/"},{"@type":"ListItem","position":2,"name":"Nuevas innovaciones"}]},{"@type":"WebSite","@id":"https:\/\/www.decisionsupporttools.com\/es\/#website","url":"https:\/\/www.decisionsupporttools.com\/es\/","name":"Decision Support Tools","description":"Decision Support Tools","publisher":{"@id":"https:\/\/www.decisionsupporttools.com\/es\/#organization"},"potentialAction":[{"@type":"SearchAction","target":{"@type":"EntryPoint","urlTemplate":"https:\/\/www.decisionsupporttools.com\/es\/?s={search_term_string}"},"query-input":{"@type":"PropertyValueSpecification","valueRequired":true,"valueName":"search_term_string"}}],"inLanguage":"es"},{"@type":"Organization","@id":"https:\/\/www.decisionsupporttools.com\/es\/#organization","name":"Decision Support Tools","url":"https:\/\/www.decisionsupporttools.com\/es\/","logo":{"@type":"ImageObject","inLanguage":"es","@id":"https:\/\/www.decisionsupporttools.com\/es\/#\/schema\/logo\/image\/","url":"https:\/\/www.decisionsupporttools.com\/wp-content\/uploads\/sites\/8\/2021\/09\/DST-Website-Logo_240x111_v2.png","contentUrl":"https:\/\/www.decisionsupporttools.com\/wp-content\/uploads\/sites\/8\/2021\/09\/DST-Website-Logo_240x111_v2.png","width":240,"height":111,"caption":"Decision Support Tools"},"image":{"@id":"https:\/\/www.decisionsupporttools.com\/es\/#\/schema\/logo\/image\/"}}]}},"ticketed":false,"_links":{"self":[{"href":"https:\/\/www.decisionsupporttools.com\/es\/wp-json\/wp\/v2\/pages\/1048","targetHints":{"allow":["GET"]}}],"collection":[{"href":"https:\/\/www.decisionsupporttools.com\/es\/wp-json\/wp\/v2\/pages"}],"about":[{"href":"https:\/\/www.decisionsupporttools.com\/es\/wp-json\/wp\/v2\/types\/page"}],"author":[{"embeddable":true,"href":"https:\/\/www.decisionsupporttools.com\/es\/wp-json\/wp\/v2\/users\/2"}],"replies":[{"embeddable":true,"href":"https:\/\/www.decisionsupporttools.com\/es\/wp-json\/wp\/v2\/comments?post=1048"}],"version-history":[{"count":0,"href":"https:\/\/www.decisionsupporttools.com\/es\/wp-json\/wp\/v2\/pages\/1048\/revisions"}],"wp:attachment":[{"href":"https:\/\/www.decisionsupporttools.com\/es\/wp-json\/wp\/v2\/media?parent=1048"}],"curies":[{"name":"wp","href":"https:\/\/api.w.org\/{rel}","templated":true}]}}