{"id":1960,"date":"2026-01-14T12:38:04","date_gmt":"2026-01-14T12:38:04","guid":{"rendered":"https:\/\/www.decisionsupporttools.com\/solicitud-de-demostracion-de-dst\/"},"modified":"2026-02-05T17:25:51","modified_gmt":"2026-02-05T17:25:51","slug":"solicitud-de-demostracion-de-dst","status":"publish","type":"page","link":"https:\/\/www.decisionsupporttools.com\/es\/solicitud-de-demostracion-de-dst\/","title":{"rendered":"Solicitud de demostraci\u00f3n de DST"},"content":{"rendered":"\t\t<div data-elementor-type=\"wp-page\" data-elementor-id=\"1960\" class=\"elementor elementor-1960 elementor-1956\" data-elementor-post-type=\"page\">\n\t\t\t\t\t\t<section class=\"elementor-section elementor-top-section elementor-element elementor-element-1f522462 elementor-section-height-min-height elementor-section-boxed elementor-section-height-default elementor-section-items-middle\" data-id=\"1f522462\" data-element_type=\"section\" data-e-type=\"section\" data-settings=\"{&quot;background_background&quot;:&quot;classic&quot;}\">\n\t\t\t\t\t\t<div class=\"elementor-container elementor-column-gap-default\">\n\t\t\t\t\t<div class=\"elementor-column elementor-col-100 elementor-top-column elementor-element elementor-element-33865a07\" data-id=\"33865a07\" data-element_type=\"column\" data-e-type=\"column\">\n\t\t\t<div class=\"elementor-widget-wrap elementor-element-populated\">\n\t\t\t\t\t\t<div class=\"elementor-element elementor-element-42f48ef8 elementor-widget elementor-widget-heading\" data-id=\"42f48ef8\" data-element_type=\"widget\" data-e-type=\"widget\" data-widget_type=\"heading.default\">\n\t\t\t\t<div class=\"elementor-widget-container\">\n\t\t\t\t\t<h1 class=\"elementor-heading-title elementor-size-default\">Solicite su demostraci\u00f3n personalizada  <\/h1>\t\t\t\t<\/div>\n\t\t\t\t<\/div>\n\t\t\t\t\t<\/div>\n\t\t<\/div>\n\t\t\t\t\t<\/div>\n\t\t<\/section>\n\t\t\t\t<section class=\"elementor-section elementor-top-section elementor-element elementor-element-bbb93ce elementor-section-boxed elementor-section-height-default elementor-section-height-default\" data-id=\"bbb93ce\" data-element_type=\"section\" data-e-type=\"section\">\n\t\t\t\t\t\t<div class=\"elementor-container elementor-column-gap-default\">\n\t\t\t\t\t<div class=\"elementor-column elementor-col-100 elementor-top-column elementor-element elementor-element-0c8de90\" data-id=\"0c8de90\" data-element_type=\"column\" data-e-type=\"column\">\n\t\t\t<div class=\"elementor-widget-wrap elementor-element-populated\">\n\t\t\t\t\t\t<div class=\"elementor-element elementor-element-9280e92 elementor-widget elementor-widget-spacer\" data-id=\"9280e92\" data-element_type=\"widget\" data-e-type=\"widget\" data-widget_type=\"spacer.default\">\n\t\t\t\t<div class=\"elementor-widget-container\">\n\t\t\t\t\t\t\t<div class=\"elementor-spacer\">\n\t\t\t<div class=\"elementor-spacer-inner\"><\/div>\n\t\t<\/div>\n\t\t\t\t\t\t<\/div>\n\t\t\t\t<\/div>\n\t\t\t\t\t<\/div>\n\t\t<\/div>\n\t\t\t\t\t<\/div>\n\t\t<\/section>\n\t\t\t\t<section class=\"elementor-section elementor-top-section elementor-element elementor-element-91db024 elementor-section-boxed elementor-section-height-default elementor-section-height-default\" data-id=\"91db024\" data-element_type=\"section\" data-e-type=\"section\">\n\t\t\t\t\t\t<div class=\"elementor-container elementor-column-gap-default\">\n\t\t\t\t\t<div class=\"elementor-column elementor-col-100 elementor-top-column elementor-element elementor-element-5680d43\" data-id=\"5680d43\" data-element_type=\"column\" data-e-type=\"column\">\n\t\t\t<div class=\"elementor-widget-wrap elementor-element-populated\">\n\t\t\t\t\t\t<div class=\"elementor-element elementor-element-8dda623 elementor-widget elementor-widget-heading\" data-id=\"8dda623\" data-element_type=\"widget\" data-e-type=\"widget\" data-widget_type=\"heading.default\">\n\t\t\t\t<div class=\"elementor-widget-container\">\n\t\t\t\t\t<h2 class=\"elementor-heading-title elementor-size-default\">\u00bfListo para tomar decisiones m\u00e1s inteligentes y r\u00e1pidas? Experimente nuestras herramientas de apoyo a la toma de decisiones en vivo: \u00a1reserve su demo hoy mismo! <\/h2>\t\t\t\t<\/div>\n\t\t\t\t<\/div>\n\t\t\t\t\t<\/div>\n\t\t<\/div>\n\t\t\t\t\t<\/div>\n\t\t<\/section>\n\t\t\t\t<section class=\"elementor-section elementor-top-section elementor-element elementor-element-2da2d97 elementor-section-boxed elementor-section-height-default elementor-section-height-default\" data-id=\"2da2d97\" data-element_type=\"section\" data-e-type=\"section\">\n\t\t\t\t\t\t<div class=\"elementor-container elementor-column-gap-default\">\n\t\t\t\t\t<div class=\"elementor-column elementor-col-100 elementor-top-column elementor-element elementor-element-fc6b86a\" data-id=\"fc6b86a\" data-element_type=\"column\" data-e-type=\"column\">\n\t\t\t<div class=\"elementor-widget-wrap elementor-element-populated\">\n\t\t\t\t\t\t<div class=\"elementor-element elementor-element-3043b99 elementor-widget elementor-widget-spacer\" data-id=\"3043b99\" data-element_type=\"widget\" data-e-type=\"widget\" data-widget_type=\"spacer.default\">\n\t\t\t\t<div class=\"elementor-widget-container\">\n\t\t\t\t\t\t\t<div class=\"elementor-spacer\">\n\t\t\t<div class=\"elementor-spacer-inner\"><\/div>\n\t\t<\/div>\n\t\t\t\t\t\t<\/div>\n\t\t\t\t<\/div>\n\t\t\t\t\t<\/div>\n\t\t<\/div>\n\t\t\t\t\t<\/div>\n\t\t<\/section>\n\t\t\t\t<section class=\"elementor-section elementor-top-section elementor-element elementor-element-e7d25cc elementor-section-height-min-height elementor-section-boxed elementor-section-height-default elementor-section-items-middle\" data-id=\"e7d25cc\" data-element_type=\"section\" data-e-type=\"section\" data-settings=\"{&quot;background_background&quot;:&quot;classic&quot;}\">\n\t\t\t\t\t\t\t<div class=\"elementor-background-overlay\"><\/div>\n\t\t\t\t\t\t\t<div class=\"elementor-container elementor-column-gap-default\">\n\t\t\t\t\t<div class=\"elementor-column elementor-col-100 elementor-top-column elementor-element elementor-element-387c8fe\" data-id=\"387c8fe\" data-element_type=\"column\" data-e-type=\"column\" data-settings=\"{&quot;background_background&quot;:&quot;classic&quot;}\">\n\t\t\t<div class=\"elementor-widget-wrap elementor-element-populated\">\n\t\t\t\t\t\t<div class=\"elementor-element elementor-element-562db7d elementor-button-align-end elementor-widget elementor-widget-form\" data-id=\"562db7d\" data-element_type=\"widget\" data-e-type=\"widget\" data-settings=\"{&quot;step_next_label&quot;:&quot;pr\\u00f3ximo&quot;,&quot;step_previous_label&quot;:&quot;Anterior&quot;,&quot;button_width&quot;:&quot;100&quot;,&quot;step_type&quot;:&quot;number_text&quot;,&quot;step_icon_shape&quot;:&quot;circle&quot;}\" data-widget_type=\"form.default\">\n\t\t\t\t<div class=\"elementor-widget-container\">\n\t\t\t\t\t\t\t<form class=\"elementor-form\" method=\"post\" name=\"Nueva forma\" aria-label=\"Nueva forma\">\n\t\t\t<input type=\"hidden\" name=\"post_id\" value=\"1960\"\/>\n\t\t\t<input type=\"hidden\" name=\"form_id\" value=\"562db7d\"\/>\n\t\t\t<input type=\"hidden\" name=\"referer_title\" value=\"Solicitud de demostraci\u00f3n de DST - Decision Support Tools\" \/>\n\n\t\t\t\t\t\t\t<input type=\"hidden\" name=\"queried_id\" value=\"1960\"\/>\n\t\t\t\n\t\t\t<div class=\"elementor-form-fields-wrapper elementor-labels-\">\n\t\t\t\t\t\t\t\t<div class=\"elementor-field-type-text elementor-field-group elementor-column elementor-field-group-name elementor-col-50\">\n\t\t\t\t\t\t\t\t\t\t\t\t<label for=\"form-field-name\" class=\"elementor-field-label elementor-screen-only\">\n\t\t\t\t\t\t\t\tNombre completo\t\t\t\t\t\t\t<\/label>\n\t\t\t\t\t\t\t\t\t\t\t\t\t\t<input size=\"1\" type=\"text\" name=\"form_fields[name]\" id=\"form-field-name\" class=\"elementor-field elementor-size-md  elementor-field-textual\" placeholder=\"Nombre\">\n\t\t\t\t\t\t\t\t\t\t\t<\/div>\n\t\t\t\t\t\t\t\t<div class=\"elementor-field-type-email elementor-field-group elementor-column elementor-field-group-email elementor-col-50 elementor-field-required\">\n\t\t\t\t\t\t\t\t\t\t\t\t<label for=\"form-field-email\" class=\"elementor-field-label elementor-screen-only\">\n\t\t\t\t\t\t\t\tCorreo electr\u00f3nico\t\t\t\t\t\t\t<\/label>\n\t\t\t\t\t\t\t\t\t\t\t\t\t\t<input size=\"1\" type=\"email\" name=\"form_fields[email]\" id=\"form-field-email\" class=\"elementor-field elementor-size-md  elementor-field-textual\" placeholder=\"Correo electr\u00f3nico\" required=\"required\">\n\t\t\t\t\t\t\t\t\t\t\t<\/div>\n\t\t\t\t\t\t\t\t<div class=\"elementor-field-type-tel elementor-field-group elementor-column elementor-field-group-field_1 elementor-col-50 elementor-field-required\">\n\t\t\t\t\t\t\t\t\t\t\t\t<label for=\"form-field-field_1\" class=\"elementor-field-label elementor-screen-only\">\n\t\t\t\t\t\t\t\tN\u00famero de contacto  \t\t\t\t\t\t\t<\/label>\n\t\t\t\t\t\t\t\t<input size=\"1\" type=\"tel\" name=\"form_fields[field_1]\" id=\"form-field-field_1\" class=\"elementor-field elementor-size-md  elementor-field-textual\" placeholder=\"N\u00famero de contacto  \" required=\"required\" pattern=\"[0-9()#&amp;+*-=.]+\" title=\"Solo se aceptan n\u00fameros y caracteres de tel\u00e9fono (#,-,*,etc).\">\n\n\t\t\t\t\t\t<\/div>\n\t\t\t\t\t\t\t\t<div class=\"elementor-field-type-text elementor-field-group elementor-column elementor-field-group-field_2 elementor-col-50 elementor-field-required\">\n\t\t\t\t\t\t\t\t\t\t\t\t<label for=\"form-field-field_2\" class=\"elementor-field-label elementor-screen-only\">\n\t\t\t\t\t\t\t\tCompa\u00f1\u00eda  \t\t\t\t\t\t\t<\/label>\n\t\t\t\t\t\t\t\t\t\t\t\t\t\t<input size=\"1\" type=\"text\" name=\"form_fields[field_2]\" id=\"form-field-field_2\" class=\"elementor-field elementor-size-md  elementor-field-textual\" placeholder=\"Compa\u00f1\u00eda  \" required=\"required\">\n\t\t\t\t\t\t\t\t\t\t\t<\/div>\n\t\t\t\t\t\t\t\t<div class=\"elementor-field-type-textarea elementor-field-group elementor-column elementor-field-group-message elementor-col-100\">\n\t\t\t\t\t\t\t\t\t\t\t\t<label for=\"form-field-message\" class=\"elementor-field-label elementor-screen-only\">\n\t\t\t\t\t\t\t\tComparta con nosotros sus desaf\u00edos en la toma de decisiones\t\t\t\t\t\t\t<\/label>\n\t\t\t\t\t\t<textarea class=\"elementor-field-textual elementor-field  elementor-size-md\" name=\"form_fields[message]\" id=\"form-field-message\" rows=\"6\" placeholder=\"Comparta con nosotros sus desaf\u00edos en la toma de decisiones\"><\/textarea>\t\t\t\t<\/div>\n\t\t\t\t\t\t\t\t<div class=\"elementor-field-type-recaptcha_v3 elementor-field-group elementor-column elementor-field-group-field_0a845ea elementor-col-100 recaptcha_v3-bottomright\">\n\t\t\t\t\t<div class=\"elementor-field\" id=\"form-field-field_0a845ea\"><div class=\"elementor-g-recaptcha\" data-sitekey=\"6Lf6No4dAAAAAP3CXf1YZZUhKm4tooLGIhuuSnNw\" data-type=\"v3\" data-action=\"Form\" data-badge=\"bottomright\" data-size=\"invisible\"><\/div><\/div>\t\t\t\t<\/div>\n\t\t\t\t\t\t\t\t<div class=\"elementor-field-group elementor-column elementor-field-type-submit elementor-col-100 e-form__buttons\">\n\t\t\t\t\t<button class=\"elementor-button elementor-size-md\" type=\"submit\">\n\t\t\t\t\t\t<span class=\"elementor-button-content-wrapper\">\n\t\t\t\t\t\t\t\t\t\t\t\t\t\t\t<span class=\"elementor-button-icon\">\n\t\t\t\t\t\t\t\t\t<i aria-hidden=\"true\" class=\"fas fa-long-arrow-alt-right\"><\/i>\t\t\t\t\t\t\t\t\t\t\t\t\t\t\t\t\t<\/span>\n\t\t\t\t\t\t\t\t\t\t\t\t\t\t\t\t\t\t\t\t\t\t<span class=\"elementor-button-text\">Env\u00ede su solicitud  <\/span>\n\t\t\t\t\t\t\t\t\t\t\t\t\t<\/span>\n\t\t\t\t\t<\/button>\n\t\t\t\t<\/div>\n\t\t\t<\/div>\n\t\t<\/form>\n\t\t\t\t\t\t<\/div>\n\t\t\t\t<\/div>\n\t\t\t\t\t<\/div>\n\t\t<\/div>\n\t\t\t\t\t<\/div>\n\t\t<\/section>\n\t\t\t\t<section class=\"elementor-section elementor-top-section elementor-element elementor-element-ea8b0ac elementor-section-boxed elementor-section-height-default elementor-section-height-default\" data-id=\"ea8b0ac\" data-element_type=\"section\" data-e-type=\"section\">\n\t\t\t\t\t\t<div class=\"elementor-container elementor-column-gap-default\">\n\t\t\t\t\t<div class=\"elementor-column elementor-col-100 elementor-top-column elementor-element elementor-element-5a4e191\" data-id=\"5a4e191\" data-element_type=\"column\" data-e-type=\"column\">\n\t\t\t<div class=\"elementor-widget-wrap elementor-element-populated\">\n\t\t\t\t\t\t<section class=\"elementor-section elementor-inner-section elementor-element elementor-element-6ac6132 elementor-section-boxed elementor-section-height-default elementor-section-height-default\" data-id=\"6ac6132\" data-element_type=\"section\" data-e-type=\"section\">\n\t\t\t\t\t\t<div class=\"elementor-container elementor-column-gap-default\">\n\t\t\t\t\t<div class=\"elementor-column elementor-col-50 elementor-inner-column elementor-element elementor-element-b5b762f\" data-id=\"b5b762f\" data-element_type=\"column\" data-e-type=\"column\">\n\t\t\t<div class=\"elementor-widget-wrap elementor-element-populated\">\n\t\t\t\t\t\t<div class=\"elementor-element elementor-element-0b50295 elementor-widget__width-initial elementor-widget elementor-widget-heading\" data-id=\"0b50295\" data-element_type=\"widget\" data-e-type=\"widget\" data-widget_type=\"heading.default\">\n\t\t\t\t<div class=\"elementor-widget-container\">\n\t\t\t\t\t<h2 class=\"elementor-heading-title elementor-size-default\">Explora los beneficios<\/h2>\t\t\t\t<\/div>\n\t\t\t\t<\/div>\n\t\t\t\t\t<\/div>\n\t\t<\/div>\n\t\t\t\t<div class=\"elementor-column elementor-col-50 elementor-inner-column elementor-element elementor-element-6d46630\" data-id=\"6d46630\" data-element_type=\"column\" data-e-type=\"column\">\n\t\t\t<div class=\"elementor-widget-wrap elementor-element-populated\">\n\t\t\t\t\t\t<div class=\"elementor-element elementor-element-ccb2edd elementor-widget elementor-widget-text-editor\" data-id=\"ccb2edd\" data-element_type=\"widget\" data-e-type=\"widget\" data-widget_type=\"text-editor.default\">\n\t\t\t\t<div class=\"elementor-widget-container\">\n\t\t\t\t\t\t\t\t\t<p> <\/p><p><strong>Adaptado a usted:<\/strong> personalizamos la demostraci\u00f3n en funci\u00f3n de su industria y sus objetivos.<\/p><p><strong>Sesi\u00f3n interactiva:<\/strong> Haga preguntas y explore respuestas a las necesidades de su negocio.<\/p><p><strong>Configuraci\u00f3n r\u00e1pida:<\/strong> sin compromiso, solo una idea de c\u00f3mo podemos ayudarlo.<\/p><p>Da el primer paso hacia decisiones m\u00e1s inteligentes. Solicita tu demo ahora y descubre todo el potencial de nuestra plataforma. <\/p>\t\t\t\t\t\t\t\t<\/div>\n\t\t\t\t<\/div>\n\t\t\t\t\t<\/div>\n\t\t<\/div>\n\t\t\t\t\t<\/div>\n\t\t<\/section>\n\t\t\t\t\t<\/div>\n\t\t<\/div>\n\t\t\t\t\t<\/div>\n\t\t<\/section>\n\t\t\t\t<section class=\"elementor-section elementor-top-section elementor-element elementor-element-d641876 elementor-section-boxed elementor-section-height-default elementor-section-height-default\" data-id=\"d641876\" data-element_type=\"section\" data-e-type=\"section\">\n\t\t\t\t\t\t<div class=\"elementor-container elementor-column-gap-default\">\n\t\t\t\t\t<div class=\"elementor-column elementor-col-100 elementor-top-column elementor-element elementor-element-16ae7dd\" data-id=\"16ae7dd\" data-element_type=\"column\" data-e-type=\"column\">\n\t\t\t<div class=\"elementor-widget-wrap elementor-element-populated\">\n\t\t\t\t\t\t<div class=\"elementor-element elementor-element-5256c68 elementor-widget elementor-widget-spacer\" data-id=\"5256c68\" data-element_type=\"widget\" data-e-type=\"widget\" data-widget_type=\"spacer.default\">\n\t\t\t\t<div class=\"elementor-widget-container\">\n\t\t\t\t\t\t\t<div class=\"elementor-spacer\">\n\t\t\t<div class=\"elementor-spacer-inner\"><\/div>\n\t\t<\/div>\n\t\t\t\t\t\t<\/div>\n\t\t\t\t<\/div>\n\t\t\t\t\t<\/div>\n\t\t<\/div>\n\t\t\t\t\t<\/div>\n\t\t<\/section>\n\t\t\t\t<\/div>\n\t\t","protected":false},"excerpt":{"rendered":"<p>Solicite su demostraci\u00f3n personalizada \u00bfListo para tomar decisiones m\u00e1s inteligentes y r\u00e1pidas? Experimente nuestras herramientas de apoyo a la toma de decisiones en vivo: \u00a1reserve su demo hoy mismo! Explora [&hellip;]<\/p>\n","protected":false},"author":3362,"featured_media":0,"parent":0,"menu_order":0,"comment_status":"closed","ping_status":"closed","template":"elementor_header_footer","meta":{"_acf_changed":false,"om_disable_all_campaigns":false,"_uf_show_specific_survey":0,"_uf_disable_surveys":false,"_price":"","_stock":"","_tribe_ticket_header":"","_tribe_default_ticket_provider":"","_tribe_ticket_capacity":"0","_ticket_start_date":"","_ticket_end_date":"","_tribe_ticket_show_description":"","_tribe_ticket_show_not_going":false,"_tribe_ticket_use_global_stock":"","_tribe_ticket_global_stock_level":"","_global_stock_mode":"","_global_stock_cap":"","_tribe_rsvp_for_event":"","_tribe_ticket_going_count":"","_tribe_ticket_not_going_count":"","_tribe_tickets_list":"[]","_tribe_ticket_has_attendee_info_fields":false,"footnotes":"","_tec_slr_enabled":"","_tec_slr_layout":""},"class_list":["post-1960","page","type-page","status-publish","hentry"],"acf":[],"yoast_head":"<!-- This site is optimized with the Yoast SEO Premium plugin v27.2 (Yoast SEO v27.2) - https:\/\/yoast.com\/product\/yoast-seo-premium-wordpress\/ -->\n<title>Solicitud de demostraci\u00f3n de DST - Decision Support Tools<\/title>\n<meta name=\"description\" content=\"Experimente una toma de decisiones m\u00e1s inteligente con nuestras Herramientas de Apoyo a la Toma de Decisiones. Reserve hoy mismo una demostraci\u00f3n interactiva y personalizada: r\u00e1pida, sencilla y sin compromiso.\" \/>\n<meta name=\"robots\" content=\"index, follow, max-snippet:-1, max-image-preview:large, max-video-preview:-1\" \/>\n<link rel=\"canonical\" href=\"https:\/\/www.decisionsupporttools.com\/es\/solicitud-de-demostracion-de-dst\/\" \/>\n<meta property=\"og:locale\" content=\"es_ES\" \/>\n<meta property=\"og:type\" content=\"article\" \/>\n<meta property=\"og:title\" content=\"Solicitud de demostraci\u00f3n de DST\" \/>\n<meta property=\"og:description\" content=\"Experimente una toma de decisiones m\u00e1s inteligente con nuestras Herramientas de Apoyo a la Toma de Decisiones. Reserve hoy mismo una demostraci\u00f3n interactiva y personalizada: r\u00e1pida, sencilla y sin compromiso.\" \/>\n<meta property=\"og:url\" content=\"https:\/\/www.decisionsupporttools.com\/es\/solicitud-de-demostracion-de-dst\/\" \/>\n<meta property=\"og:site_name\" content=\"Decision Support Tools\" \/>\n<meta property=\"article:modified_time\" content=\"2026-02-05T17:25:51+00:00\" \/>\n<meta name=\"twitter:card\" content=\"summary_large_image\" \/>\n<meta name=\"twitter:label1\" content=\"Est. reading time\" \/>\n\t<meta name=\"twitter:data1\" content=\"1 minuto\" \/>\n<script type=\"application\/ld+json\" class=\"yoast-schema-graph\">{\"@context\":\"https:\/\/schema.org\",\"@graph\":[{\"@type\":\"WebPage\",\"@id\":\"https:\/\/www.decisionsupporttools.com\/es\/solicitud-de-demostracion-de-dst\/\",\"url\":\"https:\/\/www.decisionsupporttools.com\/es\/solicitud-de-demostracion-de-dst\/\",\"name\":\"Solicitud de demostraci\u00f3n de DST - Decision Support Tools\",\"isPartOf\":{\"@id\":\"https:\/\/www.decisionsupporttools.com\/es\/#website\"},\"datePublished\":\"2026-01-14T12:38:04+00:00\",\"dateModified\":\"2026-02-05T17:25:51+00:00\",\"description\":\"Experimente una toma de decisiones m\u00e1s inteligente con nuestras Herramientas de Apoyo a la Toma de Decisiones. Reserve hoy mismo una demostraci\u00f3n interactiva y personalizada: r\u00e1pida, sencilla y sin compromiso.\",\"breadcrumb\":{\"@id\":\"https:\/\/www.decisionsupporttools.com\/es\/solicitud-de-demostracion-de-dst\/#breadcrumb\"},\"inLanguage\":\"es\",\"potentialAction\":[{\"@type\":\"ReadAction\",\"target\":[\"https:\/\/www.decisionsupporttools.com\/es\/solicitud-de-demostracion-de-dst\/\"]}]},{\"@type\":\"BreadcrumbList\",\"@id\":\"https:\/\/www.decisionsupporttools.com\/es\/solicitud-de-demostracion-de-dst\/#breadcrumb\",\"itemListElement\":[{\"@type\":\"ListItem\",\"position\":1,\"name\":\"Home\",\"item\":\"https:\/\/www.decisionsupporttools.com\/es\/hogar\/\"},{\"@type\":\"ListItem\",\"position\":2,\"name\":\"Solicitud de demostraci\u00f3n de DST\"}]},{\"@type\":\"WebSite\",\"@id\":\"https:\/\/www.decisionsupporttools.com\/es\/#website\",\"url\":\"https:\/\/www.decisionsupporttools.com\/es\/\",\"name\":\"Decision Support Tools\",\"description\":\"Decision Support Tools\",\"publisher\":{\"@id\":\"https:\/\/www.decisionsupporttools.com\/es\/#organization\"},\"potentialAction\":[{\"@type\":\"SearchAction\",\"target\":{\"@type\":\"EntryPoint\",\"urlTemplate\":\"https:\/\/www.decisionsupporttools.com\/es\/?s={search_term_string}\"},\"query-input\":{\"@type\":\"PropertyValueSpecification\",\"valueRequired\":true,\"valueName\":\"search_term_string\"}}],\"inLanguage\":\"es\"},{\"@type\":\"Organization\",\"@id\":\"https:\/\/www.decisionsupporttools.com\/es\/#organization\",\"name\":\"Decision Support Tools\",\"url\":\"https:\/\/www.decisionsupporttools.com\/es\/\",\"logo\":{\"@type\":\"ImageObject\",\"inLanguage\":\"es\",\"@id\":\"https:\/\/www.decisionsupporttools.com\/es\/#\/schema\/logo\/image\/\",\"url\":\"https:\/\/www.decisionsupporttools.com\/wp-content\/uploads\/sites\/8\/2021\/09\/DST-Website-Logo_240x111_v2.png\",\"contentUrl\":\"https:\/\/www.decisionsupporttools.com\/wp-content\/uploads\/sites\/8\/2021\/09\/DST-Website-Logo_240x111_v2.png\",\"width\":240,\"height\":111,\"caption\":\"Decision Support Tools\"},\"image\":{\"@id\":\"https:\/\/www.decisionsupporttools.com\/es\/#\/schema\/logo\/image\/\"}}]}<\/script>\n<!-- \/ Yoast SEO Premium plugin. -->","yoast_head_json":{"title":"Solicitud de demostraci\u00f3n de DST - Decision Support Tools","description":"Experimente una toma de decisiones m\u00e1s inteligente con nuestras Herramientas de Apoyo a la Toma de Decisiones. Reserve hoy mismo una demostraci\u00f3n interactiva y personalizada: r\u00e1pida, sencilla y sin compromiso.","robots":{"index":"index","follow":"follow","max-snippet":"max-snippet:-1","max-image-preview":"max-image-preview:large","max-video-preview":"max-video-preview:-1"},"canonical":"https:\/\/www.decisionsupporttools.com\/es\/solicitud-de-demostracion-de-dst\/","og_locale":"es_ES","og_type":"article","og_title":"Solicitud de demostraci\u00f3n de DST","og_description":"Experimente una toma de decisiones m\u00e1s inteligente con nuestras Herramientas de Apoyo a la Toma de Decisiones. Reserve hoy mismo una demostraci\u00f3n interactiva y personalizada: r\u00e1pida, sencilla y sin compromiso.","og_url":"https:\/\/www.decisionsupporttools.com\/es\/solicitud-de-demostracion-de-dst\/","og_site_name":"Decision Support Tools","article_modified_time":"2026-02-05T17:25:51+00:00","twitter_card":"summary_large_image","twitter_misc":{"Est. reading time":"1 minuto"},"schema":{"@context":"https:\/\/schema.org","@graph":[{"@type":"WebPage","@id":"https:\/\/www.decisionsupporttools.com\/es\/solicitud-de-demostracion-de-dst\/","url":"https:\/\/www.decisionsupporttools.com\/es\/solicitud-de-demostracion-de-dst\/","name":"Solicitud de demostraci\u00f3n de DST - Decision Support Tools","isPartOf":{"@id":"https:\/\/www.decisionsupporttools.com\/es\/#website"},"datePublished":"2026-01-14T12:38:04+00:00","dateModified":"2026-02-05T17:25:51+00:00","description":"Experimente una toma de decisiones m\u00e1s inteligente con nuestras Herramientas de Apoyo a la Toma de Decisiones. Reserve hoy mismo una demostraci\u00f3n interactiva y personalizada: r\u00e1pida, sencilla y sin compromiso.","breadcrumb":{"@id":"https:\/\/www.decisionsupporttools.com\/es\/solicitud-de-demostracion-de-dst\/#breadcrumb"},"inLanguage":"es","potentialAction":[{"@type":"ReadAction","target":["https:\/\/www.decisionsupporttools.com\/es\/solicitud-de-demostracion-de-dst\/"]}]},{"@type":"BreadcrumbList","@id":"https:\/\/www.decisionsupporttools.com\/es\/solicitud-de-demostracion-de-dst\/#breadcrumb","itemListElement":[{"@type":"ListItem","position":1,"name":"Home","item":"https:\/\/www.decisionsupporttools.com\/es\/hogar\/"},{"@type":"ListItem","position":2,"name":"Solicitud de demostraci\u00f3n de DST"}]},{"@type":"WebSite","@id":"https:\/\/www.decisionsupporttools.com\/es\/#website","url":"https:\/\/www.decisionsupporttools.com\/es\/","name":"Decision Support Tools","description":"Decision Support Tools","publisher":{"@id":"https:\/\/www.decisionsupporttools.com\/es\/#organization"},"potentialAction":[{"@type":"SearchAction","target":{"@type":"EntryPoint","urlTemplate":"https:\/\/www.decisionsupporttools.com\/es\/?s={search_term_string}"},"query-input":{"@type":"PropertyValueSpecification","valueRequired":true,"valueName":"search_term_string"}}],"inLanguage":"es"},{"@type":"Organization","@id":"https:\/\/www.decisionsupporttools.com\/es\/#organization","name":"Decision Support Tools","url":"https:\/\/www.decisionsupporttools.com\/es\/","logo":{"@type":"ImageObject","inLanguage":"es","@id":"https:\/\/www.decisionsupporttools.com\/es\/#\/schema\/logo\/image\/","url":"https:\/\/www.decisionsupporttools.com\/wp-content\/uploads\/sites\/8\/2021\/09\/DST-Website-Logo_240x111_v2.png","contentUrl":"https:\/\/www.decisionsupporttools.com\/wp-content\/uploads\/sites\/8\/2021\/09\/DST-Website-Logo_240x111_v2.png","width":240,"height":111,"caption":"Decision Support Tools"},"image":{"@id":"https:\/\/www.decisionsupporttools.com\/es\/#\/schema\/logo\/image\/"}}]}},"ticketed":false,"_links":{"self":[{"href":"https:\/\/www.decisionsupporttools.com\/es\/wp-json\/wp\/v2\/pages\/1960","targetHints":{"allow":["GET"]}}],"collection":[{"href":"https:\/\/www.decisionsupporttools.com\/es\/wp-json\/wp\/v2\/pages"}],"about":[{"href":"https:\/\/www.decisionsupporttools.com\/es\/wp-json\/wp\/v2\/types\/page"}],"author":[{"embeddable":true,"href":"https:\/\/www.decisionsupporttools.com\/es\/wp-json\/wp\/v2\/users\/3362"}],"replies":[{"embeddable":true,"href":"https:\/\/www.decisionsupporttools.com\/es\/wp-json\/wp\/v2\/comments?post=1960"}],"version-history":[{"count":0,"href":"https:\/\/www.decisionsupporttools.com\/es\/wp-json\/wp\/v2\/pages\/1960\/revisions"}],"wp:attachment":[{"href":"https:\/\/www.decisionsupporttools.com\/es\/wp-json\/wp\/v2\/media?parent=1960"}],"curies":[{"name":"wp","href":"https:\/\/api.w.org\/{rel}","templated":true}]}}