{"id":1037,"date":"2022-10-10T15:12:42","date_gmt":"2022-10-10T15:12:42","guid":{"rendered":"https:\/\/www.decisionsupporttools.com\/recursos-do-cliente-duplicado-408\/"},"modified":"2026-03-02T16:28:42","modified_gmt":"2026-03-02T16:28:42","slug":"recursos-do-cliente-duplicado-408","status":"publish","type":"page","link":"https:\/\/www.decisionsupporttools.com\/pt-br\/recursos-do-cliente-duplicado-408\/","title":{"rendered":"Recursos do cliente &#8211; SABIC"},"content":{"rendered":"You must be logged in to view this content.","protected":false},"excerpt":{"rendered":"You must be logged in to view this content.","protected":false},"author":1,"featured_media":0,"parent":0,"menu_order":0,"comment_status":"closed","ping_status":"closed","template":"","meta":{"_acf_changed":false,"om_disable_all_campaigns":false,"_uf_show_specific_survey":0,"_uf_disable_surveys":false,"_price":"","_stock":"","_tribe_ticket_header":"","_tribe_default_ticket_provider":"","_tribe_ticket_capacity":"0","_ticket_start_date":"","_ticket_end_date":"","_tribe_ticket_show_description":"","_tribe_ticket_show_not_going":false,"_tribe_ticket_use_global_stock":"","_tribe_ticket_global_stock_level":"","_global_stock_mode":"","_global_stock_cap":"","_tribe_rsvp_for_event":"","_tribe_ticket_going_count":"","_tribe_ticket_not_going_count":"","_tribe_tickets_list":"[]","_tribe_ticket_has_attendee_info_fields":false,"footnotes":"","_tec_slr_enabled":"","_tec_slr_layout":""},"class_list":["post-1037","page","type-page","status-publish","hentry"],"acf":[],"yoast_head":"<!-- This site is optimized with the Yoast SEO Premium plugin v27.2 (Yoast SEO v27.5) - https:\/\/yoast.com\/product\/yoast-seo-premium-wordpress\/ -->\n<title>Recursos do cliente - SABIC - Decision Support Tools<\/title>\n<meta name=\"robots\" content=\"index, follow, max-snippet:-1, max-image-preview:large, max-video-preview:-1\" \/>\n<link rel=\"canonical\" href=\"https:\/\/www.decisionsupporttools.com\/pt-br\/recursos-do-cliente-duplicado-408\/\" \/>\n<meta property=\"og:locale\" content=\"pt_BR\" \/>\n<meta property=\"og:type\" content=\"article\" \/>\n<meta property=\"og:title\" content=\"Recursos do cliente - SABIC\" \/>\n<meta property=\"og:description\" content=\"Este conte\u00fado \u00e9 restrito a membros do site. Se voc\u00ea \u00e9 um usu\u00e1rio registrado, por favor fa\u00e7a o login. Novos usu\u00e1rios podem registrar-se abaixo.Login de Usu\u00e1riosUsername or EmailSenha&nbsp;Lembrar-me&nbsp;&nbsp;Forgotten user name [&hellip;]\" \/>\n<meta property=\"og:url\" content=\"https:\/\/www.decisionsupporttools.com\/pt-br\/recursos-do-cliente-duplicado-408\/\" \/>\n<meta property=\"og:site_name\" content=\"Decision Support Tools\" \/>\n<meta property=\"article:modified_time\" content=\"2026-03-02T16:28:42+00:00\" \/>\n<meta property=\"og:image\" content=\"https:\/\/www.decisionsupporttools.com\/wp-content\/uploads\/sites\/8\/elementor\/thumbs\/1200px-SABIC_logo.svg-pw0hwwkwoqdg403rku40n9hapz676hms5adymfjsw0.png\" \/>\n<meta name=\"twitter:card\" content=\"summary_large_image\" \/>\n<meta name=\"twitter:label1\" content=\"Est. reading time\" \/>\n\t<meta name=\"twitter:data1\" content=\"14 minutos\" \/>\n<script type=\"application\/ld+json\" class=\"yoast-schema-graph\">{\"@context\":\"https:\\\/\\\/schema.org\",\"@graph\":[{\"@type\":\"WebPage\",\"@id\":\"https:\\\/\\\/www.decisionsupporttools.com\\\/pt-br\\\/recursos-do-cliente-duplicado-408\\\/\",\"url\":\"https:\\\/\\\/www.decisionsupporttools.com\\\/pt-br\\\/recursos-do-cliente-duplicado-408\\\/\",\"name\":\"Recursos do cliente - SABIC - Decision Support Tools\",\"isPartOf\":{\"@id\":\"https:\\\/\\\/www.decisionsupporttools.com\\\/pt-br\\\/#website\"},\"primaryImageOfPage\":{\"@id\":\"https:\\\/\\\/www.decisionsupporttools.com\\\/pt-br\\\/recursos-do-cliente-duplicado-408\\\/#primaryimage\"},\"image\":{\"@id\":\"https:\\\/\\\/www.decisionsupporttools.com\\\/pt-br\\\/recursos-do-cliente-duplicado-408\\\/#primaryimage\"},\"thumbnailUrl\":\"https:\\\/\\\/www.decisionsupporttools.com\\\/wp-content\\\/uploads\\\/sites\\\/8\\\/elementor\\\/thumbs\\\/1200px-SABIC_logo.svg-pw0hwwkwoqdg403rku40n9hapz676hms5adymfjsw0.png\",\"datePublished\":\"2022-10-10T15:12:42+00:00\",\"dateModified\":\"2026-03-02T16:28:42+00:00\",\"breadcrumb\":{\"@id\":\"https:\\\/\\\/www.decisionsupporttools.com\\\/pt-br\\\/recursos-do-cliente-duplicado-408\\\/#breadcrumb\"},\"inLanguage\":\"pt-BR\",\"potentialAction\":[{\"@type\":\"ReadAction\",\"target\":[\"https:\\\/\\\/www.decisionsupporttools.com\\\/pt-br\\\/recursos-do-cliente-duplicado-408\\\/\"]}]},{\"@type\":\"ImageObject\",\"inLanguage\":\"pt-BR\",\"@id\":\"https:\\\/\\\/www.decisionsupporttools.com\\\/pt-br\\\/recursos-do-cliente-duplicado-408\\\/#primaryimage\",\"url\":\"https:\\\/\\\/www.decisionsupporttools.com\\\/wp-content\\\/uploads\\\/sites\\\/8\\\/elementor\\\/thumbs\\\/1200px-SABIC_logo.svg-pw0hwwkwoqdg403rku40n9hapz676hms5adymfjsw0.png\",\"contentUrl\":\"https:\\\/\\\/www.decisionsupporttools.com\\\/wp-content\\\/uploads\\\/sites\\\/8\\\/elementor\\\/thumbs\\\/1200px-SABIC_logo.svg-pw0hwwkwoqdg403rku40n9hapz676hms5adymfjsw0.png\"},{\"@type\":\"BreadcrumbList\",\"@id\":\"https:\\\/\\\/www.decisionsupporttools.com\\\/pt-br\\\/recursos-do-cliente-duplicado-408\\\/#breadcrumb\",\"itemListElement\":[{\"@type\":\"ListItem\",\"position\":1,\"name\":\"Home\",\"item\":\"https:\\\/\\\/www.decisionsupporttools.com\\\/pt-br\\\/casa\\\/\"},{\"@type\":\"ListItem\",\"position\":2,\"name\":\"Recursos do cliente &#8211; SABIC\"}]},{\"@type\":\"WebSite\",\"@id\":\"https:\\\/\\\/www.decisionsupporttools.com\\\/pt-br\\\/#website\",\"url\":\"https:\\\/\\\/www.decisionsupporttools.com\\\/pt-br\\\/\",\"name\":\"Decision Support Tools\",\"description\":\"Decision Support Tools\",\"publisher\":{\"@id\":\"https:\\\/\\\/www.decisionsupporttools.com\\\/pt-br\\\/#organization\"},\"potentialAction\":[{\"@type\":\"SearchAction\",\"target\":{\"@type\":\"EntryPoint\",\"urlTemplate\":\"https:\\\/\\\/www.decisionsupporttools.com\\\/pt-br\\\/?s={search_term_string}\"},\"query-input\":{\"@type\":\"PropertyValueSpecification\",\"valueRequired\":true,\"valueName\":\"search_term_string\"}}],\"inLanguage\":\"pt-BR\"},{\"@type\":\"Organization\",\"@id\":\"https:\\\/\\\/www.decisionsupporttools.com\\\/pt-br\\\/#organization\",\"name\":\"Decision Support Tools\",\"url\":\"https:\\\/\\\/www.decisionsupporttools.com\\\/pt-br\\\/\",\"logo\":{\"@type\":\"ImageObject\",\"inLanguage\":\"pt-BR\",\"@id\":\"https:\\\/\\\/www.decisionsupporttools.com\\\/pt-br\\\/#\\\/schema\\\/logo\\\/image\\\/\",\"url\":\"https:\\\/\\\/www.decisionsupporttools.com\\\/wp-content\\\/uploads\\\/sites\\\/8\\\/2021\\\/09\\\/DST-Website-Logo_240x111_v2.png\",\"contentUrl\":\"https:\\\/\\\/www.decisionsupporttools.com\\\/wp-content\\\/uploads\\\/sites\\\/8\\\/2021\\\/09\\\/DST-Website-Logo_240x111_v2.png\",\"width\":240,\"height\":111,\"caption\":\"Decision Support Tools\"},\"image\":{\"@id\":\"https:\\\/\\\/www.decisionsupporttools.com\\\/pt-br\\\/#\\\/schema\\\/logo\\\/image\\\/\"}}]}<\/script>\n<!-- \/ Yoast SEO Premium plugin. -->","yoast_head_json":{"title":"Recursos do cliente - SABIC - Decision Support Tools","robots":{"index":"index","follow":"follow","max-snippet":"max-snippet:-1","max-image-preview":"max-image-preview:large","max-video-preview":"max-video-preview:-1"},"canonical":"https:\/\/www.decisionsupporttools.com\/pt-br\/recursos-do-cliente-duplicado-408\/","og_locale":"pt_BR","og_type":"article","og_title":"Recursos do cliente - SABIC","og_description":"Este conte\u00fado \u00e9 restrito a membros do site. Se voc\u00ea \u00e9 um usu\u00e1rio registrado, por favor fa\u00e7a o login. Novos usu\u00e1rios podem registrar-se abaixo.Login de Usu\u00e1riosUsername or EmailSenha&nbsp;Lembrar-me&nbsp;&nbsp;Forgotten user name [&hellip;]","og_url":"https:\/\/www.decisionsupporttools.com\/pt-br\/recursos-do-cliente-duplicado-408\/","og_site_name":"Decision Support Tools","article_modified_time":"2026-03-02T16:28:42+00:00","og_image":[{"url":"https:\/\/www.decisionsupporttools.com\/wp-content\/uploads\/sites\/8\/elementor\/thumbs\/1200px-SABIC_logo.svg-pw0hwwkwoqdg403rku40n9hapz676hms5adymfjsw0.png","type":"","width":"","height":""}],"twitter_card":"summary_large_image","twitter_misc":{"Est. reading time":"14 minutos"},"schema":{"@context":"https:\/\/schema.org","@graph":[{"@type":"WebPage","@id":"https:\/\/www.decisionsupporttools.com\/pt-br\/recursos-do-cliente-duplicado-408\/","url":"https:\/\/www.decisionsupporttools.com\/pt-br\/recursos-do-cliente-duplicado-408\/","name":"Recursos do cliente - SABIC - Decision Support Tools","isPartOf":{"@id":"https:\/\/www.decisionsupporttools.com\/pt-br\/#website"},"primaryImageOfPage":{"@id":"https:\/\/www.decisionsupporttools.com\/pt-br\/recursos-do-cliente-duplicado-408\/#primaryimage"},"image":{"@id":"https:\/\/www.decisionsupporttools.com\/pt-br\/recursos-do-cliente-duplicado-408\/#primaryimage"},"thumbnailUrl":"https:\/\/www.decisionsupporttools.com\/wp-content\/uploads\/sites\/8\/elementor\/thumbs\/1200px-SABIC_logo.svg-pw0hwwkwoqdg403rku40n9hapz676hms5adymfjsw0.png","datePublished":"2022-10-10T15:12:42+00:00","dateModified":"2026-03-02T16:28:42+00:00","breadcrumb":{"@id":"https:\/\/www.decisionsupporttools.com\/pt-br\/recursos-do-cliente-duplicado-408\/#breadcrumb"},"inLanguage":"pt-BR","potentialAction":[{"@type":"ReadAction","target":["https:\/\/www.decisionsupporttools.com\/pt-br\/recursos-do-cliente-duplicado-408\/"]}]},{"@type":"ImageObject","inLanguage":"pt-BR","@id":"https:\/\/www.decisionsupporttools.com\/pt-br\/recursos-do-cliente-duplicado-408\/#primaryimage","url":"https:\/\/www.decisionsupporttools.com\/wp-content\/uploads\/sites\/8\/elementor\/thumbs\/1200px-SABIC_logo.svg-pw0hwwkwoqdg403rku40n9hapz676hms5adymfjsw0.png","contentUrl":"https:\/\/www.decisionsupporttools.com\/wp-content\/uploads\/sites\/8\/elementor\/thumbs\/1200px-SABIC_logo.svg-pw0hwwkwoqdg403rku40n9hapz676hms5adymfjsw0.png"},{"@type":"BreadcrumbList","@id":"https:\/\/www.decisionsupporttools.com\/pt-br\/recursos-do-cliente-duplicado-408\/#breadcrumb","itemListElement":[{"@type":"ListItem","position":1,"name":"Home","item":"https:\/\/www.decisionsupporttools.com\/pt-br\/casa\/"},{"@type":"ListItem","position":2,"name":"Recursos do cliente &#8211; SABIC"}]},{"@type":"WebSite","@id":"https:\/\/www.decisionsupporttools.com\/pt-br\/#website","url":"https:\/\/www.decisionsupporttools.com\/pt-br\/","name":"Decision Support Tools","description":"Decision Support Tools","publisher":{"@id":"https:\/\/www.decisionsupporttools.com\/pt-br\/#organization"},"potentialAction":[{"@type":"SearchAction","target":{"@type":"EntryPoint","urlTemplate":"https:\/\/www.decisionsupporttools.com\/pt-br\/?s={search_term_string}"},"query-input":{"@type":"PropertyValueSpecification","valueRequired":true,"valueName":"search_term_string"}}],"inLanguage":"pt-BR"},{"@type":"Organization","@id":"https:\/\/www.decisionsupporttools.com\/pt-br\/#organization","name":"Decision Support Tools","url":"https:\/\/www.decisionsupporttools.com\/pt-br\/","logo":{"@type":"ImageObject","inLanguage":"pt-BR","@id":"https:\/\/www.decisionsupporttools.com\/pt-br\/#\/schema\/logo\/image\/","url":"https:\/\/www.decisionsupporttools.com\/wp-content\/uploads\/sites\/8\/2021\/09\/DST-Website-Logo_240x111_v2.png","contentUrl":"https:\/\/www.decisionsupporttools.com\/wp-content\/uploads\/sites\/8\/2021\/09\/DST-Website-Logo_240x111_v2.png","width":240,"height":111,"caption":"Decision Support Tools"},"image":{"@id":"https:\/\/www.decisionsupporttools.com\/pt-br\/#\/schema\/logo\/image\/"}}]}},"ticketed":false,"_links":{"self":[{"href":"https:\/\/www.decisionsupporttools.com\/pt-br\/wp-json\/wp\/v2\/pages\/1037","targetHints":{"allow":["GET"]}}],"collection":[{"href":"https:\/\/www.decisionsupporttools.com\/pt-br\/wp-json\/wp\/v2\/pages"}],"about":[{"href":"https:\/\/www.decisionsupporttools.com\/pt-br\/wp-json\/wp\/v2\/types\/page"}],"author":[{"embeddable":true,"href":"https:\/\/www.decisionsupporttools.com\/pt-br\/wp-json\/wp\/v2\/users\/1"}],"replies":[{"embeddable":true,"href":"https:\/\/www.decisionsupporttools.com\/pt-br\/wp-json\/wp\/v2\/comments?post=1037"}],"version-history":[{"count":0,"href":"https:\/\/www.decisionsupporttools.com\/pt-br\/wp-json\/wp\/v2\/pages\/1037\/revisions"}],"wp:attachment":[{"href":"https:\/\/www.decisionsupporttools.com\/pt-br\/wp-json\/wp\/v2\/media?parent=1037"}],"curies":[{"name":"wp","href":"https:\/\/api.w.org\/{rel}","templated":true}]}}