{"id":1049,"date":"2023-02-13T14:37:54","date_gmt":"2023-02-13T14:37:54","guid":{"rendered":"https:\/\/www.decisionsupporttools.com\/produtos-e-servicos-duplicar-513\/"},"modified":"2023-02-13T14:40:35","modified_gmt":"2023-02-13T14:40:35","slug":"produtos-e-servicos-duplicar-513","status":"publish","type":"page","link":"https:\/\/www.decisionsupporttools.com\/pt-br\/produtos-e-servicos-duplicar-513\/","title":{"rendered":"Novas inova\u00e7\u00f5es"},"content":{"rendered":"\t\t<div data-elementor-type=\"wp-page\" data-elementor-id=\"1049\" class=\"elementor elementor-1049 elementor-1047\" data-elementor-post-type=\"page\">\n\t\t\t\t\t\t<section class=\"elementor-section elementor-top-section elementor-element elementor-element-1f522462 elementor-section-height-min-height elementor-section-boxed elementor-section-height-default elementor-section-items-middle\" data-id=\"1f522462\" data-element_type=\"section\" data-e-type=\"section\" data-settings=\"{&quot;background_background&quot;:&quot;classic&quot;}\">\n\t\t\t\t\t\t<div class=\"elementor-container elementor-column-gap-default\">\n\t\t\t\t\t<div class=\"elementor-column elementor-col-100 elementor-top-column elementor-element elementor-element-33865a07\" data-id=\"33865a07\" data-element_type=\"column\" data-e-type=\"column\">\n\t\t\t<div class=\"elementor-widget-wrap elementor-element-populated\">\n\t\t\t\t\t\t<div class=\"elementor-element elementor-element-42f48ef8 elementor-widget elementor-widget-heading\" data-id=\"42f48ef8\" data-element_type=\"widget\" data-e-type=\"widget\" data-widget_type=\"heading.default\">\n\t\t\t\t<div class=\"elementor-widget-container\">\n\t\t\t\t\t<h1 class=\"elementor-heading-title elementor-size-default\">Novas Inova\u00e7\u00f5es<\/h1>\t\t\t\t<\/div>\n\t\t\t\t<\/div>\n\t\t\t\t\t<\/div>\n\t\t<\/div>\n\t\t\t\t\t<\/div>\n\t\t<\/section>\n\t\t\t\t<section class=\"elementor-section elementor-top-section elementor-element elementor-element-0d3ec44 elementor-section-boxed elementor-section-height-default elementor-section-height-default\" data-id=\"0d3ec44\" data-element_type=\"section\" data-e-type=\"section\">\n\t\t\t\t\t\t<div class=\"elementor-container elementor-column-gap-default\">\n\t\t\t\t\t<div class=\"elementor-column elementor-col-66 elementor-top-column elementor-element elementor-element-e7c226c\" data-id=\"e7c226c\" data-element_type=\"column\" data-e-type=\"column\">\n\t\t\t<div class=\"elementor-widget-wrap elementor-element-populated\">\n\t\t\t\t\t\t<div class=\"elementor-element elementor-element-e963fa4 elementor-widget elementor-widget-text-editor\" data-id=\"e963fa4\" data-element_type=\"widget\" data-e-type=\"widget\" data-widget_type=\"text-editor.default\">\n\t\t\t\t<div class=\"elementor-widget-container\">\n\t\t\t\t\t\t\t\t\t<p>Os m\u00f3dulos DST existentes fornecem os recursos prim\u00e1rios para transformar a forma como o CapEx de uma organiza\u00e7\u00e3o \u00e9 avaliado e justificado e o portf\u00f3lio\/programas s\u00e3o otimizados nos n\u00edveis local, regional e global, mas identificamos outras \u00e1reas de personaliza\u00e7\u00e3o\/extens\u00e3o desej\u00e1veis.<\/p>\n<p>A Woodhouse Partnership est\u00e1 desenvolvendo um programa de rastreamento, acesso a v\u00e1rios bancos de dados e gerenciamento remoto, c\u00e1lculo autom\u00e1tico e gera\u00e7\u00e3o de relat\u00f3rios de benef\u00edcios comerciais. Este m\u00f3dulo fornecer\u00e1 recursos de gerenciamento de programas e monitoramento de desempenho local\/site, regional e global (incluindo acesso a bancos de dados seguros de v\u00e1rios sites DST). <\/p>\n\t\t\t\t\t\t\t\t<\/div>\n\t\t\t\t<\/div>\n\t\t\t\t\t<\/div>\n\t\t<\/div>\n\t\t\t\t<div class=\"elementor-column elementor-col-33 elementor-top-column elementor-element elementor-element-f58a2d5\" data-id=\"f58a2d5\" data-element_type=\"column\" data-e-type=\"column\">\n\t\t\t<div class=\"elementor-widget-wrap elementor-element-populated\">\n\t\t\t\t\t\t<div class=\"elementor-element elementor-element-7b12030 elementor-widget elementor-widget-image\" data-id=\"7b12030\" data-element_type=\"widget\" data-e-type=\"widget\" data-widget_type=\"image.default\">\n\t\t\t\t<div class=\"elementor-widget-container\">\n\t\t\t\t\t\t\t\t\t\t\t\t\t\t\t<img fetchpriority=\"high\" decoding=\"async\" width=\"800\" height=\"663\" src=\"https:\/\/www.decisionsupporttools.com\/wp-content\/uploads\/sites\/8\/2023\/02\/DST-Assessment-tool-kit-capture-1024x849.png\" class=\"attachment-large size-large wp-image-1045\" alt=\"\" srcset=\"https:\/\/www.decisionsupporttools.com\/wp-content\/uploads\/sites\/8\/2023\/02\/DST-Assessment-tool-kit-capture-1024x849.png 1024w, https:\/\/www.decisionsupporttools.com\/wp-content\/uploads\/sites\/8\/2023\/02\/DST-Assessment-tool-kit-capture-300x249.png 300w, https:\/\/www.decisionsupporttools.com\/wp-content\/uploads\/sites\/8\/2023\/02\/DST-Assessment-tool-kit-capture-768x637.png 768w, https:\/\/www.decisionsupporttools.com\/wp-content\/uploads\/sites\/8\/2023\/02\/DST-Assessment-tool-kit-capture-600x497.png 600w, https:\/\/www.decisionsupporttools.com\/wp-content\/uploads\/sites\/8\/2023\/02\/DST-Assessment-tool-kit-capture.PNG 1099w\" sizes=\"(max-width: 800px) 100vw, 800px\" \/>\t\t\t\t\t\t\t\t\t\t\t\t\t\t\t<\/div>\n\t\t\t\t<\/div>\n\t\t\t\t\t<\/div>\n\t\t<\/div>\n\t\t\t\t\t<\/div>\n\t\t<\/section>\n\t\t\t\t<section class=\"elementor-section elementor-top-section elementor-element elementor-element-62cb9b0 elementor-section-boxed elementor-section-height-default elementor-section-height-default\" data-id=\"62cb9b0\" data-element_type=\"section\" data-e-type=\"section\">\n\t\t\t\t\t\t<div class=\"elementor-container elementor-column-gap-default\">\n\t\t\t\t\t<div class=\"elementor-column elementor-col-100 elementor-top-column elementor-element elementor-element-407eaed\" data-id=\"407eaed\" data-element_type=\"column\" data-e-type=\"column\">\n\t\t\t<div class=\"elementor-widget-wrap elementor-element-populated\">\n\t\t\t\t\t\t<div class=\"elementor-element elementor-element-5386d81 elementor-widget elementor-widget-heading\" data-id=\"5386d81\" data-element_type=\"widget\" data-e-type=\"widget\" data-widget_type=\"heading.default\">\n\t\t\t\t<div class=\"elementor-widget-container\">\n\t\t\t\t\t<h2 class=\"elementor-heading-title elementor-size-default\">O kit de ferramentas para gerentes de programas DST<\/h2>\t\t\t\t<\/div>\n\t\t\t\t<\/div>\n\t\t\t\t<div class=\"elementor-element elementor-element-f8d120d elementor-widget elementor-widget-text-editor\" data-id=\"f8d120d\" data-element_type=\"widget\" data-e-type=\"widget\" data-widget_type=\"text-editor.default\">\n\t\t\t\t<div class=\"elementor-widget-container\">\n\t\t\t\t\t\t\t\t\t<p>O <strong>Kit de ferramentas do gerente do programa DST<\/strong> ser\u00e1 um aplicativo da Web (baseado em navegador), integrado diretamente aos m\u00f3dulos e bancos de dados DST usados pelas afiliadas da organiza\u00e7\u00e3o. Ele serve como o recurso de gerenciamento central para coordena\u00e7\u00e3o, rastreamento e gera\u00e7\u00e3o de relat\u00f3rios em uma comunidade distribu\u00edda em toda a empresa de usu\u00e1rios de software DST e facilitadores DST certificados. Ele tamb\u00e9m servir\u00e1 como ponto central para a agrega\u00e7\u00e3o de dados do local, dados regionais e dados globais em rela\u00e7\u00e3o aos estudos CapEx, seu progresso e seus resultados.<\/p>\n<p>Facilitadores certificados <strong>de rastreamento de usu\u00e1rios<\/strong> e usu\u00e1rios de software ser\u00e3o fornecidos para facilitar o rastreamento dos recursos afiliados e fornecimento de acesso ao software DST, atualiza\u00e7\u00f5es\/manuten\u00e7\u00e3o de software, rastreamento de compet\u00eancias e comunica\u00e7\u00f5es (por exemplo, para apoiar redes de usu\u00e1rios ou comunidade de pr\u00e1tica).<\/p>\n<p><strong>O gerenciamento do programa<\/strong> de estudos do DST tamb\u00e9m inclui rastreamento do progresso do projeto individual, atribui\u00e7\u00e3o e acompanhamento de atividades de suporte, para ajudar a manter o \u00edmpeto, perseguir o progresso, garantir padr\u00f5es, comunica\u00e7\u00f5es locais e em todo o grupo, etc.<\/p>\n<p>Ele tamb\u00e9m inclui um <strong>painel de gerenciamento de desempenho<\/strong> , extraindo dados diretamente dos bancos de dados DST. Isso inclui visualiza\u00e7\u00f5es &#8216;detalhadas&#8217; nas avalia\u00e7\u00f5es do projeto DST, com rastreamento e c\u00e1lculos autom\u00e1ticos de benef\u00edcios de estudos individuais e seu progresso, valida\u00e7\u00e3o e status de aprova\u00e7\u00e3o. O painel tamb\u00e9m relatar\u00e1 o status dos facilitadores de estudo dos afiliados. O painel ter\u00e1 filtros para per\u00edodos de tempo, afiliadas\/regi\u00f5es, tipos de projeto\/classes de Capex etc. <\/p>\n\t\t\t\t\t\t\t\t<\/div>\n\t\t\t\t<\/div>\n\t\t\t\t\t<\/div>\n\t\t<\/div>\n\t\t\t\t\t<\/div>\n\t\t<\/section>\n\t\t\t\t<section class=\"elementor-section elementor-top-section elementor-element elementor-element-f1c63f7 elementor-section-boxed elementor-section-height-default elementor-section-height-default\" data-id=\"f1c63f7\" data-element_type=\"section\" data-e-type=\"section\">\n\t\t\t\t\t\t<div class=\"elementor-container elementor-column-gap-default\">\n\t\t\t\t\t<div class=\"elementor-column elementor-col-100 elementor-top-column elementor-element elementor-element-e7a72e6\" data-id=\"e7a72e6\" data-element_type=\"column\" data-e-type=\"column\">\n\t\t\t<div class=\"elementor-widget-wrap elementor-element-populated\">\n\t\t\t\t\t\t<section class=\"elementor-section elementor-inner-section elementor-element elementor-element-0d2d2dd elementor-section-boxed elementor-section-height-default elementor-section-height-default\" data-id=\"0d2d2dd\" data-element_type=\"section\" data-e-type=\"section\" data-settings=\"{&quot;background_background&quot;:&quot;classic&quot;}\">\n\t\t\t\t\t\t<div class=\"elementor-container elementor-column-gap-default\">\n\t\t\t\t\t<div class=\"elementor-column elementor-col-100 elementor-inner-column elementor-element elementor-element-4ce28fa\" data-id=\"4ce28fa\" data-element_type=\"column\" data-e-type=\"column\">\n\t\t\t<div class=\"elementor-widget-wrap elementor-element-populated\">\n\t\t\t\t\t\t<div class=\"elementor-element elementor-element-da1188f elementor-widget elementor-widget-text-editor\" data-id=\"da1188f\" data-element_type=\"widget\" data-e-type=\"widget\" data-widget_type=\"text-editor.default\">\n\t\t\t\t<div class=\"elementor-widget-container\">\n\t\t\t\t\t\t\t\t\t<p style=\"text-align: center;\"><strong>Quer se envolver?<\/strong> <\/p>\n<p style=\"text-align: center;\">Abrimos um &#8216; <strong>convite para licita\u00e7\u00e3o<\/strong> &#8216; para aqueles que desejam apoiar este desenvolvimento emocionante para entrar em contato conosco em <a href=\"mailto:enquiries@twpl.com\">enquiries@twpl.com<\/a> para saber mais.<\/p>\n\t\t\t\t\t\t\t\t<\/div>\n\t\t\t\t<\/div>\n\t\t\t\t\t<\/div>\n\t\t<\/div>\n\t\t\t\t\t<\/div>\n\t\t<\/section>\n\t\t\t\t\t<\/div>\n\t\t<\/div>\n\t\t\t\t\t<\/div>\n\t\t<\/section>\n\t\t\t\t<section class=\"elementor-section elementor-top-section elementor-element elementor-element-2be049b elementor-section-height-min-height elementor-section-boxed elementor-section-height-default elementor-section-items-middle\" data-id=\"2be049b\" data-element_type=\"section\" data-e-type=\"section\" data-settings=\"{&quot;background_background&quot;:&quot;classic&quot;}\">\n\t\t\t\t\t\t\t<div class=\"elementor-background-overlay\"><\/div>\n\t\t\t\t\t\t\t<div class=\"elementor-container elementor-column-gap-default\">\n\t\t\t\t\t<div class=\"elementor-column elementor-col-100 elementor-top-column elementor-element elementor-element-82c7e5f\" data-id=\"82c7e5f\" data-element_type=\"column\" data-e-type=\"column\">\n\t\t\t<div class=\"elementor-widget-wrap elementor-element-populated\">\n\t\t\t\t\t\t<section class=\"elementor-section elementor-inner-section elementor-element elementor-element-e2b18a9 elementor-section-boxed elementor-section-height-default elementor-section-height-default\" data-id=\"e2b18a9\" data-element_type=\"section\" data-e-type=\"section\">\n\t\t\t\t\t\t<div class=\"elementor-container elementor-column-gap-default\">\n\t\t\t\t\t<div class=\"elementor-column elementor-col-50 elementor-inner-column elementor-element elementor-element-414b1c4\" data-id=\"414b1c4\" data-element_type=\"column\" data-e-type=\"column\">\n\t\t\t<div class=\"elementor-widget-wrap elementor-element-populated\">\n\t\t\t\t\t\t<div class=\"elementor-element elementor-element-53f89be elementor-align-right elementor-widget elementor-widget-button\" data-id=\"53f89be\" data-element_type=\"widget\" data-e-type=\"widget\" data-widget_type=\"button.default\">\n\t\t\t\t<div class=\"elementor-widget-container\">\n\t\t\t\t\t\t\t\t\t<div class=\"elementor-button-wrapper\">\n\t\t\t\t\t<a class=\"elementor-button elementor-button-link elementor-size-sm\" href=\"https:\/\/www.decisionsupporttools.com\/pt-br\/contato\/\">\n\t\t\t\t\t\t<span class=\"elementor-button-content-wrapper\">\n\t\t\t\t\t\t\t\t\t<span class=\"elementor-button-text\">Contate-Nos<\/span>\n\t\t\t\t\t<\/span>\n\t\t\t\t\t<\/a>\n\t\t\t\t<\/div>\n\t\t\t\t\t\t\t\t<\/div>\n\t\t\t\t<\/div>\n\t\t\t\t\t<\/div>\n\t\t<\/div>\n\t\t\t\t<div class=\"elementor-column elementor-col-50 elementor-inner-column elementor-element elementor-element-c93679b\" data-id=\"c93679b\" data-element_type=\"column\" data-e-type=\"column\">\n\t\t\t<div class=\"elementor-widget-wrap elementor-element-populated\">\n\t\t\t\t\t\t<div class=\"elementor-element elementor-element-c360297 elementor-widget elementor-widget-heading\" data-id=\"c360297\" data-element_type=\"widget\" data-e-type=\"widget\" data-widget_type=\"heading.default\">\n\t\t\t\t<div class=\"elementor-widget-container\">\n\t\t\t\t\t<h2 class=\"elementor-heading-title elementor-size-default\">Contate-Nos<\/h2>\t\t\t\t<\/div>\n\t\t\t\t<\/div>\n\t\t\t\t<div class=\"elementor-element elementor-element-1f416b8 elementor-widget elementor-widget-text-editor\" data-id=\"1f416b8\" data-element_type=\"widget\" data-e-type=\"widget\" data-widget_type=\"text-editor.default\">\n\t\t\t\t<div class=\"elementor-widget-container\">\n\t\t\t\t\t\t\t\t\t<p>Teremos prazer em falar com voc\u00ea e saber como podemos ajudar voc\u00ea e sua empresa.<\/p>\n\t\t\t\t\t\t\t\t<\/div>\n\t\t\t\t<\/div>\n\t\t\t\t\t<\/div>\n\t\t<\/div>\n\t\t\t\t\t<\/div>\n\t\t<\/section>\n\t\t\t\t<div class=\"elementor-element elementor-element-13f8379 elementor-widget elementor-widget-spacer\" data-id=\"13f8379\" data-element_type=\"widget\" data-e-type=\"widget\" data-widget_type=\"spacer.default\">\n\t\t\t\t<div class=\"elementor-widget-container\">\n\t\t\t\t\t\t\t<div class=\"elementor-spacer\">\n\t\t\t<div class=\"elementor-spacer-inner\"><\/div>\n\t\t<\/div>\n\t\t\t\t\t\t<\/div>\n\t\t\t\t<\/div>\n\t\t\t\t\t<\/div>\n\t\t<\/div>\n\t\t\t\t\t<\/div>\n\t\t<\/section>\n\t\t\t\t<\/div>\n\t\t","protected":false},"excerpt":{"rendered":"<p>Novas Inova\u00e7\u00f5es Os m\u00f3dulos DST existentes fornecem os recursos prim\u00e1rios para transformar a forma como o CapEx de uma organiza\u00e7\u00e3o \u00e9 avaliado e justificado e o portf\u00f3lio\/programas s\u00e3o otimizados nos [&hellip;]<\/p>\n","protected":false},"author":2,"featured_media":0,"parent":0,"menu_order":0,"comment_status":"closed","ping_status":"closed","template":"elementor_header_footer","meta":{"_acf_changed":false,"om_disable_all_campaigns":false,"_uf_show_specific_survey":0,"_uf_disable_surveys":false,"_price":"","_stock":"","_tribe_ticket_header":"","_tribe_default_ticket_provider":"","_tribe_ticket_capacity":"0","_ticket_start_date":"","_ticket_end_date":"","_tribe_ticket_show_description":"","_tribe_ticket_show_not_going":false,"_tribe_ticket_use_global_stock":"","_tribe_ticket_global_stock_level":"","_global_stock_mode":"","_global_stock_cap":"","_tribe_rsvp_for_event":"","_tribe_ticket_going_count":"","_tribe_ticket_not_going_count":"","_tribe_tickets_list":"[]","_tribe_ticket_has_attendee_info_fields":false,"footnotes":"","_tec_slr_enabled":"","_tec_slr_layout":""},"class_list":["post-1049","page","type-page","status-publish","hentry"],"acf":[],"yoast_head":"<!-- This site is optimized with the Yoast SEO Premium plugin v27.2 (Yoast SEO v27.5) - https:\/\/yoast.com\/product\/yoast-seo-premium-wordpress\/ -->\n<title>Novas inova\u00e7\u00f5es - Decision Support Tools<\/title>\n<meta name=\"robots\" content=\"index, follow, max-snippet:-1, max-image-preview:large, max-video-preview:-1\" \/>\n<link rel=\"canonical\" href=\"https:\/\/www.decisionsupporttools.com\/pt-br\/produtos-e-servicos-duplicar-513\/\" \/>\n<meta property=\"og:locale\" content=\"pt_BR\" \/>\n<meta property=\"og:type\" content=\"article\" \/>\n<meta property=\"og:title\" content=\"Novas inova\u00e7\u00f5es\" \/>\n<meta property=\"og:description\" content=\"Novas Inova\u00e7\u00f5es Os m\u00f3dulos DST existentes fornecem os recursos prim\u00e1rios para transformar a forma como o CapEx de uma organiza\u00e7\u00e3o \u00e9 avaliado e justificado e o portf\u00f3lio\/programas s\u00e3o otimizados nos [&hellip;]\" \/>\n<meta property=\"og:url\" content=\"https:\/\/www.decisionsupporttools.com\/pt-br\/produtos-e-servicos-duplicar-513\/\" \/>\n<meta property=\"og:site_name\" content=\"Decision Support Tools\" \/>\n<meta property=\"article:modified_time\" content=\"2023-02-13T14:40:35+00:00\" \/>\n<meta property=\"og:image\" content=\"https:\/\/www.decisionsupporttools.com\/wp-content\/uploads\/sites\/8\/2023\/02\/DST-Assessment-tool-kit-capture.PNG\" \/>\n\t<meta property=\"og:image:width\" content=\"1099\" \/>\n\t<meta property=\"og:image:height\" content=\"911\" \/>\n\t<meta property=\"og:image:type\" content=\"image\/png\" \/>\n<meta name=\"twitter:card\" content=\"summary_large_image\" \/>\n<meta name=\"twitter:label1\" content=\"Est. reading time\" \/>\n\t<meta name=\"twitter:data1\" content=\"2 minutos\" \/>\n<script type=\"application\/ld+json\" class=\"yoast-schema-graph\">{\"@context\":\"https:\\\/\\\/schema.org\",\"@graph\":[{\"@type\":\"WebPage\",\"@id\":\"https:\\\/\\\/www.decisionsupporttools.com\\\/pt-br\\\/produtos-e-servicos-duplicar-513\\\/\",\"url\":\"https:\\\/\\\/www.decisionsupporttools.com\\\/pt-br\\\/produtos-e-servicos-duplicar-513\\\/\",\"name\":\"Novas inova\u00e7\u00f5es - Decision Support Tools\",\"isPartOf\":{\"@id\":\"https:\\\/\\\/www.decisionsupporttools.com\\\/pt-br\\\/#website\"},\"primaryImageOfPage\":{\"@id\":\"https:\\\/\\\/www.decisionsupporttools.com\\\/pt-br\\\/produtos-e-servicos-duplicar-513\\\/#primaryimage\"},\"image\":{\"@id\":\"https:\\\/\\\/www.decisionsupporttools.com\\\/pt-br\\\/produtos-e-servicos-duplicar-513\\\/#primaryimage\"},\"thumbnailUrl\":\"https:\\\/\\\/www.decisionsupporttools.com\\\/wp-content\\\/uploads\\\/sites\\\/8\\\/2023\\\/02\\\/DST-Assessment-tool-kit-capture-1024x849.png\",\"datePublished\":\"2023-02-13T14:37:54+00:00\",\"dateModified\":\"2023-02-13T14:40:35+00:00\",\"breadcrumb\":{\"@id\":\"https:\\\/\\\/www.decisionsupporttools.com\\\/pt-br\\\/produtos-e-servicos-duplicar-513\\\/#breadcrumb\"},\"inLanguage\":\"pt-BR\",\"potentialAction\":[{\"@type\":\"ReadAction\",\"target\":[\"https:\\\/\\\/www.decisionsupporttools.com\\\/pt-br\\\/produtos-e-servicos-duplicar-513\\\/\"]}]},{\"@type\":\"ImageObject\",\"inLanguage\":\"pt-BR\",\"@id\":\"https:\\\/\\\/www.decisionsupporttools.com\\\/pt-br\\\/produtos-e-servicos-duplicar-513\\\/#primaryimage\",\"url\":\"https:\\\/\\\/www.decisionsupporttools.com\\\/wp-content\\\/uploads\\\/sites\\\/8\\\/2023\\\/02\\\/DST-Assessment-tool-kit-capture-1024x849.png\",\"contentUrl\":\"https:\\\/\\\/www.decisionsupporttools.com\\\/wp-content\\\/uploads\\\/sites\\\/8\\\/2023\\\/02\\\/DST-Assessment-tool-kit-capture-1024x849.png\"},{\"@type\":\"BreadcrumbList\",\"@id\":\"https:\\\/\\\/www.decisionsupporttools.com\\\/pt-br\\\/produtos-e-servicos-duplicar-513\\\/#breadcrumb\",\"itemListElement\":[{\"@type\":\"ListItem\",\"position\":1,\"name\":\"Home\",\"item\":\"https:\\\/\\\/www.decisionsupporttools.com\\\/pt-br\\\/casa\\\/\"},{\"@type\":\"ListItem\",\"position\":2,\"name\":\"Novas inova\u00e7\u00f5es\"}]},{\"@type\":\"WebSite\",\"@id\":\"https:\\\/\\\/www.decisionsupporttools.com\\\/pt-br\\\/#website\",\"url\":\"https:\\\/\\\/www.decisionsupporttools.com\\\/pt-br\\\/\",\"name\":\"Decision Support Tools\",\"description\":\"Decision Support Tools\",\"publisher\":{\"@id\":\"https:\\\/\\\/www.decisionsupporttools.com\\\/pt-br\\\/#organization\"},\"potentialAction\":[{\"@type\":\"SearchAction\",\"target\":{\"@type\":\"EntryPoint\",\"urlTemplate\":\"https:\\\/\\\/www.decisionsupporttools.com\\\/pt-br\\\/?s={search_term_string}\"},\"query-input\":{\"@type\":\"PropertyValueSpecification\",\"valueRequired\":true,\"valueName\":\"search_term_string\"}}],\"inLanguage\":\"pt-BR\"},{\"@type\":\"Organization\",\"@id\":\"https:\\\/\\\/www.decisionsupporttools.com\\\/pt-br\\\/#organization\",\"name\":\"Decision Support Tools\",\"url\":\"https:\\\/\\\/www.decisionsupporttools.com\\\/pt-br\\\/\",\"logo\":{\"@type\":\"ImageObject\",\"inLanguage\":\"pt-BR\",\"@id\":\"https:\\\/\\\/www.decisionsupporttools.com\\\/pt-br\\\/#\\\/schema\\\/logo\\\/image\\\/\",\"url\":\"https:\\\/\\\/www.decisionsupporttools.com\\\/wp-content\\\/uploads\\\/sites\\\/8\\\/2021\\\/09\\\/DST-Website-Logo_240x111_v2.png\",\"contentUrl\":\"https:\\\/\\\/www.decisionsupporttools.com\\\/wp-content\\\/uploads\\\/sites\\\/8\\\/2021\\\/09\\\/DST-Website-Logo_240x111_v2.png\",\"width\":240,\"height\":111,\"caption\":\"Decision Support Tools\"},\"image\":{\"@id\":\"https:\\\/\\\/www.decisionsupporttools.com\\\/pt-br\\\/#\\\/schema\\\/logo\\\/image\\\/\"}}]}<\/script>\n<!-- \/ Yoast SEO Premium plugin. -->","yoast_head_json":{"title":"Novas inova\u00e7\u00f5es - Decision Support Tools","robots":{"index":"index","follow":"follow","max-snippet":"max-snippet:-1","max-image-preview":"max-image-preview:large","max-video-preview":"max-video-preview:-1"},"canonical":"https:\/\/www.decisionsupporttools.com\/pt-br\/produtos-e-servicos-duplicar-513\/","og_locale":"pt_BR","og_type":"article","og_title":"Novas inova\u00e7\u00f5es","og_description":"Novas Inova\u00e7\u00f5es Os m\u00f3dulos DST existentes fornecem os recursos prim\u00e1rios para transformar a forma como o CapEx de uma organiza\u00e7\u00e3o \u00e9 avaliado e justificado e o portf\u00f3lio\/programas s\u00e3o otimizados nos [&hellip;]","og_url":"https:\/\/www.decisionsupporttools.com\/pt-br\/produtos-e-servicos-duplicar-513\/","og_site_name":"Decision Support Tools","article_modified_time":"2023-02-13T14:40:35+00:00","og_image":[{"width":1099,"height":911,"url":"https:\/\/www.decisionsupporttools.com\/wp-content\/uploads\/sites\/8\/2023\/02\/DST-Assessment-tool-kit-capture.PNG","type":"image\/png"}],"twitter_card":"summary_large_image","twitter_misc":{"Est. reading time":"2 minutos"},"schema":{"@context":"https:\/\/schema.org","@graph":[{"@type":"WebPage","@id":"https:\/\/www.decisionsupporttools.com\/pt-br\/produtos-e-servicos-duplicar-513\/","url":"https:\/\/www.decisionsupporttools.com\/pt-br\/produtos-e-servicos-duplicar-513\/","name":"Novas inova\u00e7\u00f5es - Decision Support Tools","isPartOf":{"@id":"https:\/\/www.decisionsupporttools.com\/pt-br\/#website"},"primaryImageOfPage":{"@id":"https:\/\/www.decisionsupporttools.com\/pt-br\/produtos-e-servicos-duplicar-513\/#primaryimage"},"image":{"@id":"https:\/\/www.decisionsupporttools.com\/pt-br\/produtos-e-servicos-duplicar-513\/#primaryimage"},"thumbnailUrl":"https:\/\/www.decisionsupporttools.com\/wp-content\/uploads\/sites\/8\/2023\/02\/DST-Assessment-tool-kit-capture-1024x849.png","datePublished":"2023-02-13T14:37:54+00:00","dateModified":"2023-02-13T14:40:35+00:00","breadcrumb":{"@id":"https:\/\/www.decisionsupporttools.com\/pt-br\/produtos-e-servicos-duplicar-513\/#breadcrumb"},"inLanguage":"pt-BR","potentialAction":[{"@type":"ReadAction","target":["https:\/\/www.decisionsupporttools.com\/pt-br\/produtos-e-servicos-duplicar-513\/"]}]},{"@type":"ImageObject","inLanguage":"pt-BR","@id":"https:\/\/www.decisionsupporttools.com\/pt-br\/produtos-e-servicos-duplicar-513\/#primaryimage","url":"https:\/\/www.decisionsupporttools.com\/wp-content\/uploads\/sites\/8\/2023\/02\/DST-Assessment-tool-kit-capture-1024x849.png","contentUrl":"https:\/\/www.decisionsupporttools.com\/wp-content\/uploads\/sites\/8\/2023\/02\/DST-Assessment-tool-kit-capture-1024x849.png"},{"@type":"BreadcrumbList","@id":"https:\/\/www.decisionsupporttools.com\/pt-br\/produtos-e-servicos-duplicar-513\/#breadcrumb","itemListElement":[{"@type":"ListItem","position":1,"name":"Home","item":"https:\/\/www.decisionsupporttools.com\/pt-br\/casa\/"},{"@type":"ListItem","position":2,"name":"Novas inova\u00e7\u00f5es"}]},{"@type":"WebSite","@id":"https:\/\/www.decisionsupporttools.com\/pt-br\/#website","url":"https:\/\/www.decisionsupporttools.com\/pt-br\/","name":"Decision Support Tools","description":"Decision Support Tools","publisher":{"@id":"https:\/\/www.decisionsupporttools.com\/pt-br\/#organization"},"potentialAction":[{"@type":"SearchAction","target":{"@type":"EntryPoint","urlTemplate":"https:\/\/www.decisionsupporttools.com\/pt-br\/?s={search_term_string}"},"query-input":{"@type":"PropertyValueSpecification","valueRequired":true,"valueName":"search_term_string"}}],"inLanguage":"pt-BR"},{"@type":"Organization","@id":"https:\/\/www.decisionsupporttools.com\/pt-br\/#organization","name":"Decision Support Tools","url":"https:\/\/www.decisionsupporttools.com\/pt-br\/","logo":{"@type":"ImageObject","inLanguage":"pt-BR","@id":"https:\/\/www.decisionsupporttools.com\/pt-br\/#\/schema\/logo\/image\/","url":"https:\/\/www.decisionsupporttools.com\/wp-content\/uploads\/sites\/8\/2021\/09\/DST-Website-Logo_240x111_v2.png","contentUrl":"https:\/\/www.decisionsupporttools.com\/wp-content\/uploads\/sites\/8\/2021\/09\/DST-Website-Logo_240x111_v2.png","width":240,"height":111,"caption":"Decision Support Tools"},"image":{"@id":"https:\/\/www.decisionsupporttools.com\/pt-br\/#\/schema\/logo\/image\/"}}]}},"ticketed":false,"_links":{"self":[{"href":"https:\/\/www.decisionsupporttools.com\/pt-br\/wp-json\/wp\/v2\/pages\/1049","targetHints":{"allow":["GET"]}}],"collection":[{"href":"https:\/\/www.decisionsupporttools.com\/pt-br\/wp-json\/wp\/v2\/pages"}],"about":[{"href":"https:\/\/www.decisionsupporttools.com\/pt-br\/wp-json\/wp\/v2\/types\/page"}],"author":[{"embeddable":true,"href":"https:\/\/www.decisionsupporttools.com\/pt-br\/wp-json\/wp\/v2\/users\/2"}],"replies":[{"embeddable":true,"href":"https:\/\/www.decisionsupporttools.com\/pt-br\/wp-json\/wp\/v2\/comments?post=1049"}],"version-history":[{"count":0,"href":"https:\/\/www.decisionsupporttools.com\/pt-br\/wp-json\/wp\/v2\/pages\/1049\/revisions"}],"wp:attachment":[{"href":"https:\/\/www.decisionsupporttools.com\/pt-br\/wp-json\/wp\/v2\/media?parent=1049"}],"curies":[{"name":"wp","href":"https:\/\/api.w.org\/{rel}","templated":true}]}}