{"id":765,"date":"2021-11-22T09:42:15","date_gmt":"2021-11-22T09:42:15","guid":{"rendered":"https:\/\/www.decisionsupporttools.com\/produtos-e-servicos\/"},"modified":"2023-02-13T14:39:07","modified_gmt":"2023-02-13T14:39:07","slug":"produtos-e-servicos","status":"publish","type":"page","link":"https:\/\/www.decisionsupporttools.com\/pt-br\/produtos-e-servicos\/","title":{"rendered":"Produtos e Servi\u00e7os"},"content":{"rendered":"\t\t<div data-elementor-type=\"wp-page\" data-elementor-id=\"765\" class=\"elementor elementor-765 elementor-513\" data-elementor-post-type=\"page\">\n\t\t\t\t\t\t<section class=\"elementor-section elementor-top-section elementor-element elementor-element-1f522462 elementor-section-height-min-height elementor-section-boxed elementor-section-height-default elementor-section-items-middle\" data-id=\"1f522462\" data-element_type=\"section\" data-e-type=\"section\" data-settings=\"{&quot;background_background&quot;:&quot;classic&quot;}\">\n\t\t\t\t\t\t<div class=\"elementor-container elementor-column-gap-default\">\n\t\t\t\t\t<div class=\"elementor-column elementor-col-100 elementor-top-column elementor-element elementor-element-33865a07\" data-id=\"33865a07\" data-element_type=\"column\" data-e-type=\"column\">\n\t\t\t<div class=\"elementor-widget-wrap elementor-element-populated\">\n\t\t\t\t\t\t<div class=\"elementor-element elementor-element-42f48ef8 elementor-widget elementor-widget-heading\" data-id=\"42f48ef8\" data-element_type=\"widget\" data-e-type=\"widget\" data-widget_type=\"heading.default\">\n\t\t\t\t<div class=\"elementor-widget-container\">\n\t\t\t\t\t<h1 class=\"elementor-heading-title elementor-size-default\">Produtos e Servi\u00e7os<\/h1>\t\t\t\t<\/div>\n\t\t\t\t<\/div>\n\t\t\t\t\t<\/div>\n\t\t<\/div>\n\t\t\t\t\t<\/div>\n\t\t<\/section>\n\t\t\t\t<section class=\"elementor-section elementor-top-section elementor-element elementor-element-2692730 elementor-section-boxed elementor-section-height-default elementor-section-height-default\" data-id=\"2692730\" data-element_type=\"section\" data-e-type=\"section\">\n\t\t\t\t\t\t<div class=\"elementor-container elementor-column-gap-default\">\n\t\t\t\t\t<div class=\"elementor-column elementor-col-50 elementor-top-column elementor-element elementor-element-36a1c46\" data-id=\"36a1c46\" data-element_type=\"column\" data-e-type=\"column\">\n\t\t\t<div class=\"elementor-widget-wrap elementor-element-populated\">\n\t\t\t\t\t\t<div class=\"elementor-element elementor-element-0333557 elementor-cta--skin-classic elementor-animated-content elementor-bg-transform elementor-bg-transform-zoom-in elementor-widget elementor-widget-call-to-action\" data-id=\"0333557\" data-element_type=\"widget\" data-e-type=\"widget\" data-widget_type=\"call-to-action.default\">\n\t\t\t\t<div class=\"elementor-widget-container\">\n\t\t\t\t\t\t\t<div class=\"elementor-cta\">\n\t\t\t\t\t\t\t<div class=\"elementor-cta__content\">\n\t\t\t\t\n\t\t\t\t\t\t\t\t\t<h2 class=\"elementor-cta__title elementor-cta__content-item elementor-content-item\">\n\t\t\t\t\t\tDST Evaluator Suite\t\t\t\t\t<\/h2>\n\t\t\t\t\n\t\t\t\t\t\t\t\t\t<div class=\"elementor-cta__description elementor-cta__content-item elementor-content-item\">\n\t\t\t\t\t\t<p>Os m\u00f3dulos DST podem ser usados individualmente ou em combina\u00e7\u00e3o para avaliar o que vale a pena fazer, por que e quando, ao gerenciar qualquer tipo de ativo f\u00edsico em qualquer tipo de organiza\u00e7\u00e3o.<\/p>\n\t\t\t\t\t<\/div>\n\t\t\t\t\n\t\t\t\t\t\t\t\t\t<div class=\"elementor-cta__button-wrapper elementor-cta__content-item elementor-content-item \">\n\t\t\t\t\t<a class=\"elementor-cta__button elementor-button elementor-size-\" href=\"https:\/\/www.decisionsupporttools.com\/pt-br\/produtos-e-servicos\/treinamento-e-desenvolvimento\/\">\n\t\t\t\t\t\tDescubra mais\t\t\t\t\t<\/a>\n\t\t\t\t\t<\/div>\n\t\t\t\t\t\t\t<\/div>\n\t\t\t\t\t\t<\/div>\n\t\t\t\t\t\t<\/div>\n\t\t\t\t<\/div>\n\t\t\t\t\t<\/div>\n\t\t<\/div>\n\t\t\t\t<div class=\"elementor-column elementor-col-50 elementor-top-column elementor-element elementor-element-6bd8e0f\" data-id=\"6bd8e0f\" data-element_type=\"column\" data-e-type=\"column\">\n\t\t\t<div class=\"elementor-widget-wrap elementor-element-populated\">\n\t\t\t\t\t\t<div class=\"elementor-element elementor-element-27a11b4 elementor-cta--skin-classic elementor-animated-content elementor-bg-transform elementor-bg-transform-zoom-in elementor-widget elementor-widget-call-to-action\" data-id=\"27a11b4\" data-element_type=\"widget\" data-e-type=\"widget\" data-widget_type=\"call-to-action.default\">\n\t\t\t\t<div class=\"elementor-widget-container\">\n\t\t\t\t\t\t\t<div class=\"elementor-cta\">\n\t\t\t\t\t\t\t<div class=\"elementor-cta__content\">\n\t\t\t\t\n\t\t\t\t\t\t\t\t\t<h2 class=\"elementor-cta__title elementor-cta__content-item elementor-content-item\">\n\t\t\t\t\t\tTreinamento e Desenvolvimento\t\t\t\t\t<\/h2>\n\t\t\t\t\n\t\t\t\t\t\t\t\t\t<div class=\"elementor-cta__description elementor-cta__content-item elementor-content-item\">\n\t\t\t\t\t\t<p>Cria\u00e7\u00e3o de percep\u00e7\u00f5es e compet\u00eancias para uma melhor tomada de decis\u00e3o. Aprenda como lidar com trade-offs e incertezas, quantificar o valor dos intang\u00edveis e construir consenso entre as partes interessadas<\/p>\n\t\t\t\t\t<\/div>\n\t\t\t\t\n\t\t\t\t\t\t\t\t\t<div class=\"elementor-cta__button-wrapper elementor-cta__content-item elementor-content-item \">\n\t\t\t\t\t<a class=\"elementor-cta__button elementor-button elementor-size-\" href=\"https:\/\/www.decisionsupporttools.com\/pt-br\/produtos-e-servicos\/treinamento-e-desenvolvimento\/\">\n\t\t\t\t\t\tDescubra mais\t\t\t\t\t<\/a>\n\t\t\t\t\t<\/div>\n\t\t\t\t\t\t\t<\/div>\n\t\t\t\t\t\t<\/div>\n\t\t\t\t\t\t<\/div>\n\t\t\t\t<\/div>\n\t\t\t\t\t<\/div>\n\t\t<\/div>\n\t\t\t\t\t<\/div>\n\t\t<\/section>\n\t\t\t\t<section class=\"elementor-section elementor-top-section elementor-element elementor-element-2be049b elementor-section-height-min-height elementor-section-boxed elementor-section-height-default elementor-section-items-middle\" data-id=\"2be049b\" data-element_type=\"section\" data-e-type=\"section\" data-settings=\"{&quot;background_background&quot;:&quot;classic&quot;}\">\n\t\t\t\t\t\t\t<div class=\"elementor-background-overlay\"><\/div>\n\t\t\t\t\t\t\t<div class=\"elementor-container elementor-column-gap-default\">\n\t\t\t\t\t<div class=\"elementor-column elementor-col-100 elementor-top-column elementor-element elementor-element-82c7e5f\" data-id=\"82c7e5f\" data-element_type=\"column\" data-e-type=\"column\">\n\t\t\t<div class=\"elementor-widget-wrap elementor-element-populated\">\n\t\t\t\t\t\t<section class=\"elementor-section elementor-inner-section elementor-element elementor-element-e2b18a9 elementor-section-boxed elementor-section-height-default elementor-section-height-default\" data-id=\"e2b18a9\" data-element_type=\"section\" data-e-type=\"section\">\n\t\t\t\t\t\t<div class=\"elementor-container elementor-column-gap-default\">\n\t\t\t\t\t<div class=\"elementor-column elementor-col-50 elementor-inner-column elementor-element elementor-element-414b1c4\" data-id=\"414b1c4\" data-element_type=\"column\" data-e-type=\"column\">\n\t\t\t<div class=\"elementor-widget-wrap elementor-element-populated\">\n\t\t\t\t\t\t<div class=\"elementor-element elementor-element-53f89be elementor-align-right elementor-widget elementor-widget-button\" data-id=\"53f89be\" data-element_type=\"widget\" data-e-type=\"widget\" data-widget_type=\"button.default\">\n\t\t\t\t<div class=\"elementor-widget-container\">\n\t\t\t\t\t\t\t\t\t<div class=\"elementor-button-wrapper\">\n\t\t\t\t\t<a class=\"elementor-button elementor-button-link elementor-size-sm\" href=\"https:\/\/www.decisionsupporttools.com\/pt-br\/contato\/\">\n\t\t\t\t\t\t<span class=\"elementor-button-content-wrapper\">\n\t\t\t\t\t\t\t\t\t<span class=\"elementor-button-text\">Contate-Nos<\/span>\n\t\t\t\t\t<\/span>\n\t\t\t\t\t<\/a>\n\t\t\t\t<\/div>\n\t\t\t\t\t\t\t\t<\/div>\n\t\t\t\t<\/div>\n\t\t\t\t\t<\/div>\n\t\t<\/div>\n\t\t\t\t<div class=\"elementor-column elementor-col-50 elementor-inner-column elementor-element elementor-element-c93679b\" data-id=\"c93679b\" data-element_type=\"column\" data-e-type=\"column\">\n\t\t\t<div class=\"elementor-widget-wrap elementor-element-populated\">\n\t\t\t\t\t\t<div class=\"elementor-element elementor-element-c360297 elementor-widget elementor-widget-heading\" data-id=\"c360297\" data-element_type=\"widget\" data-e-type=\"widget\" data-widget_type=\"heading.default\">\n\t\t\t\t<div class=\"elementor-widget-container\">\n\t\t\t\t\t<h2 class=\"elementor-heading-title elementor-size-default\">Contate-Nos<\/h2>\t\t\t\t<\/div>\n\t\t\t\t<\/div>\n\t\t\t\t<div class=\"elementor-element elementor-element-1f416b8 elementor-widget elementor-widget-text-editor\" data-id=\"1f416b8\" data-element_type=\"widget\" data-e-type=\"widget\" data-widget_type=\"text-editor.default\">\n\t\t\t\t<div class=\"elementor-widget-container\">\n\t\t\t\t\t\t\t\t\t<p>Teremos prazer em falar com voc\u00ea e saber como podemos ajudar voc\u00ea e sua empresa.<\/p>\n\t\t\t\t\t\t\t\t<\/div>\n\t\t\t\t<\/div>\n\t\t\t\t\t<\/div>\n\t\t<\/div>\n\t\t\t\t\t<\/div>\n\t\t<\/section>\n\t\t\t\t<div class=\"elementor-element elementor-element-13f8379 elementor-widget elementor-widget-spacer\" data-id=\"13f8379\" data-element_type=\"widget\" data-e-type=\"widget\" data-widget_type=\"spacer.default\">\n\t\t\t\t<div class=\"elementor-widget-container\">\n\t\t\t\t\t\t\t<div class=\"elementor-spacer\">\n\t\t\t<div class=\"elementor-spacer-inner\"><\/div>\n\t\t<\/div>\n\t\t\t\t\t\t<\/div>\n\t\t\t\t<\/div>\n\t\t\t\t\t<\/div>\n\t\t<\/div>\n\t\t\t\t\t<\/div>\n\t\t<\/section>\n\t\t\t\t<\/div>\n\t\t","protected":false},"excerpt":{"rendered":"<p>Produtos e Servi\u00e7os DST Evaluator Suite Os m\u00f3dulos DST podem ser usados individualmente ou em combina\u00e7\u00e3o para avaliar o que vale a pena fazer, por que e quando, ao gerenciar [&hellip;]<\/p>\n","protected":false},"author":2,"featured_media":0,"parent":0,"menu_order":0,"comment_status":"closed","ping_status":"closed","template":"elementor_header_footer","meta":{"_acf_changed":false,"om_disable_all_campaigns":false,"_uf_show_specific_survey":0,"_uf_disable_surveys":false,"_price":"","_stock":"","_tribe_ticket_header":"","_tribe_default_ticket_provider":"","_tribe_ticket_capacity":"0","_ticket_start_date":"","_ticket_end_date":"","_tribe_ticket_show_description":"","_tribe_ticket_show_not_going":false,"_tribe_ticket_use_global_stock":"","_tribe_ticket_global_stock_level":"","_global_stock_mode":"","_global_stock_cap":"","_tribe_rsvp_for_event":"","_tribe_ticket_going_count":"","_tribe_ticket_not_going_count":"","_tribe_tickets_list":"[]","_tribe_ticket_has_attendee_info_fields":false,"footnotes":"","_tec_slr_enabled":"","_tec_slr_layout":""},"class_list":["post-765","page","type-page","status-publish","hentry"],"acf":[],"yoast_head":"<!-- This site is optimized with the Yoast SEO Premium plugin v27.2 (Yoast SEO v27.2) - https:\/\/yoast.com\/product\/yoast-seo-premium-wordpress\/ -->\n<title>Produtos e Servi\u00e7os - Decision Support Tools<\/title>\n<meta name=\"robots\" content=\"index, follow, max-snippet:-1, max-image-preview:large, max-video-preview:-1\" \/>\n<link rel=\"canonical\" href=\"https:\/\/www.decisionsupporttools.com\/pt-br\/produtos-e-servicos\/\" \/>\n<meta property=\"og:locale\" content=\"pt_BR\" \/>\n<meta property=\"og:type\" content=\"article\" \/>\n<meta property=\"og:title\" content=\"Produtos e Servi\u00e7os\" \/>\n<meta property=\"og:description\" content=\"Produtos e Servi\u00e7os DST Evaluator Suite Os m\u00f3dulos DST podem ser usados individualmente ou em combina\u00e7\u00e3o para avaliar o que vale a pena fazer, por que e quando, ao gerenciar [&hellip;]\" \/>\n<meta property=\"og:url\" content=\"https:\/\/www.decisionsupporttools.com\/pt-br\/produtos-e-servicos\/\" \/>\n<meta property=\"og:site_name\" content=\"Decision Support Tools\" \/>\n<meta property=\"article:modified_time\" content=\"2023-02-13T14:39:07+00:00\" \/>\n<meta name=\"twitter:card\" content=\"summary_large_image\" \/>\n<meta name=\"twitter:label1\" content=\"Est. reading time\" \/>\n\t<meta name=\"twitter:data1\" content=\"1 minuto\" \/>\n<script type=\"application\/ld+json\" class=\"yoast-schema-graph\">{\"@context\":\"https:\/\/schema.org\",\"@graph\":[{\"@type\":\"WebPage\",\"@id\":\"https:\/\/www.decisionsupporttools.com\/pt-br\/produtos-e-servicos\/\",\"url\":\"https:\/\/www.decisionsupporttools.com\/pt-br\/produtos-e-servicos\/\",\"name\":\"Produtos e Servi\u00e7os - Decision Support Tools\",\"isPartOf\":{\"@id\":\"https:\/\/www.decisionsupporttools.com\/pt-br\/#website\"},\"datePublished\":\"2021-11-22T09:42:15+00:00\",\"dateModified\":\"2023-02-13T14:39:07+00:00\",\"breadcrumb\":{\"@id\":\"https:\/\/www.decisionsupporttools.com\/pt-br\/produtos-e-servicos\/#breadcrumb\"},\"inLanguage\":\"pt-BR\",\"potentialAction\":[{\"@type\":\"ReadAction\",\"target\":[\"https:\/\/www.decisionsupporttools.com\/pt-br\/produtos-e-servicos\/\"]}]},{\"@type\":\"BreadcrumbList\",\"@id\":\"https:\/\/www.decisionsupporttools.com\/pt-br\/produtos-e-servicos\/#breadcrumb\",\"itemListElement\":[{\"@type\":\"ListItem\",\"position\":1,\"name\":\"Home\",\"item\":\"https:\/\/www.decisionsupporttools.com\/pt-br\/\"},{\"@type\":\"ListItem\",\"position\":2,\"name\":\"Produtos e Servi\u00e7os\"}]},{\"@type\":\"WebSite\",\"@id\":\"https:\/\/www.decisionsupporttools.com\/pt-br\/#website\",\"url\":\"https:\/\/www.decisionsupporttools.com\/pt-br\/\",\"name\":\"Decision Support Tools\",\"description\":\"Decision Support Tools\",\"publisher\":{\"@id\":\"https:\/\/www.decisionsupporttools.com\/pt-br\/#organization\"},\"potentialAction\":[{\"@type\":\"SearchAction\",\"target\":{\"@type\":\"EntryPoint\",\"urlTemplate\":\"https:\/\/www.decisionsupporttools.com\/pt-br\/?s={search_term_string}\"},\"query-input\":{\"@type\":\"PropertyValueSpecification\",\"valueRequired\":true,\"valueName\":\"search_term_string\"}}],\"inLanguage\":\"pt-BR\"},{\"@type\":\"Organization\",\"@id\":\"https:\/\/www.decisionsupporttools.com\/pt-br\/#organization\",\"name\":\"Decision Support Tools\",\"url\":\"https:\/\/www.decisionsupporttools.com\/pt-br\/\",\"logo\":{\"@type\":\"ImageObject\",\"inLanguage\":\"pt-BR\",\"@id\":\"https:\/\/www.decisionsupporttools.com\/pt-br\/#\/schema\/logo\/image\/\",\"url\":\"https:\/\/www.decisionsupporttools.com\/wp-content\/uploads\/sites\/8\/2021\/09\/DST-Website-Logo_240x111_v2.png\",\"contentUrl\":\"https:\/\/www.decisionsupporttools.com\/wp-content\/uploads\/sites\/8\/2021\/09\/DST-Website-Logo_240x111_v2.png\",\"width\":240,\"height\":111,\"caption\":\"Decision Support Tools\"},\"image\":{\"@id\":\"https:\/\/www.decisionsupporttools.com\/pt-br\/#\/schema\/logo\/image\/\"}}]}<\/script>\n<!-- \/ Yoast SEO Premium plugin. -->","yoast_head_json":{"title":"Produtos e Servi\u00e7os - Decision Support Tools","robots":{"index":"index","follow":"follow","max-snippet":"max-snippet:-1","max-image-preview":"max-image-preview:large","max-video-preview":"max-video-preview:-1"},"canonical":"https:\/\/www.decisionsupporttools.com\/pt-br\/produtos-e-servicos\/","og_locale":"pt_BR","og_type":"article","og_title":"Produtos e Servi\u00e7os","og_description":"Produtos e Servi\u00e7os DST Evaluator Suite Os m\u00f3dulos DST podem ser usados individualmente ou em combina\u00e7\u00e3o para avaliar o que vale a pena fazer, por que e quando, ao gerenciar [&hellip;]","og_url":"https:\/\/www.decisionsupporttools.com\/pt-br\/produtos-e-servicos\/","og_site_name":"Decision Support Tools","article_modified_time":"2023-02-13T14:39:07+00:00","twitter_card":"summary_large_image","twitter_misc":{"Est. reading time":"1 minuto"},"schema":{"@context":"https:\/\/schema.org","@graph":[{"@type":"WebPage","@id":"https:\/\/www.decisionsupporttools.com\/pt-br\/produtos-e-servicos\/","url":"https:\/\/www.decisionsupporttools.com\/pt-br\/produtos-e-servicos\/","name":"Produtos e Servi\u00e7os - Decision Support Tools","isPartOf":{"@id":"https:\/\/www.decisionsupporttools.com\/pt-br\/#website"},"datePublished":"2021-11-22T09:42:15+00:00","dateModified":"2023-02-13T14:39:07+00:00","breadcrumb":{"@id":"https:\/\/www.decisionsupporttools.com\/pt-br\/produtos-e-servicos\/#breadcrumb"},"inLanguage":"pt-BR","potentialAction":[{"@type":"ReadAction","target":["https:\/\/www.decisionsupporttools.com\/pt-br\/produtos-e-servicos\/"]}]},{"@type":"BreadcrumbList","@id":"https:\/\/www.decisionsupporttools.com\/pt-br\/produtos-e-servicos\/#breadcrumb","itemListElement":[{"@type":"ListItem","position":1,"name":"Home","item":"https:\/\/www.decisionsupporttools.com\/pt-br\/"},{"@type":"ListItem","position":2,"name":"Produtos e Servi\u00e7os"}]},{"@type":"WebSite","@id":"https:\/\/www.decisionsupporttools.com\/pt-br\/#website","url":"https:\/\/www.decisionsupporttools.com\/pt-br\/","name":"Decision Support Tools","description":"Decision Support Tools","publisher":{"@id":"https:\/\/www.decisionsupporttools.com\/pt-br\/#organization"},"potentialAction":[{"@type":"SearchAction","target":{"@type":"EntryPoint","urlTemplate":"https:\/\/www.decisionsupporttools.com\/pt-br\/?s={search_term_string}"},"query-input":{"@type":"PropertyValueSpecification","valueRequired":true,"valueName":"search_term_string"}}],"inLanguage":"pt-BR"},{"@type":"Organization","@id":"https:\/\/www.decisionsupporttools.com\/pt-br\/#organization","name":"Decision Support Tools","url":"https:\/\/www.decisionsupporttools.com\/pt-br\/","logo":{"@type":"ImageObject","inLanguage":"pt-BR","@id":"https:\/\/www.decisionsupporttools.com\/pt-br\/#\/schema\/logo\/image\/","url":"https:\/\/www.decisionsupporttools.com\/wp-content\/uploads\/sites\/8\/2021\/09\/DST-Website-Logo_240x111_v2.png","contentUrl":"https:\/\/www.decisionsupporttools.com\/wp-content\/uploads\/sites\/8\/2021\/09\/DST-Website-Logo_240x111_v2.png","width":240,"height":111,"caption":"Decision Support Tools"},"image":{"@id":"https:\/\/www.decisionsupporttools.com\/pt-br\/#\/schema\/logo\/image\/"}}]}},"ticketed":false,"_links":{"self":[{"href":"https:\/\/www.decisionsupporttools.com\/pt-br\/wp-json\/wp\/v2\/pages\/765","targetHints":{"allow":["GET"]}}],"collection":[{"href":"https:\/\/www.decisionsupporttools.com\/pt-br\/wp-json\/wp\/v2\/pages"}],"about":[{"href":"https:\/\/www.decisionsupporttools.com\/pt-br\/wp-json\/wp\/v2\/types\/page"}],"author":[{"embeddable":true,"href":"https:\/\/www.decisionsupporttools.com\/pt-br\/wp-json\/wp\/v2\/users\/2"}],"replies":[{"embeddable":true,"href":"https:\/\/www.decisionsupporttools.com\/pt-br\/wp-json\/wp\/v2\/comments?post=765"}],"version-history":[{"count":0,"href":"https:\/\/www.decisionsupporttools.com\/pt-br\/wp-json\/wp\/v2\/pages\/765\/revisions"}],"wp:attachment":[{"href":"https:\/\/www.decisionsupporttools.com\/pt-br\/wp-json\/wp\/v2\/media?parent=765"}],"curies":[{"name":"wp","href":"https:\/\/api.w.org\/{rel}","templated":true}]}}