{"id":788,"date":"2021-11-22T09:42:21","date_gmt":"2021-11-22T09:42:21","guid":{"rendered":"https:\/\/www.decisionsupporttools.com\/mapa-do-site\/"},"modified":"2021-11-22T09:42:22","modified_gmt":"2021-11-22T09:42:22","slug":"mapa-do-site","status":"publish","type":"page","link":"https:\/\/www.decisionsupporttools.com\/pt-br\/mapa-do-site\/","title":{"rendered":"Mapa do site"},"content":{"rendered":"\t\t<div data-elementor-type=\"wp-page\" data-elementor-id=\"788\" class=\"elementor elementor-788 elementor-385\" data-elementor-post-type=\"page\">\n\t\t\t\t\t\t<section class=\"elementor-section elementor-top-section elementor-element elementor-element-a3d67a3 elementor-section-height-min-height elementor-section-boxed elementor-section-height-default elementor-section-items-middle\" data-id=\"a3d67a3\" data-element_type=\"section\" data-e-type=\"section\" data-settings=\"{&quot;background_background&quot;:&quot;classic&quot;}\">\n\t\t\t\t\t\t<div class=\"elementor-container elementor-column-gap-default\">\n\t\t\t\t\t<div class=\"elementor-column elementor-col-100 elementor-top-column elementor-element elementor-element-a135c29\" data-id=\"a135c29\" data-element_type=\"column\" data-e-type=\"column\">\n\t\t\t<div class=\"elementor-widget-wrap elementor-element-populated\">\n\t\t\t\t\t\t<div class=\"elementor-element elementor-element-aa8cb15 elementor-widget elementor-widget-heading\" data-id=\"aa8cb15\" data-element_type=\"widget\" data-e-type=\"widget\" data-widget_type=\"heading.default\">\n\t\t\t\t<div class=\"elementor-widget-container\">\n\t\t\t\t\t<h1 class=\"elementor-heading-title elementor-size-default\">Mapa do site<\/h1>\t\t\t\t<\/div>\n\t\t\t\t<\/div>\n\t\t\t\t\t<\/div>\n\t\t<\/div>\n\t\t\t\t\t<\/div>\n\t\t<\/section>\n\t\t\t\t<section class=\"elementor-section elementor-top-section elementor-element elementor-element-e524e13 elementor-section-boxed elementor-section-height-default elementor-section-height-default\" data-id=\"e524e13\" data-element_type=\"section\" data-e-type=\"section\">\n\t\t\t\t\t\t<div class=\"elementor-container elementor-column-gap-default\">\n\t\t\t\t\t<div class=\"elementor-column elementor-col-100 elementor-top-column elementor-element elementor-element-71bf940\" data-id=\"71bf940\" data-element_type=\"column\" data-e-type=\"column\">\n\t\t\t<div class=\"elementor-widget-wrap elementor-element-populated\">\n\t\t\t\t\t\t<div class=\"elementor-element elementor-element-785e8dd elementor-widget elementor-widget-sitemap\" data-id=\"785e8dd\" data-element_type=\"widget\" data-e-type=\"widget\" data-widget_type=\"sitemap.default\">\n\t\t\t\t<div class=\"elementor-widget-container\">\n\t\t\t\t\t<div class=\"elementor-sitemap-wrap\"><div class=\"elementor-sitemap-section\"><h2 class=\"elementor-sitemap-title elementor-sitemap-page-title\">Pages<\/h2><ul class=\"elementor-sitemap-list elementor-sitemap-page-list\"><li class=\"elementor-sitemap-item elementor-sitemap-item-page page_item page-item-761\"><a href=\"https:\/\/www.decisionsupporttools.com\/pt-br\/\">Casa<\/a><\/li><li class=\"elementor-sitemap-item elementor-sitemap-item-page page_item page-item-765\"><a href=\"https:\/\/www.decisionsupporttools.com\/pt-br\/produtos-e-servicos\/\">Produtos e Servi\u00e7os<\/a><ul class='children'><li class=\"elementor-sitemap-item elementor-sitemap-item-page page_item page-item-801\"><a href=\"https:\/\/www.decisionsupporttools.com\/pt-br\/produtos-e-servicos\/dst-evaluator-suite\/\">DST Evaluator Suite<\/a><\/li><li class=\"elementor-sitemap-item elementor-sitemap-item-page page_item page-item-805\"><a href=\"https:\/\/www.decisionsupporttools.com\/pt-br\/produtos-e-servicos\/treinamento-e-desenvolvimento\/\">Treinamento e Desenvolvimento<\/a><\/li><\/ul><\/li><li class=\"elementor-sitemap-item elementor-sitemap-item-page page_item page-item-768\"><a href=\"https:\/\/www.decisionsupporttools.com\/pt-br\/contato\/\">Contato<\/a><\/li><li class=\"elementor-sitemap-item elementor-sitemap-item-page page_item page-item-769\"><a href=\"https:\/\/www.decisionsupporttools.com\/pt-br\/redefinicao-de-senha\/\">Redefini\u00e7\u00e3o de senha<\/a><\/li><li class=\"elementor-sitemap-item elementor-sitemap-item-page page_item page-item-776\"><a href=\"https:\/\/www.decisionsupporttools.com\/pt-br\/setores-industriais\/\">Setores Industriais<\/a><\/li><li class=\"elementor-sitemap-item elementor-sitemap-item-page page_item page-item-777\"><a href=\"https:\/\/www.decisionsupporttools.com\/pt-br\/sobre-dst\/\">Sobre DST<\/a><\/li><li class=\"elementor-sitemap-item elementor-sitemap-item-page page_item page-item-785\"><a href=\"https:\/\/www.decisionsupporttools.com\/pt-br\/recursos-do-cliente\/\">Recursos do cliente<\/a><\/li><li class=\"elementor-sitemap-item elementor-sitemap-item-page page_item page-item-788\"><a href=\"https:\/\/www.decisionsupporttools.com\/pt-br\/mapa-do-site\/\">Mapa do site<\/a><\/li><li class=\"elementor-sitemap-item elementor-sitemap-item-page page_item page-item-799\"><a href=\"https:\/\/www.decisionsupporttools.com\/pt-br\/solucoes\/\">Solu\u00e7\u00f5es<\/a><ul class='children'><li class=\"elementor-sitemap-item elementor-sitemap-item-page page_item page-item-779\"><a href=\"https:\/\/www.decisionsupporttools.com\/pt-br\/solucoes\/planejamento-de-investimentos-de-ativos-stamp\/\">Planejamento de investimentos de ativos (StAMP)<\/a><\/li><li class=\"elementor-sitemap-item elementor-sitemap-item-page page_item page-item-802\"><a href=\"https:\/\/www.decisionsupporttools.com\/pt-br\/solucoes\/otimizacao-e-justificativa-de-manutencao\/\">Otimiza\u00e7\u00e3o e justificativa de manuten\u00e7\u00e3o<\/a><\/li><li class=\"elementor-sitemap-item elementor-sitemap-item-page page_item page-item-818\"><a href=\"https:\/\/www.decisionsupporttools.com\/pt-br\/solucoes\/pacote-de-trabalho-ideal-e-estrategias-de-desligamento\/\">Pacote de trabalho ideal e estrat\u00e9gias de desligamento<\/a><\/li><li class=\"elementor-sitemap-item elementor-sitemap-item-page page_item page-item-824\"><a href=\"https:\/\/www.decisionsupporttools.com\/pt-br\/solucoes\/otimizacao-de-estoque-e-pecas-sobressalentes\/\">Otimiza\u00e7\u00e3o de estoque e pe\u00e7as sobressalentes<\/a><\/li><li class=\"elementor-sitemap-item elementor-sitemap-item-page page_item page-item-826\"><a href=\"https:\/\/www.decisionsupporttools.com\/pt-br\/solucoes\/uma-abordagem-sistematica-para-estabelecer-uma-estrutura-de-tomada-de-decisao\/\">Uma abordagem sistem\u00e1tica para estabelecer uma estrutura de tomada de decis\u00e3o<\/a><\/li><li class=\"elementor-sitemap-item elementor-sitemap-item-page page_item page-item-833\"><a href=\"https:\/\/www.decisionsupporttools.com\/pt-br\/solucoes\/tempo-de-substituicao-ideal-de-ativos-obsoletos-ou-envelhecidos\/\">Tempo de substitui\u00e7\u00e3o ideal de ativos obsoletos ou envelhecidos<\/a><\/li><li class=\"elementor-sitemap-item elementor-sitemap-item-page page_item page-item-1791\"><a href=\"https:\/\/www.decisionsupporttools.com\/pt-br\/solucoes\/gerenciando-cortes-no-orcamento\/\">Lidando com restri\u00e7\u00f5es or\u00e7ament\u00e1rias<\/a><\/li><\/ul><\/li><li class=\"elementor-sitemap-item elementor-sitemap-item-page page_item page-item-803\"><a href=\"https:\/\/www.decisionsupporttools.com\/pt-br\/login-do-cliente\/\">Login do cliente<\/a><\/li><li class=\"elementor-sitemap-item elementor-sitemap-item-page page_item page-item-807\"><a href=\"https:\/\/www.decisionsupporttools.com\/pt-br\/sobre-nos\/\">Sobre n\u00f3s<\/a><ul class='children'><li class=\"elementor-sitemap-item elementor-sitemap-item-page page_item page-item-760\"><a href=\"https:\/\/www.decisionsupporttools.com\/pt-br\/sobre-nos\/funcao-e-finalidade-do-dst\/\">Fun\u00e7\u00e3o e finalidade do DST<\/a><\/li><li class=\"elementor-sitemap-item elementor-sitemap-item-page page_item page-item-763\"><a href=\"https:\/\/www.decisionsupporttools.com\/pt-br\/sobre-nos\/perguntas-frequentes\/\">Perguntas frequentes<\/a><\/li><li class=\"elementor-sitemap-item elementor-sitemap-item-page page_item page-item-787\"><a href=\"https:\/\/www.decisionsupporttools.com\/pt-br\/sobre-nos\/dst-e-salvo\/\">DST e SALVO<\/a><\/li><\/ul><\/li><li class=\"elementor-sitemap-item elementor-sitemap-item-page page_item page-item-844\"><a href=\"https:\/\/www.decisionsupporttools.com\/pt-br\/politica-de-privacidade\/\">Pol\u00edtica de Privacidade<\/a><\/li><li class=\"elementor-sitemap-item elementor-sitemap-item-page page_item page-item-850\"><a href=\"https:\/\/www.decisionsupporttools.com\/pt-br\/termos-de-uso\/\">Termos de uso<\/a><\/li><li class=\"elementor-sitemap-item elementor-sitemap-item-page page_item page-item-1032\"><a href=\"https:\/\/www.decisionsupporttools.com\/pt-br\/login-do-cliente-sabic\/\">Login do cliente &#8211; SABIC<\/a><\/li><li class=\"elementor-sitemap-item elementor-sitemap-item-page page_item page-item-1037\"><a href=\"https:\/\/www.decisionsupporttools.com\/pt-br\/recursos-do-cliente-duplicado-408\/\">Recursos do cliente &#8211; SABIC<\/a><\/li><li class=\"elementor-sitemap-item elementor-sitemap-item-page page_item page-item-1049\"><a href=\"https:\/\/www.decisionsupporttools.com\/pt-br\/produtos-e-servicos-duplicar-513\/\">Novas inova\u00e7\u00f5es<\/a><\/li><li class=\"elementor-sitemap-item elementor-sitemap-item-page page_item page-item-1081\"><a href=\"https:\/\/www.decisionsupporttools.com\/pt-br\/noticias\/\">Not\u00edcias<\/a><\/li><li class=\"elementor-sitemap-item elementor-sitemap-item-page page_item page-item-1083\"><a href=\"https:\/\/www.decisionsupporttools.com\/pt-br\/membros\/\">Membros<\/a><\/li><li class=\"elementor-sitemap-item elementor-sitemap-item-page page_item page-item-1084\"><a href=\"https:\/\/www.decisionsupporttools.com\/pt-br\/termos-de-servico\/\">Termos de servi\u00e7o<\/a><\/li><li class=\"elementor-sitemap-item elementor-sitemap-item-page page_item page-item-1466\"><a href=\"https:\/\/www.decisionsupporttools.com\/pt-br\/recursos-do-cliente-sabic\/\">Hor\u00e1rio de ver\u00e3o SABIC<\/a><\/li><li class=\"elementor-sitemap-item elementor-sitemap-item-page page_item page-item-1961\"><a href=\"https:\/\/www.decisionsupporttools.com\/pt-br\/solicitacao-de-demonstracao-do-horario-de-verao\/\">Solicita\u00e7\u00e3o de demonstra\u00e7\u00e3o do hor\u00e1rio de ver\u00e3o<\/a><\/li><\/ul><\/div><\/div>\t\t\t\t<\/div>\n\t\t\t\t<\/div>\n\t\t\t\t\t<\/div>\n\t\t<\/div>\n\t\t\t\t\t<\/div>\n\t\t<\/section>\n\t\t\t\t<\/div>\n\t\t","protected":false},"excerpt":{"rendered":"<p>Mapa do site<\/p>\n","protected":false},"author":1,"featured_media":0,"parent":0,"menu_order":0,"comment_status":"closed","ping_status":"closed","template":"elementor_header_footer","meta":{"_acf_changed":false,"om_disable_all_campaigns":false,"_uf_show_specific_survey":0,"_uf_disable_surveys":false,"_price":"","_stock":"","_tribe_ticket_header":"","_tribe_default_ticket_provider":"","_tribe_ticket_capacity":"0","_ticket_start_date":"","_ticket_end_date":"","_tribe_ticket_show_description":"","_tribe_ticket_show_not_going":false,"_tribe_ticket_use_global_stock":"","_tribe_ticket_global_stock_level":"","_global_stock_mode":"","_global_stock_cap":"","_tribe_rsvp_for_event":"","_tribe_ticket_going_count":"","_tribe_ticket_not_going_count":"","_tribe_tickets_list":"[]","_tribe_ticket_has_attendee_info_fields":false,"footnotes":"","_tec_slr_enabled":"","_tec_slr_layout":""},"class_list":["post-788","page","type-page","status-publish","hentry"],"acf":[],"yoast_head":"<!-- This site is optimized with the Yoast SEO Premium plugin v27.2 (Yoast SEO v27.5) - https:\/\/yoast.com\/product\/yoast-seo-premium-wordpress\/ -->\n<title>Mapa do site - Decision Support Tools<\/title>\n<meta name=\"robots\" content=\"index, follow, max-snippet:-1, max-image-preview:large, max-video-preview:-1\" \/>\n<link rel=\"canonical\" href=\"https:\/\/www.decisionsupporttools.com\/pt-br\/mapa-do-site\/\" \/>\n<meta property=\"og:locale\" content=\"pt_BR\" \/>\n<meta property=\"og:type\" content=\"article\" \/>\n<meta property=\"og:title\" content=\"Mapa do site\" \/>\n<meta property=\"og:description\" content=\"Mapa do site\" \/>\n<meta property=\"og:url\" content=\"https:\/\/www.decisionsupporttools.com\/pt-br\/mapa-do-site\/\" \/>\n<meta property=\"og:site_name\" content=\"Decision Support Tools\" \/>\n<meta property=\"article:modified_time\" content=\"2021-11-22T09:42:22+00:00\" \/>\n<meta name=\"twitter:card\" content=\"summary_large_image\" \/>\n<script type=\"application\/ld+json\" class=\"yoast-schema-graph\">{\"@context\":\"https:\\\/\\\/schema.org\",\"@graph\":[{\"@type\":\"WebPage\",\"@id\":\"https:\\\/\\\/www.decisionsupporttools.com\\\/pt-br\\\/mapa-do-site\\\/\",\"url\":\"https:\\\/\\\/www.decisionsupporttools.com\\\/pt-br\\\/mapa-do-site\\\/\",\"name\":\"Mapa do site - Decision Support Tools\",\"isPartOf\":{\"@id\":\"https:\\\/\\\/www.decisionsupporttools.com\\\/pt-br\\\/#website\"},\"datePublished\":\"2021-11-22T09:42:21+00:00\",\"dateModified\":\"2021-11-22T09:42:22+00:00\",\"breadcrumb\":{\"@id\":\"https:\\\/\\\/www.decisionsupporttools.com\\\/pt-br\\\/mapa-do-site\\\/#breadcrumb\"},\"inLanguage\":\"pt-BR\",\"potentialAction\":[{\"@type\":\"ReadAction\",\"target\":[\"https:\\\/\\\/www.decisionsupporttools.com\\\/pt-br\\\/mapa-do-site\\\/\"]}]},{\"@type\":\"BreadcrumbList\",\"@id\":\"https:\\\/\\\/www.decisionsupporttools.com\\\/pt-br\\\/mapa-do-site\\\/#breadcrumb\",\"itemListElement\":[{\"@type\":\"ListItem\",\"position\":1,\"name\":\"Home\",\"item\":\"https:\\\/\\\/www.decisionsupporttools.com\\\/pt-br\\\/casa\\\/\"},{\"@type\":\"ListItem\",\"position\":2,\"name\":\"Mapa do site\"}]},{\"@type\":\"WebSite\",\"@id\":\"https:\\\/\\\/www.decisionsupporttools.com\\\/pt-br\\\/#website\",\"url\":\"https:\\\/\\\/www.decisionsupporttools.com\\\/pt-br\\\/\",\"name\":\"Decision Support Tools\",\"description\":\"Decision Support Tools\",\"publisher\":{\"@id\":\"https:\\\/\\\/www.decisionsupporttools.com\\\/pt-br\\\/#organization\"},\"potentialAction\":[{\"@type\":\"SearchAction\",\"target\":{\"@type\":\"EntryPoint\",\"urlTemplate\":\"https:\\\/\\\/www.decisionsupporttools.com\\\/pt-br\\\/?s={search_term_string}\"},\"query-input\":{\"@type\":\"PropertyValueSpecification\",\"valueRequired\":true,\"valueName\":\"search_term_string\"}}],\"inLanguage\":\"pt-BR\"},{\"@type\":\"Organization\",\"@id\":\"https:\\\/\\\/www.decisionsupporttools.com\\\/pt-br\\\/#organization\",\"name\":\"Decision Support Tools\",\"url\":\"https:\\\/\\\/www.decisionsupporttools.com\\\/pt-br\\\/\",\"logo\":{\"@type\":\"ImageObject\",\"inLanguage\":\"pt-BR\",\"@id\":\"https:\\\/\\\/www.decisionsupporttools.com\\\/pt-br\\\/#\\\/schema\\\/logo\\\/image\\\/\",\"url\":\"https:\\\/\\\/www.decisionsupporttools.com\\\/wp-content\\\/uploads\\\/sites\\\/8\\\/2021\\\/09\\\/DST-Website-Logo_240x111_v2.png\",\"contentUrl\":\"https:\\\/\\\/www.decisionsupporttools.com\\\/wp-content\\\/uploads\\\/sites\\\/8\\\/2021\\\/09\\\/DST-Website-Logo_240x111_v2.png\",\"width\":240,\"height\":111,\"caption\":\"Decision Support Tools\"},\"image\":{\"@id\":\"https:\\\/\\\/www.decisionsupporttools.com\\\/pt-br\\\/#\\\/schema\\\/logo\\\/image\\\/\"}}]}<\/script>\n<!-- \/ Yoast SEO Premium plugin. -->","yoast_head_json":{"title":"Mapa do site - Decision Support Tools","robots":{"index":"index","follow":"follow","max-snippet":"max-snippet:-1","max-image-preview":"max-image-preview:large","max-video-preview":"max-video-preview:-1"},"canonical":"https:\/\/www.decisionsupporttools.com\/pt-br\/mapa-do-site\/","og_locale":"pt_BR","og_type":"article","og_title":"Mapa do site","og_description":"Mapa do site","og_url":"https:\/\/www.decisionsupporttools.com\/pt-br\/mapa-do-site\/","og_site_name":"Decision Support Tools","article_modified_time":"2021-11-22T09:42:22+00:00","twitter_card":"summary_large_image","schema":{"@context":"https:\/\/schema.org","@graph":[{"@type":"WebPage","@id":"https:\/\/www.decisionsupporttools.com\/pt-br\/mapa-do-site\/","url":"https:\/\/www.decisionsupporttools.com\/pt-br\/mapa-do-site\/","name":"Mapa do site - Decision Support Tools","isPartOf":{"@id":"https:\/\/www.decisionsupporttools.com\/pt-br\/#website"},"datePublished":"2021-11-22T09:42:21+00:00","dateModified":"2021-11-22T09:42:22+00:00","breadcrumb":{"@id":"https:\/\/www.decisionsupporttools.com\/pt-br\/mapa-do-site\/#breadcrumb"},"inLanguage":"pt-BR","potentialAction":[{"@type":"ReadAction","target":["https:\/\/www.decisionsupporttools.com\/pt-br\/mapa-do-site\/"]}]},{"@type":"BreadcrumbList","@id":"https:\/\/www.decisionsupporttools.com\/pt-br\/mapa-do-site\/#breadcrumb","itemListElement":[{"@type":"ListItem","position":1,"name":"Home","item":"https:\/\/www.decisionsupporttools.com\/pt-br\/casa\/"},{"@type":"ListItem","position":2,"name":"Mapa do site"}]},{"@type":"WebSite","@id":"https:\/\/www.decisionsupporttools.com\/pt-br\/#website","url":"https:\/\/www.decisionsupporttools.com\/pt-br\/","name":"Decision Support Tools","description":"Decision Support Tools","publisher":{"@id":"https:\/\/www.decisionsupporttools.com\/pt-br\/#organization"},"potentialAction":[{"@type":"SearchAction","target":{"@type":"EntryPoint","urlTemplate":"https:\/\/www.decisionsupporttools.com\/pt-br\/?s={search_term_string}"},"query-input":{"@type":"PropertyValueSpecification","valueRequired":true,"valueName":"search_term_string"}}],"inLanguage":"pt-BR"},{"@type":"Organization","@id":"https:\/\/www.decisionsupporttools.com\/pt-br\/#organization","name":"Decision Support Tools","url":"https:\/\/www.decisionsupporttools.com\/pt-br\/","logo":{"@type":"ImageObject","inLanguage":"pt-BR","@id":"https:\/\/www.decisionsupporttools.com\/pt-br\/#\/schema\/logo\/image\/","url":"https:\/\/www.decisionsupporttools.com\/wp-content\/uploads\/sites\/8\/2021\/09\/DST-Website-Logo_240x111_v2.png","contentUrl":"https:\/\/www.decisionsupporttools.com\/wp-content\/uploads\/sites\/8\/2021\/09\/DST-Website-Logo_240x111_v2.png","width":240,"height":111,"caption":"Decision Support Tools"},"image":{"@id":"https:\/\/www.decisionsupporttools.com\/pt-br\/#\/schema\/logo\/image\/"}}]}},"ticketed":false,"_links":{"self":[{"href":"https:\/\/www.decisionsupporttools.com\/pt-br\/wp-json\/wp\/v2\/pages\/788","targetHints":{"allow":["GET"]}}],"collection":[{"href":"https:\/\/www.decisionsupporttools.com\/pt-br\/wp-json\/wp\/v2\/pages"}],"about":[{"href":"https:\/\/www.decisionsupporttools.com\/pt-br\/wp-json\/wp\/v2\/types\/page"}],"author":[{"embeddable":true,"href":"https:\/\/www.decisionsupporttools.com\/pt-br\/wp-json\/wp\/v2\/users\/1"}],"replies":[{"embeddable":true,"href":"https:\/\/www.decisionsupporttools.com\/pt-br\/wp-json\/wp\/v2\/comments?post=788"}],"version-history":[{"count":0,"href":"https:\/\/www.decisionsupporttools.com\/pt-br\/wp-json\/wp\/v2\/pages\/788\/revisions"}],"wp:attachment":[{"href":"https:\/\/www.decisionsupporttools.com\/pt-br\/wp-json\/wp\/v2\/media?parent=788"}],"curies":[{"name":"wp","href":"https:\/\/api.w.org\/{rel}","templated":true}]}}