{"id":844,"date":"2021-12-08T10:06:34","date_gmt":"2021-12-08T10:06:34","guid":{"rendered":"https:\/\/www.decisionsupporttools.com\/politica-de-privacidade\/"},"modified":"2021-12-08T10:06:35","modified_gmt":"2021-12-08T10:06:35","slug":"politica-de-privacidade","status":"publish","type":"page","link":"https:\/\/www.decisionsupporttools.com\/pt-br\/politica-de-privacidade\/","title":{"rendered":"Pol\u00edtica de Privacidade"},"content":{"rendered":"\t\t<div data-elementor-type=\"wp-page\" data-elementor-id=\"844\" class=\"elementor elementor-844 elementor-843\" data-elementor-post-type=\"page\">\n\t\t\t\t\t\t<section class=\"elementor-section elementor-top-section elementor-element elementor-element-c7dd5b2 elementor-section-boxed elementor-section-height-default elementor-section-height-default\" data-id=\"c7dd5b2\" data-element_type=\"section\" data-e-type=\"section\">\n\t\t\t\t\t\t<div class=\"elementor-container elementor-column-gap-default\">\n\t\t\t\t\t<div class=\"elementor-column elementor-col-100 elementor-top-column elementor-element elementor-element-30feba4\" data-id=\"30feba4\" data-element_type=\"column\" data-e-type=\"column\">\n\t\t\t<div class=\"elementor-widget-wrap elementor-element-populated\">\n\t\t\t\t\t\t<div class=\"elementor-element elementor-element-a0a3563 elementor-widget elementor-widget-heading\" data-id=\"a0a3563\" data-element_type=\"widget\" data-e-type=\"widget\" data-widget_type=\"heading.default\">\n\t\t\t\t<div class=\"elementor-widget-container\">\n\t\t\t\t\t<h2 class=\"elementor-heading-title elementor-size-default\">Pol\u00edtica de Privacidade<\/h2>\t\t\t\t<\/div>\n\t\t\t\t<\/div>\n\t\t\t\t<div class=\"elementor-element elementor-element-7509310 elementor-widget elementor-widget-text-editor\" data-id=\"7509310\" data-element_type=\"widget\" data-e-type=\"widget\" data-widget_type=\"text-editor.default\">\n\t\t\t\t<div class=\"elementor-widget-container\">\n\t\t\t\t\t\t\t\t\t<p><strong>Esta pol\u00edtica de privacidade define como a Decision Support Tools Ltd usa e protege todas as informa\u00e7\u00f5es que voc\u00ea fornece ao usar este site.<\/strong><\/p>\n<p><strong>A Decision Support Tools Ltd<\/strong> est\u00e1 empenhada em garantir que a sua privacidade seja protegida. Se solicitarmos que voc\u00ea forne\u00e7a certas informa\u00e7\u00f5es pelas quais voc\u00ea possa ser identificado ao usar este site, voc\u00ea pode ter certeza de que elas ser\u00e3o usadas apenas de acordo com esta declara\u00e7\u00e3o de privacidade.<\/p>\n<p><strong>A Decision Support Tools Ltd<\/strong> pode alterar esta pol\u00edtica de tempos em tempos, atualizando esta p\u00e1gina. Voc\u00ea deve verificar esta p\u00e1gina de vez em quando para garantir que est\u00e1 satisfeito com as altera\u00e7\u00f5es. Esta pol\u00edtica entra em vigor a partir de 21 de maio de 2018.<\/p>\n<p><strong>1.0 Legisla\u00e7\u00e3o Relevante<\/strong><\/p>\n<p>Nosso site foi projetado para cumprir a seguinte legisla\u00e7\u00e3o nacional e internacional em rela\u00e7\u00e3o \u00e0 prote\u00e7\u00e3o de dados e privacidade do usu\u00e1rio:<\/p>\n<p><u><a role=\"link\" href=\"http:\/\/www.legislation.gov.uk\/ukpga\/1998\/29\/contents\"><strong>Lei de Prote\u00e7\u00e3o de Dados do Reino Unido de 1998 (DPA)<\/strong><\/a><\/u><\/p>\n<p><strong><u><a role=\"link\" href=\"http:\/\/eur-lex.europa.eu\/legal-content\/en\/ALL\/?uri=CELEX:31995L0046\">Diretiva de prote\u00e7\u00e3o de dados da UE de 1995 (DPD)<\/a><\/u><\/strong><\/p>\n<p><strong><u><a role=\"link\" href=\"http:\/\/eur-lex.europa.eu\/legal-content\/EN\/TXT\/?uri=uriserv:OJ.L_.2016.119.01.0001.01.ENG&amp;toc=OJ:L:2016:119:TOC\">Regulamento geral de prote\u00e7\u00e3o de dados da UE 2018 (GDPR)<\/a><\/u><\/strong><\/p>\n<p><strong><u><a role=\"link\" href=\"https:\/\/www.legislation.gov.au\/Series\/C2004A03712\">Australian Privacy Act 1988 (APA)<\/a><\/u><\/strong><\/p>\n<p><strong>2. 0 O que coletamos<\/strong><\/p>\n<p>Podemos coletar as seguintes informa\u00e7\u00f5es fornecidas por voc\u00ea voluntariamente por meio de nossos formul\u00e1rios online:<\/p>\n<p><strong> <\/strong><strong>2.1 Entre em contato:<\/strong><\/p>\n<ul>\n<li>Seu nome e a empresa para a qual voc\u00ea trabalha<\/li>\n<li>Informa\u00e7\u00f5es de contato, que incluem seu endere\u00e7o de e-mail e n\u00famero de telefone de contato<\/li>\n<li>Por que voc\u00ea est\u00e1 nos contatando, isto \u00e9, para obter ajuda em um projeto ou mais informa\u00e7\u00f5es sobre um de nossos produtos e servi\u00e7os.<\/li>\n<li>Se desejar receber informa\u00e7\u00f5es atualizadas no futuro, fa\u00e7a um opt-in.<\/li>\n<\/ul>\n<p><strong>2. 2 Junte-se ao Boletim Decide:<\/strong><\/p>\n<ul>\n<li>Seu nome<\/li>\n<li>Endere\u00e7o de e-mail para contato<\/li>\n<\/ul>\n<p><strong>3. 0 O que fazemos com as informa\u00e7\u00f5es que coletamos<\/strong><\/p>\n<p>Solicitamos essas informa\u00e7\u00f5es para entender suas necessidades e lhe oferecer um melhor servi\u00e7o e, principalmente, pelos seguintes motivos:<\/p>\n<ul>\n<li>Manuten\u00e7\u00e3o de registros internos por meio de nossa plataforma segura de Gerenciamento de Relacionamento com o Cliente, que s\u00e3o processadores de dados terceirizados. Como processadores de dados terceirizados escolhidos, garantimos que eles estejam em conformidade com a legisla\u00e7\u00e3o da UE e sejam <strong><a role=\"link\" href=\"https:\/\/www.privacyshield.gov\/welcome\">EU-US Privacy Shield<\/a><\/strong><\/li>\n<li>Podemos usar as informa\u00e7\u00f5es para melhorar nossos produtos e servi\u00e7os<\/li>\n<li>Se voc\u00ea optou por aderir, enviaremos periodicamente e-mails promocionais sobre novos produtos, ofertas especiais ou outras informa\u00e7\u00f5es que achamos que voc\u00ea pode achar interessante usando o endere\u00e7o de e-mail que voc\u00ea forneceu.<\/li>\n<li>Podemos encaminhar o endere\u00e7o de e-mail fornecido para nossa conta Mail Chimp, que nos fornece servi\u00e7os de marketing por e-mail. Como processador de dados terceirizado escolhido, garantimos que eles estejam em conformidade com a legisla\u00e7\u00e3o da UE e sejam <a role=\"link\" href=\"https:\/\/www.privacyshield.gov\/welcome\"><strong>EU-US Privacy Shield<\/strong><\/a><\/li>\n<li>De vez em quando, tamb\u00e9m podemos usar suas informa\u00e7\u00f5es para contat\u00e1-lo para fins de pesquisa de mercado. Podemos contat\u00e1-lo por e-mail, telefone, fax ou correio.<\/li>\n<li>Podemos usar as informa\u00e7\u00f5es para personalizar o site de acordo com seus interesses.<\/li>\n<\/ul>\n<p><strong>4.0 Seguran\u00e7a<\/strong><\/p>\n<p>Temos o compromisso de garantir a seguran\u00e7a de suas informa\u00e7\u00f5es. Para evitar o acesso ou divulga\u00e7\u00e3o n\u00e3o autorizados, implementamos procedimentos f\u00edsicos, eletr\u00f4nicos e administrativos adequados para salvaguardar e proteger as informa\u00e7\u00f5es que coletamos online.<\/p>\n<p><strong>4.1 Viola\u00e7\u00f5es de dados<\/strong><\/p>\n<p>Iremos relatar qualquer viola\u00e7\u00e3o ilegal de dados do banco de dados do nosso site ou banco de dados (s) de qualquer um de nossos processadores de dados de terceiros a qualquer pessoa e autoridade relevante dentro de 72 horas ap\u00f3s a viola\u00e7\u00e3o, se estiver claro que os dados pessoais identific\u00e1veis armazenados foram foi roubado.<\/p>\n<p><strong>4.2 Este servidor de sites<\/strong><\/p>\n<p>Nosso site \u00e9 hospedado pela WPengine ( <a role=\"link\" href=\"https:\/\/wpengine.co.uk\/support\/gdpr-compliance\/\"><strong>https:\/\/wpengine.co.uk\/support\/gdpr-compliance\/<\/strong><\/a> ), que \u00e9 um host de site confi\u00e1vel. Eles oferecem alta velocidade, confiabilidade e tranquilidade.<\/p>\n<p><strong>5.0 Como usamos cookies<\/strong><\/p>\n<p>Um cookie \u00e9 um pequeno arquivo que pede permiss\u00e3o para ser colocado no disco r\u00edgido do seu computador. Depois de concordar, o arquivo \u00e9 adicionado e o cookie ajuda a analisar o tr\u00e1fego da web ou permite que voc\u00ea saiba quando voc\u00ea visita um determinado site. Os cookies permitem que os aplicativos da web respondam a voc\u00ea como um indiv\u00edduo. O aplicativo da web pode adaptar suas opera\u00e7\u00f5es \u00e0s suas necessidades, gostos e desgostos, reunindo e lembrando informa\u00e7\u00f5es sobre suas prefer\u00eancias.<\/p>\n<p>Usamos cookies de registro de tr\u00e1fego para identificar quais p\u00e1ginas est\u00e3o sendo usadas. Isso nos ajuda a analisar os dados sobre o tr\u00e1fego da p\u00e1gina da web e melhorar nosso site para adapt\u00e1-lo \u00e0s necessidades do cliente. Usamos essas informa\u00e7\u00f5es apenas para fins de an\u00e1lise estat\u00edstica e, em seguida, os dados s\u00e3o removidos do sistema.<\/p>\n<p>No geral, os cookies nos ajudam a fornecer um site melhor, permitindo-nos monitorar quais p\u00e1ginas voc\u00ea considera \u00fateis e quais n\u00e3o. Um cookie de forma alguma nos d\u00e1 acesso ao seu computador ou qualquer informa\u00e7\u00e3o sobre voc\u00ea, exceto os dados que voc\u00ea decidir compartilhar conosco. Voc\u00ea pode optar por aceitar ou recusar cookies. A maioria dos navegadores da web aceita cookies automaticamente, mas voc\u00ea geralmente pode modificar a configura\u00e7\u00e3o do seu navegador para recusar cookies, se preferir. Isso pode impedi-lo de tirar o m\u00e1ximo proveito do site.<\/p>\n<p><strong>5.1 Cookies do Google<\/strong><\/p>\n<p>A Decision Support Tools Ltd usa o Google Analytics para analisar o uso deste website. O Google Analytics gera estat\u00edsticas e outras informa\u00e7\u00f5es sobre o uso do site por meio de cookies, que s\u00e3o armazenados nos computadores dos usu\u00e1rios. As informa\u00e7\u00f5es geradas em rela\u00e7\u00e3o ao nosso site s\u00e3o utilizadas para criar relat\u00f3rios sobre o uso do site. O Google armazenar\u00e1 e usar\u00e1 essas informa\u00e7\u00f5es. A pol\u00edtica de privacidade do Google est\u00e1 dispon\u00edvel em: <a role=\"link\" href=\"http:\/\/www.google.com\/privacypolicy.html\">http:\/\/www.google.com\/privacypolicy.html<\/a><\/p>\n<p><strong>6.0 Links para outros sites<\/strong><\/p>\n<p>Nosso site pode conter links para outros sites de interesse. No entanto, depois de usar esses links para sair de nosso site, voc\u00ea deve observar que n\u00e3o temos nenhum controle sobre esse outro site. Portanto, n\u00e3o podemos ser respons\u00e1veis pela prote\u00e7\u00e3o e privacidade de qualquer informa\u00e7\u00e3o que voc\u00ea forne\u00e7a enquanto visita tais sites e tais sites n\u00e3o s\u00e3o regidos por esta declara\u00e7\u00e3o de privacidade. Voc\u00ea deve ter cuidado e olhar a declara\u00e7\u00e3o de privacidade aplic\u00e1vel ao site em quest\u00e3o.<\/p>\n<p><strong>7.0 Controle de suas informa\u00e7\u00f5es pessoais<\/strong><\/p>\n<p>Voc\u00ea pode optar por restringir a coleta ou uso de suas informa\u00e7\u00f5es pessoais das seguintes maneiras:<\/p>\n<ul>\n<li>Sempre que for solicitado o preenchimento de um formul\u00e1rio no site, n\u00e3o clique em uma caixa que indique que suas informa\u00e7\u00f5es ser\u00e3o utilizadas para o envio de informa\u00e7\u00f5es atualizadas.<\/li>\n<li>Se voc\u00ea concordou previamente em usarmos suas informa\u00e7\u00f5es pessoais para fins de marketing direto, voc\u00ea pode mudar de ideia a qualquer momento, escrevendo ou enviando um e-mail para The Woodhouse Partnership Ltd, 19 Prince Henry House, Kingsclere Business Park, Kingsclere, Newbury RG20 4SW . Reino Unido, ou email: enquiries@twpl.com &#8211; onde removeremos seus dados pessoais de nossos registros dentro de um m\u00eas de sua solicita\u00e7\u00e3o.<\/li>\n<\/ul>\n<p>N\u00e3o venderemos, distribuiremos ou alugaremos suas informa\u00e7\u00f5es pessoais a terceiros, a menos que tenhamos sua permiss\u00e3o ou sejamos obrigados por lei a faz\u00ea-lo. Podemos usar suas informa\u00e7\u00f5es pessoais para enviar-lhe informa\u00e7\u00f5es promocionais sobre terceiros que achamos que voc\u00ea pode achar interessante, se voc\u00ea nos disser que deseja que isso aconte\u00e7a. Se voc\u00ea acredita que qualquer informa\u00e7\u00e3o que temos sobre voc\u00ea est\u00e1 incorreta ou incompleta, por favor, escreva ou envie um e-mail o mais r\u00e1pido poss\u00edvel, para o endere\u00e7o acima. Corrigiremos imediatamente qualquer informa\u00e7\u00e3o considerada incorreta.<\/p>\n<p><strong>Como posso reclamar com o regulador?<\/strong><strong> <\/strong><\/p>\n<p>Se voc\u00ea quiser reclamar sobre a forma como lidamos com os dados, visite:<\/p>\n<p><a role=\"link\" href=\"https:\/\/ico.org.uk\/concerns\/\"><strong>https:\/\/ico.org.uk\/concerns\/<\/strong><\/a><\/p>\n<p>Qualquer d\u00favida sobre esta pol\u00edtica deve ser enviada por e-mail para: john.woodhouse@decisionsupporttools.com, ou por carta para: John Woodhouse, Diretor Administrativo no endere\u00e7o acima.<\/p>\n<p>Para obter mais informa\u00e7\u00f5es sobre os regulamentos gerais de prote\u00e7\u00e3o de dados da UE &#8211; https:\/\/www.eugdpr.org\/<\/p>\n<h4><strong>MAIS INFORMA\u00c7\u00d5ES<\/strong><\/h4>\n<p><strong>T:<\/strong> + 44 (0 1635 299200<\/p>\n<p><strong>E: <a role=\"link\" href=\"mailto:enquiries@decisionsupporttools.com\">enquiries@decisionsupporttools.com<\/a><\/strong><\/p>\n\t\t\t\t\t\t\t\t<\/div>\n\t\t\t\t<\/div>\n\t\t\t\t\t<\/div>\n\t\t<\/div>\n\t\t\t\t\t<\/div>\n\t\t<\/section>\n\t\t\t\t<\/div>\n\t\t","protected":false},"excerpt":{"rendered":"<p>Pol\u00edtica de Privacidade Esta pol\u00edtica de privacidade define como a Decision Support Tools Ltd usa e protege todas as informa\u00e7\u00f5es que voc\u00ea fornece ao usar este site. A Decision Support [&hellip;]<\/p>\n","protected":false},"author":1,"featured_media":0,"parent":0,"menu_order":0,"comment_status":"closed","ping_status":"closed","template":"","meta":{"_acf_changed":false,"om_disable_all_campaigns":false,"_uf_show_specific_survey":0,"_uf_disable_surveys":false,"_price":"","_stock":"","_tribe_ticket_header":"","_tribe_default_ticket_provider":"","_tribe_ticket_capacity":"0","_ticket_start_date":"","_ticket_end_date":"","_tribe_ticket_show_description":"","_tribe_ticket_show_not_going":false,"_tribe_ticket_use_global_stock":"","_tribe_ticket_global_stock_level":"","_global_stock_mode":"","_global_stock_cap":"","_tribe_rsvp_for_event":"","_tribe_ticket_going_count":"","_tribe_ticket_not_going_count":"","_tribe_tickets_list":"[]","_tribe_ticket_has_attendee_info_fields":false,"footnotes":"","_tec_slr_enabled":"","_tec_slr_layout":""},"class_list":["post-844","page","type-page","status-publish","hentry"],"acf":[],"yoast_head":"<!-- This site is optimized with the Yoast SEO Premium plugin v27.2 (Yoast SEO v27.2) - https:\/\/yoast.com\/product\/yoast-seo-premium-wordpress\/ -->\n<title>Pol\u00edtica de Privacidade - Decision Support Tools<\/title>\n<meta name=\"robots\" content=\"index, follow, max-snippet:-1, max-image-preview:large, max-video-preview:-1\" \/>\n<link rel=\"canonical\" href=\"https:\/\/www.decisionsupporttools.com\/pt-br\/politica-de-privacidade\/\" \/>\n<meta property=\"og:locale\" content=\"pt_BR\" \/>\n<meta property=\"og:type\" content=\"article\" \/>\n<meta property=\"og:title\" content=\"Pol\u00edtica de Privacidade\" \/>\n<meta property=\"og:description\" content=\"Pol\u00edtica de Privacidade Esta pol\u00edtica de privacidade define como a Decision Support Tools Ltd usa e protege todas as informa\u00e7\u00f5es que voc\u00ea fornece ao usar este site. A Decision Support [&hellip;]\" \/>\n<meta property=\"og:url\" content=\"https:\/\/www.decisionsupporttools.com\/pt-br\/politica-de-privacidade\/\" \/>\n<meta property=\"og:site_name\" content=\"Decision Support Tools\" \/>\n<meta property=\"article:modified_time\" content=\"2021-12-08T10:06:35+00:00\" \/>\n<meta name=\"twitter:card\" content=\"summary_large_image\" \/>\n<meta name=\"twitter:label1\" content=\"Est. reading time\" \/>\n\t<meta name=\"twitter:data1\" content=\"7 minutos\" \/>\n<script type=\"application\/ld+json\" class=\"yoast-schema-graph\">{\"@context\":\"https:\/\/schema.org\",\"@graph\":[{\"@type\":\"WebPage\",\"@id\":\"https:\/\/www.decisionsupporttools.com\/pt-br\/politica-de-privacidade\/\",\"url\":\"https:\/\/www.decisionsupporttools.com\/pt-br\/politica-de-privacidade\/\",\"name\":\"Pol\u00edtica de Privacidade - Decision Support Tools\",\"isPartOf\":{\"@id\":\"https:\/\/www.decisionsupporttools.com\/pt-br\/#website\"},\"datePublished\":\"2021-12-08T10:06:34+00:00\",\"dateModified\":\"2021-12-08T10:06:35+00:00\",\"breadcrumb\":{\"@id\":\"https:\/\/www.decisionsupporttools.com\/pt-br\/politica-de-privacidade\/#breadcrumb\"},\"inLanguage\":\"pt-BR\",\"potentialAction\":[{\"@type\":\"ReadAction\",\"target\":[\"https:\/\/www.decisionsupporttools.com\/pt-br\/politica-de-privacidade\/\"]}]},{\"@type\":\"BreadcrumbList\",\"@id\":\"https:\/\/www.decisionsupporttools.com\/pt-br\/politica-de-privacidade\/#breadcrumb\",\"itemListElement\":[{\"@type\":\"ListItem\",\"position\":1,\"name\":\"Home\",\"item\":\"https:\/\/www.decisionsupporttools.com\/pt-br\/casa\/\"},{\"@type\":\"ListItem\",\"position\":2,\"name\":\"Pol\u00edtica de Privacidade\"}]},{\"@type\":\"WebSite\",\"@id\":\"https:\/\/www.decisionsupporttools.com\/pt-br\/#website\",\"url\":\"https:\/\/www.decisionsupporttools.com\/pt-br\/\",\"name\":\"Decision Support Tools\",\"description\":\"Decision Support Tools\",\"publisher\":{\"@id\":\"https:\/\/www.decisionsupporttools.com\/pt-br\/#organization\"},\"potentialAction\":[{\"@type\":\"SearchAction\",\"target\":{\"@type\":\"EntryPoint\",\"urlTemplate\":\"https:\/\/www.decisionsupporttools.com\/pt-br\/?s={search_term_string}\"},\"query-input\":{\"@type\":\"PropertyValueSpecification\",\"valueRequired\":true,\"valueName\":\"search_term_string\"}}],\"inLanguage\":\"pt-BR\"},{\"@type\":\"Organization\",\"@id\":\"https:\/\/www.decisionsupporttools.com\/pt-br\/#organization\",\"name\":\"Decision Support Tools\",\"url\":\"https:\/\/www.decisionsupporttools.com\/pt-br\/\",\"logo\":{\"@type\":\"ImageObject\",\"inLanguage\":\"pt-BR\",\"@id\":\"https:\/\/www.decisionsupporttools.com\/pt-br\/#\/schema\/logo\/image\/\",\"url\":\"https:\/\/www.decisionsupporttools.com\/wp-content\/uploads\/sites\/8\/2021\/09\/DST-Website-Logo_240x111_v2.png\",\"contentUrl\":\"https:\/\/www.decisionsupporttools.com\/wp-content\/uploads\/sites\/8\/2021\/09\/DST-Website-Logo_240x111_v2.png\",\"width\":240,\"height\":111,\"caption\":\"Decision Support Tools\"},\"image\":{\"@id\":\"https:\/\/www.decisionsupporttools.com\/pt-br\/#\/schema\/logo\/image\/\"}}]}<\/script>\n<!-- \/ Yoast SEO Premium plugin. -->","yoast_head_json":{"title":"Pol\u00edtica de Privacidade - Decision Support Tools","robots":{"index":"index","follow":"follow","max-snippet":"max-snippet:-1","max-image-preview":"max-image-preview:large","max-video-preview":"max-video-preview:-1"},"canonical":"https:\/\/www.decisionsupporttools.com\/pt-br\/politica-de-privacidade\/","og_locale":"pt_BR","og_type":"article","og_title":"Pol\u00edtica de Privacidade","og_description":"Pol\u00edtica de Privacidade Esta pol\u00edtica de privacidade define como a Decision Support Tools Ltd usa e protege todas as informa\u00e7\u00f5es que voc\u00ea fornece ao usar este site. A Decision Support [&hellip;]","og_url":"https:\/\/www.decisionsupporttools.com\/pt-br\/politica-de-privacidade\/","og_site_name":"Decision Support Tools","article_modified_time":"2021-12-08T10:06:35+00:00","twitter_card":"summary_large_image","twitter_misc":{"Est. reading time":"7 minutos"},"schema":{"@context":"https:\/\/schema.org","@graph":[{"@type":"WebPage","@id":"https:\/\/www.decisionsupporttools.com\/pt-br\/politica-de-privacidade\/","url":"https:\/\/www.decisionsupporttools.com\/pt-br\/politica-de-privacidade\/","name":"Pol\u00edtica de Privacidade - Decision Support Tools","isPartOf":{"@id":"https:\/\/www.decisionsupporttools.com\/pt-br\/#website"},"datePublished":"2021-12-08T10:06:34+00:00","dateModified":"2021-12-08T10:06:35+00:00","breadcrumb":{"@id":"https:\/\/www.decisionsupporttools.com\/pt-br\/politica-de-privacidade\/#breadcrumb"},"inLanguage":"pt-BR","potentialAction":[{"@type":"ReadAction","target":["https:\/\/www.decisionsupporttools.com\/pt-br\/politica-de-privacidade\/"]}]},{"@type":"BreadcrumbList","@id":"https:\/\/www.decisionsupporttools.com\/pt-br\/politica-de-privacidade\/#breadcrumb","itemListElement":[{"@type":"ListItem","position":1,"name":"Home","item":"https:\/\/www.decisionsupporttools.com\/pt-br\/casa\/"},{"@type":"ListItem","position":2,"name":"Pol\u00edtica de Privacidade"}]},{"@type":"WebSite","@id":"https:\/\/www.decisionsupporttools.com\/pt-br\/#website","url":"https:\/\/www.decisionsupporttools.com\/pt-br\/","name":"Decision Support Tools","description":"Decision Support Tools","publisher":{"@id":"https:\/\/www.decisionsupporttools.com\/pt-br\/#organization"},"potentialAction":[{"@type":"SearchAction","target":{"@type":"EntryPoint","urlTemplate":"https:\/\/www.decisionsupporttools.com\/pt-br\/?s={search_term_string}"},"query-input":{"@type":"PropertyValueSpecification","valueRequired":true,"valueName":"search_term_string"}}],"inLanguage":"pt-BR"},{"@type":"Organization","@id":"https:\/\/www.decisionsupporttools.com\/pt-br\/#organization","name":"Decision Support Tools","url":"https:\/\/www.decisionsupporttools.com\/pt-br\/","logo":{"@type":"ImageObject","inLanguage":"pt-BR","@id":"https:\/\/www.decisionsupporttools.com\/pt-br\/#\/schema\/logo\/image\/","url":"https:\/\/www.decisionsupporttools.com\/wp-content\/uploads\/sites\/8\/2021\/09\/DST-Website-Logo_240x111_v2.png","contentUrl":"https:\/\/www.decisionsupporttools.com\/wp-content\/uploads\/sites\/8\/2021\/09\/DST-Website-Logo_240x111_v2.png","width":240,"height":111,"caption":"Decision Support Tools"},"image":{"@id":"https:\/\/www.decisionsupporttools.com\/pt-br\/#\/schema\/logo\/image\/"}}]}},"ticketed":false,"_links":{"self":[{"href":"https:\/\/www.decisionsupporttools.com\/pt-br\/wp-json\/wp\/v2\/pages\/844","targetHints":{"allow":["GET"]}}],"collection":[{"href":"https:\/\/www.decisionsupporttools.com\/pt-br\/wp-json\/wp\/v2\/pages"}],"about":[{"href":"https:\/\/www.decisionsupporttools.com\/pt-br\/wp-json\/wp\/v2\/types\/page"}],"author":[{"embeddable":true,"href":"https:\/\/www.decisionsupporttools.com\/pt-br\/wp-json\/wp\/v2\/users\/1"}],"replies":[{"embeddable":true,"href":"https:\/\/www.decisionsupporttools.com\/pt-br\/wp-json\/wp\/v2\/comments?post=844"}],"version-history":[{"count":0,"href":"https:\/\/www.decisionsupporttools.com\/pt-br\/wp-json\/wp\/v2\/pages\/844\/revisions"}],"wp:attachment":[{"href":"https:\/\/www.decisionsupporttools.com\/pt-br\/wp-json\/wp\/v2\/media?parent=844"}],"curies":[{"name":"wp","href":"https:\/\/api.w.org\/{rel}","templated":true}]}}