{"id":850,"date":"2021-12-08T10:30:14","date_gmt":"2021-12-08T10:30:14","guid":{"rendered":"https:\/\/www.decisionsupporttools.com\/termos-de-uso\/"},"modified":"2021-12-08T10:30:17","modified_gmt":"2021-12-08T10:30:17","slug":"termos-de-uso","status":"publish","type":"page","link":"https:\/\/www.decisionsupporttools.com\/pt-br\/termos-de-uso\/","title":{"rendered":"Termos de uso"},"content":{"rendered":"\t\t<div data-elementor-type=\"wp-page\" data-elementor-id=\"850\" class=\"elementor elementor-850 elementor-848\" data-elementor-post-type=\"page\">\n\t\t\t\t\t\t<section class=\"elementor-section elementor-top-section elementor-element elementor-element-efc15a0 elementor-section-boxed elementor-section-height-default elementor-section-height-default\" data-id=\"efc15a0\" data-element_type=\"section\" data-e-type=\"section\">\n\t\t\t\t\t\t<div class=\"elementor-container elementor-column-gap-default\">\n\t\t\t\t\t<div class=\"elementor-column elementor-col-100 elementor-top-column elementor-element elementor-element-28286e0\" data-id=\"28286e0\" data-element_type=\"column\" data-e-type=\"column\">\n\t\t\t<div class=\"elementor-widget-wrap elementor-element-populated\">\n\t\t\t\t\t\t<div class=\"elementor-element elementor-element-eeb1d8e elementor-widget elementor-widget-heading\" data-id=\"eeb1d8e\" data-element_type=\"widget\" data-e-type=\"widget\" data-widget_type=\"heading.default\">\n\t\t\t\t<div class=\"elementor-widget-container\">\n\t\t\t\t\t<h2 class=\"elementor-heading-title elementor-size-default\">Termos de uso<\/h2>\t\t\t\t<\/div>\n\t\t\t\t<\/div>\n\t\t\t\t<div class=\"elementor-element elementor-element-5fd02f5 elementor-widget elementor-widget-text-editor\" data-id=\"5fd02f5\" data-element_type=\"widget\" data-e-type=\"widget\" data-widget_type=\"text-editor.default\">\n\t\t\t\t<div class=\"elementor-widget-container\">\n\t\t\t\t\t\t\t\t\t<h5>TERMOS DE USO<\/h5>\n<p>Estes termos de uso (juntamente com os documentos nele mencionados) informam os termos de uso nos quais voc\u00ea pode fazer uso de nosso site https:\/\/www.decisionsupporttools.com\/ (nosso site), seja como um convidado ou um Usu\u00e1rio Registrado. O uso de nosso site inclui acessar, navegar ou registrar-se para usar nosso site.<\/p>\n<p>Por favor, leia estes termos de uso com aten\u00e7\u00e3o antes de come\u00e7ar a usar nosso site, pois eles se aplicam ao uso que voc\u00ea faz do nosso site. N\u00f3s recomendamos <br \/>que voc\u00ea imprima uma c\u00f3pia deste para refer\u00eancia futura.<\/p>\n<p>Ao usar nosso site, voc\u00ea confirma que aceita estes termos de uso e concorda em cumpri-los.<\/p>\n<p>Se voc\u00ea n\u00e3o concorda com estes termos de uso, voc\u00ea n\u00e3o deve usar nosso site.<\/p>\n<h5>OUTROS TERMOS APLIC\u00c1VEIS<\/h5>\n<p>Estes termos de uso referem-se aos seguintes termos adicionais, que tamb\u00e9m se aplicam ao uso de nosso site:<\/p>\n<p>Nossa Pol\u00edtica de Privacidade, que estabelece os termos em que processamos quaisquer dados pessoais que coletamos de voc\u00ea ou que voc\u00ea fornece para <br \/>n\u00f3s. Ao usar nosso site, voc\u00ea concorda com tal processamento e garante que todos os dados fornecidos por voc\u00ea s\u00e3o precisos.<\/p>\n<h5>INFORMA\u00c7\u00d5ES SOBRE N\u00d3S<\/h5>\n<p>https:\/\/www.decisionsupporttools.com\/ \u00e9 um site operado pela The Woodhouse Partnership Ltd (\u201cN\u00f3s\u201d). The Woodhouse Partnership Ltd \u00e9 <br \/>registrado na Inglaterra e Pa\u00eds de Gales sob o n\u00famero da empresa 2935938 Registrado. O endere\u00e7o do escrit\u00f3rio \u00e9 Prince Henry House, 19, Kingsclere Business Park, Kingsclere Hampshire RG20 4SW. REINO UNIDO.<\/p>\n<p>Somos uma empresa limitada.<\/p>\n<h5>ALTERA\u00c7\u00d5ES A ESTES TERMOS<\/h5>\n<p>Podemos revisar estes termos de uso a qualquer momento, alterando esta p\u00e1gina.<\/p>\n<p>Por favor, verifique esta p\u00e1gina de vez em quando para tomar conhecimento de quaisquer altera\u00e7\u00f5es que fizemos, pois s\u00e3o vinculativas para voc\u00ea.<\/p>\n<h5>ALTERA\u00c7\u00d5ES NO NOSSO SITE<\/h5>\n<p>Podemos atualizar nosso site de tempos em tempos e alterar o conte\u00fado a qualquer momento. No entanto, observe que qualquer parte do conte\u00fado do nosso site pode estar desatualizado a qualquer momento e n\u00e3o temos a obriga\u00e7\u00e3o de atualiz\u00e1-lo.<\/p>\n<p>N\u00e3o garantimos que nosso site, ou qualquer conte\u00fado dele, esteja livre de erros ou omiss\u00f5es.<\/p>\n<h5>ACESSANDO NOSSO SITE<\/h5>\n<p>Nosso site \u00e9 disponibilizado gratuitamente.<\/p>\n<p>Este site cont\u00e9m material de marketing produzido por n\u00f3s em rela\u00e7\u00e3o a propriedades constru\u00eddas ou em processo de constru\u00e7\u00e3o por n\u00f3s ou por uma das empresas do nosso grupo. O site destina-se a auxiliar clientes em potencial que possam estar adquirindo propriedades de n\u00f3s ou de uma das empresas do nosso grupo, ou empresas em potencial interessadas em trabalhar conosco. Estes termos e condi\u00e7\u00f5es referem-se a qualquer material de marketing produzido por n\u00f3s e como ele pode ser usado e baixado pelo usu\u00e1rio. O site n\u00e3o constitui uma oferta para entrar em qualquer forma de negocia\u00e7\u00e3o ou acordo em rela\u00e7\u00e3o a qualquer propriedade.<\/p>\n<p>N\u00e3o garantimos que nosso site, ou qualquer conte\u00fado dele, esteja sempre dispon\u00edvel ou seja ininterrupto. O acesso ao nosso site \u00e9 permitido em car\u00e1ter tempor\u00e1rio. Podemos suspender, retirar, descontinuar ou alterar todo ou qualquer parte de nosso site sem aviso pr\u00e9vio. N\u00e3o seremos respons\u00e1veis por voc\u00ea se, por qualquer motivo, nosso site estiver indispon\u00edvel a qualquer momento ou por qualquer per\u00edodo.<\/p>\n<p>Voc\u00ea \u00e9 respons\u00e1vel por tomar todas as provid\u00eancias necess\u00e1rias para ter acesso ao nosso site.<\/p>\n<p>Tambi\u00e9n es responsable de asegurarse de que todas las personas que accedan a nuestro sitio a trav\u00e9s de su conexi\u00f3n a Internet conozcan estos t\u00e9rminos de uso y otros t\u00e9rminos y condiciones aplicables, y que los cumplan.<\/p>\n<h5>DIREITO DE PROPRIEDADE INTELECTUAL<\/h5>\n<p>Somos os propriet\u00e1rios ou licenciados de todos os direitos de propriedade intelectual do nosso site e do material nele publicado. Essas obras s\u00e3o protegidas por leis e tratados de direitos autorais em todo o mundo. Todos esses direitos s\u00e3o reservados.<\/p>\n<p>Voc\u00ea pode imprimir uma c\u00f3pia e baixar trechos de qualquer p\u00e1gina de nosso site para seu uso pessoal e pode chamar a aten\u00e7\u00e3o de outras pessoas dentro de sua organiza\u00e7\u00e3o para o conte\u00fado postado em nosso site. Voc\u00ea n\u00e3o deve baixar ou circular qualquer material obtido de quaisquer p\u00e1ginas de nosso site com o objetivo de promover propriedades que n\u00e3o sejam colocadas \u00e0 venda por n\u00f3s ou por uma de nossas empresas do grupo, incluindo propriedades anteriormente vendidas por n\u00f3s ou por uma das empresas do nosso grupo e agora disponibilizados para revenda por terceiros.<\/p>\n<p>Voc\u00ea n\u00e3o deve modificar o papel ou as c\u00f3pias digitais de qualquer material que voc\u00ea imprimiu ou baixou de qualquer forma, e voc\u00ea n\u00e3o deve usar quaisquer ilustra\u00e7\u00f5es, fotografias, sequ\u00eancias de v\u00eddeo ou \u00e1udio ou quaisquer gr\u00e1ficos separadamente de qualquer texto que os acompanhe.<\/p>\n<p>Nosso status (e o de quaisquer contribuidores identificados) como autores do conte\u00fado em nosso site deve sempre ser reconhecido.<\/p>\n<p>Voc\u00ea n\u00e3o deve usar nenhuma parte do conte\u00fado do nosso site para fins comerciais sem obter uma licen\u00e7a para faz\u00ea-lo de n\u00f3s ou de nossos licenciados.<\/p>\n<p>Se voc\u00ea imprimir, copiar ou baixar qualquer parte de nosso site que viole estes termos de uso, seu direito de usar nosso site cessar\u00e1 imediatamente e voc\u00ea deve, a nosso crit\u00e9rio, devolver ou destruir quaisquer c\u00f3pias dos materiais que tenha feito.<\/p>\n<h5>SEM CONFIAN\u00c7A NAS INFORMA\u00c7\u00d5ES<\/h5>\n<p>O conte\u00fado do nosso site \u00e9 fornecido apenas para informa\u00e7\u00e3o geral. N\u00e3o pretende ser um conselho no qual voc\u00ea deva confiar. <br \/>Voc\u00ea deve obter aconselhamento profissional ou especializado antes de tomar ou se abster de qualquer a\u00e7\u00e3o com base no conte\u00fado do nosso site.<\/p>\n<p>Embora fa\u00e7amos esfor\u00e7os razo\u00e1veis para atualizar as informa\u00e7\u00f5es em nosso site, n\u00e3o fazemos representa\u00e7\u00f5es, garantias ou garantias, expressas ou impl\u00edcitas, de que o conte\u00fado em nosso site \u00e9 preciso, completo ou atualizado.<\/p>\n<h5>LIMITA\u00c7\u00c3O DE NOSSA RESPONSABILIDADE<\/h5>\n<p>Nada nestes termos de uso exclui ou limita nossa responsabilidade por morte ou danos pessoais decorrentes de nossa neglig\u00eancia, ou nossa fraude ou deturpa\u00e7\u00e3o fraudulenta, ou qualquer outra responsabilidade que n\u00e3o possa ser exclu\u00edda ou limitada pela lei inglesa.<\/p>\n<p>Na medida do permitido por lei, exclu\u00edmos todas as condi\u00e7\u00f5es, garantias, representa\u00e7\u00f5es ou outros termos que possam se aplicar ao nosso site ou a qualquer conte\u00fado nele, expresso ou impl\u00edcito.<\/p>\n<p>N\u00e3o seremos respons\u00e1veis por qualquer usu\u00e1rio por qualquer perda ou dano, seja em contrato, ato il\u00edcito (incluindo neglig\u00eancia), viola\u00e7\u00e3o de dever estatut\u00e1rio ou de outra forma, mesmo se previs\u00edvel, decorrente de ou em conex\u00e3o com:<\/p>\n<ul>\n<li>uso ou incapacidade de uso de nosso site; ou<\/li>\n<li>uso ou confian\u00e7a em qualquer conte\u00fado exibido em nosso site.<\/li>\n<\/ul>\n<p>Se voc\u00ea for um usu\u00e1rio empresarial, observe que, em particular, n\u00e3o seremos respons\u00e1veis por:<\/p>\n<ul>\n<li>perda de lucros, vendas, neg\u00f3cios ou receita;<\/li>\n<li>interrup\u00e7\u00e3o de neg\u00f3cios<\/li>\n<li>perda de economias antecipadas;<\/li>\n<li>perda de oportunidade de neg\u00f3cios, boa vontade ou reputa\u00e7\u00e3o; ou<\/li>\n<li>qualquer perda ou dano indireto ou conseq\u00fcencial.<\/li>\n<\/ul>\n<p>Se voc\u00ea for um usu\u00e1rio consumidor, observe que s\u00f3 fornecemos nosso site para uso dom\u00e9stico e privado. Voc\u00ea concorda em n\u00e3o usar nosso site para quaisquer fins comerciais ou de neg\u00f3cios, e n\u00e3o temos qualquer responsabilidade para com voc\u00ea por qualquer perda de lucro, perda de neg\u00f3cios, interrup\u00e7\u00e3o de neg\u00f3cios ou perda de oportunidade de neg\u00f3cios.<\/p>\n<p>N\u00e3o seremos respons\u00e1veis por qualquer perda ou dano causado por um v\u00edrus, ataque distribu\u00eddo de nega\u00e7\u00e3o de servi\u00e7o ou outro material tecnologicamente prejudicial que possa infectar seu equipamento de computador, programas de computador, dados ou outro material propriet\u00e1rio devido ao uso de nosso site ou ao fazer download de qualquer conte\u00fado nele, ou em qualquer site vinculado a ele.<\/p>\n<p>N\u00e3o assumimos qualquer responsabilidade pelo conte\u00fado dos sites vinculados ao nosso site. Esses links n\u00e3o devem ser interpretados como endosso por n\u00f3s desses sites vinculados. N\u00e3o seremos respons\u00e1veis por quaisquer perdas ou danos que possam surgir do seu uso.<\/p>\n<h5>V\u00cdRUS<\/h5>\n<p>N\u00e3o garantimos que nosso site seja seguro ou livre de bugs ou v\u00edrus.<\/p>\n<p>Voc\u00ea \u00e9 respons\u00e1vel por configurar sua tecnologia da informa\u00e7\u00e3o, programas de computador e plataforma para acessar nosso site. Voc\u00ea deve usar seu pr\u00f3prio software de prote\u00e7\u00e3o contra v\u00edrus.<\/p>\n<p>Voc\u00ea n\u00e3o deve fazer mau uso de nosso site, introduzindo intencionalmente v\u00edrus, cavalos de Troia, worms, bombas l\u00f3gicas ou outro material malicioso ou tecnologicamente prejudicial. Voc\u00ea n\u00e3o deve tentar obter acesso n\u00e3o autorizado ao nosso site, ao servidor no qual nosso site est\u00e1 armazenado ou a qualquer servidor, computador ou banco de dados conectado ao nosso site. Voc\u00ea n\u00e3o deve atacar nosso site por meio de um ataque de nega\u00e7\u00e3o de servi\u00e7o ou de um ataque distribu\u00eddo de nega\u00e7\u00e3o de servi\u00e7o. Ao violar esta disposi\u00e7\u00e3o, voc\u00ea cometeria um crime de acordo com a Lei de Uso Indevido de Computadores de 1990.<\/p>\n<p>Iremos relatar qualquer viola\u00e7\u00e3o \u00e0s autoridades respons\u00e1veis pela aplica\u00e7\u00e3o da lei e cooperaremos com essas autoridades revelando-lhes a sua identidade. No caso de tal viola\u00e7\u00e3o, seu direito de usar nosso site cessar\u00e1 imediatamente.<\/p>\n<h5>VINCULANDO AO NOSSO SITE<\/h5>\n<p>Voc\u00ea n\u00e3o pode criar um link para nossa p\u00e1gina inicial sem nossa permiss\u00e3o pr\u00e9via.<\/p>\n<p>Se desejar fazer qualquer uso do conte\u00fado em nosso site diferente do estabelecido acima, entre em contato com <a href=\"mailto:enquiries@decisionsupporttools.com\">enquiries@decisionsupporttools.com<\/a> .<\/p>\n<h5>LINKS E RECURSOS DE TERCEIROS NO NOSSO SITE<\/h5>\n<p>Quando nosso site cont\u00e9m links para outros sites e recursos fornecidos por terceiros, esses links s\u00e3o fornecidos apenas para sua informa\u00e7\u00e3o.<\/p>\n<p>N\u00e3o temos controle sobre o conte\u00fado desses sites ou recursos.<\/p>\n<h5>LEI APLIC\u00c1VEL<\/h5>\n<p>Se voc\u00ea for um consumidor, observe que estes termos de uso, seu objeto e sua forma\u00e7\u00e3o s\u00e3o regidos pela lei inglesa. Voc\u00ea e n\u00f3s concordamos que os tribunais da Inglaterra e do Pa\u00eds de Gales ter\u00e3o jurisdi\u00e7\u00e3o n\u00e3o exclusiva. No entanto, se voc\u00ea \u00e9 residente da Irlanda do Norte, tamb\u00e9m pode intentar uma a\u00e7\u00e3o na Irlanda do Norte e, se for residente na Esc\u00f3cia, tamb\u00e9m pode intentar uma a\u00e7\u00e3o na Esc\u00f3cia.<\/p>\n<p>Se voc\u00ea for uma empresa, estes termos de uso, seu objeto e sua forma\u00e7\u00e3o (e quaisquer disputas ou reivindica\u00e7\u00f5es n\u00e3o contratuais) s\u00e3o regidos pela lei inglesa. Ambos concordamos com a jurisdi\u00e7\u00e3o exclusiva dos tribunais da Inglaterra e do Pa\u00eds de Gales.<\/p>\n\t\t\t\t\t\t\t\t<\/div>\n\t\t\t\t<\/div>\n\t\t\t\t\t<\/div>\n\t\t<\/div>\n\t\t\t\t\t<\/div>\n\t\t<\/section>\n\t\t\t\t<\/div>\n\t\t","protected":false},"excerpt":{"rendered":"<p>Termos de uso TERMOS DE USO Estes termos de uso (juntamente com os documentos nele mencionados) informam os termos de uso nos quais voc\u00ea pode fazer uso de nosso site [&hellip;]<\/p>\n","protected":false},"author":1,"featured_media":0,"parent":0,"menu_order":0,"comment_status":"closed","ping_status":"closed","template":"","meta":{"_acf_changed":false,"om_disable_all_campaigns":false,"_uf_show_specific_survey":0,"_uf_disable_surveys":false,"_price":"","_stock":"","_tribe_ticket_header":"","_tribe_default_ticket_provider":"","_tribe_ticket_capacity":"0","_ticket_start_date":"","_ticket_end_date":"","_tribe_ticket_show_description":"","_tribe_ticket_show_not_going":false,"_tribe_ticket_use_global_stock":"","_tribe_ticket_global_stock_level":"","_global_stock_mode":"","_global_stock_cap":"","_tribe_rsvp_for_event":"","_tribe_ticket_going_count":"","_tribe_ticket_not_going_count":"","_tribe_tickets_list":"[]","_tribe_ticket_has_attendee_info_fields":false,"footnotes":"","_tec_slr_enabled":"","_tec_slr_layout":""},"class_list":["post-850","page","type-page","status-publish","hentry"],"acf":[],"yoast_head":"<!-- This site is optimized with the Yoast SEO Premium plugin v27.2 (Yoast SEO v27.2) - https:\/\/yoast.com\/product\/yoast-seo-premium-wordpress\/ -->\n<title>Termos de uso - Decision Support Tools<\/title>\n<meta name=\"robots\" content=\"index, follow, max-snippet:-1, max-image-preview:large, max-video-preview:-1\" \/>\n<link rel=\"canonical\" href=\"https:\/\/www.decisionsupporttools.com\/pt-br\/termos-de-uso\/\" \/>\n<meta property=\"og:locale\" content=\"pt_BR\" \/>\n<meta property=\"og:type\" content=\"article\" \/>\n<meta property=\"og:title\" content=\"Termos de uso\" \/>\n<meta property=\"og:description\" content=\"Termos de uso TERMOS DE USO Estes termos de uso (juntamente com os documentos nele mencionados) informam os termos de uso nos quais voc\u00ea pode fazer uso de nosso site [&hellip;]\" \/>\n<meta property=\"og:url\" content=\"https:\/\/www.decisionsupporttools.com\/pt-br\/termos-de-uso\/\" \/>\n<meta property=\"og:site_name\" content=\"Decision Support Tools\" \/>\n<meta property=\"article:modified_time\" content=\"2021-12-08T10:30:17+00:00\" \/>\n<meta name=\"twitter:card\" content=\"summary_large_image\" \/>\n<meta name=\"twitter:label1\" content=\"Est. reading time\" \/>\n\t<meta name=\"twitter:data1\" content=\"9 minutos\" \/>\n<script type=\"application\/ld+json\" class=\"yoast-schema-graph\">{\"@context\":\"https:\/\/schema.org\",\"@graph\":[{\"@type\":\"WebPage\",\"@id\":\"https:\/\/www.decisionsupporttools.com\/pt-br\/termos-de-uso\/\",\"url\":\"https:\/\/www.decisionsupporttools.com\/pt-br\/termos-de-uso\/\",\"name\":\"Termos de uso - Decision Support Tools\",\"isPartOf\":{\"@id\":\"https:\/\/www.decisionsupporttools.com\/pt-br\/#website\"},\"datePublished\":\"2021-12-08T10:30:14+00:00\",\"dateModified\":\"2021-12-08T10:30:17+00:00\",\"breadcrumb\":{\"@id\":\"https:\/\/www.decisionsupporttools.com\/pt-br\/termos-de-uso\/#breadcrumb\"},\"inLanguage\":\"pt-BR\",\"potentialAction\":[{\"@type\":\"ReadAction\",\"target\":[\"https:\/\/www.decisionsupporttools.com\/pt-br\/termos-de-uso\/\"]}]},{\"@type\":\"BreadcrumbList\",\"@id\":\"https:\/\/www.decisionsupporttools.com\/pt-br\/termos-de-uso\/#breadcrumb\",\"itemListElement\":[{\"@type\":\"ListItem\",\"position\":1,\"name\":\"Home\",\"item\":\"https:\/\/www.decisionsupporttools.com\/pt-br\/casa\/\"},{\"@type\":\"ListItem\",\"position\":2,\"name\":\"Termos de uso\"}]},{\"@type\":\"WebSite\",\"@id\":\"https:\/\/www.decisionsupporttools.com\/pt-br\/#website\",\"url\":\"https:\/\/www.decisionsupporttools.com\/pt-br\/\",\"name\":\"Decision Support Tools\",\"description\":\"Decision Support Tools\",\"publisher\":{\"@id\":\"https:\/\/www.decisionsupporttools.com\/pt-br\/#organization\"},\"potentialAction\":[{\"@type\":\"SearchAction\",\"target\":{\"@type\":\"EntryPoint\",\"urlTemplate\":\"https:\/\/www.decisionsupporttools.com\/pt-br\/?s={search_term_string}\"},\"query-input\":{\"@type\":\"PropertyValueSpecification\",\"valueRequired\":true,\"valueName\":\"search_term_string\"}}],\"inLanguage\":\"pt-BR\"},{\"@type\":\"Organization\",\"@id\":\"https:\/\/www.decisionsupporttools.com\/pt-br\/#organization\",\"name\":\"Decision Support Tools\",\"url\":\"https:\/\/www.decisionsupporttools.com\/pt-br\/\",\"logo\":{\"@type\":\"ImageObject\",\"inLanguage\":\"pt-BR\",\"@id\":\"https:\/\/www.decisionsupporttools.com\/pt-br\/#\/schema\/logo\/image\/\",\"url\":\"https:\/\/www.decisionsupporttools.com\/wp-content\/uploads\/sites\/8\/2021\/09\/DST-Website-Logo_240x111_v2.png\",\"contentUrl\":\"https:\/\/www.decisionsupporttools.com\/wp-content\/uploads\/sites\/8\/2021\/09\/DST-Website-Logo_240x111_v2.png\",\"width\":240,\"height\":111,\"caption\":\"Decision Support Tools\"},\"image\":{\"@id\":\"https:\/\/www.decisionsupporttools.com\/pt-br\/#\/schema\/logo\/image\/\"}}]}<\/script>\n<!-- \/ Yoast SEO Premium plugin. -->","yoast_head_json":{"title":"Termos de uso - Decision Support Tools","robots":{"index":"index","follow":"follow","max-snippet":"max-snippet:-1","max-image-preview":"max-image-preview:large","max-video-preview":"max-video-preview:-1"},"canonical":"https:\/\/www.decisionsupporttools.com\/pt-br\/termos-de-uso\/","og_locale":"pt_BR","og_type":"article","og_title":"Termos de uso","og_description":"Termos de uso TERMOS DE USO Estes termos de uso (juntamente com os documentos nele mencionados) informam os termos de uso nos quais voc\u00ea pode fazer uso de nosso site [&hellip;]","og_url":"https:\/\/www.decisionsupporttools.com\/pt-br\/termos-de-uso\/","og_site_name":"Decision Support Tools","article_modified_time":"2021-12-08T10:30:17+00:00","twitter_card":"summary_large_image","twitter_misc":{"Est. reading time":"9 minutos"},"schema":{"@context":"https:\/\/schema.org","@graph":[{"@type":"WebPage","@id":"https:\/\/www.decisionsupporttools.com\/pt-br\/termos-de-uso\/","url":"https:\/\/www.decisionsupporttools.com\/pt-br\/termos-de-uso\/","name":"Termos de uso - Decision Support Tools","isPartOf":{"@id":"https:\/\/www.decisionsupporttools.com\/pt-br\/#website"},"datePublished":"2021-12-08T10:30:14+00:00","dateModified":"2021-12-08T10:30:17+00:00","breadcrumb":{"@id":"https:\/\/www.decisionsupporttools.com\/pt-br\/termos-de-uso\/#breadcrumb"},"inLanguage":"pt-BR","potentialAction":[{"@type":"ReadAction","target":["https:\/\/www.decisionsupporttools.com\/pt-br\/termos-de-uso\/"]}]},{"@type":"BreadcrumbList","@id":"https:\/\/www.decisionsupporttools.com\/pt-br\/termos-de-uso\/#breadcrumb","itemListElement":[{"@type":"ListItem","position":1,"name":"Home","item":"https:\/\/www.decisionsupporttools.com\/pt-br\/casa\/"},{"@type":"ListItem","position":2,"name":"Termos de uso"}]},{"@type":"WebSite","@id":"https:\/\/www.decisionsupporttools.com\/pt-br\/#website","url":"https:\/\/www.decisionsupporttools.com\/pt-br\/","name":"Decision Support Tools","description":"Decision Support Tools","publisher":{"@id":"https:\/\/www.decisionsupporttools.com\/pt-br\/#organization"},"potentialAction":[{"@type":"SearchAction","target":{"@type":"EntryPoint","urlTemplate":"https:\/\/www.decisionsupporttools.com\/pt-br\/?s={search_term_string}"},"query-input":{"@type":"PropertyValueSpecification","valueRequired":true,"valueName":"search_term_string"}}],"inLanguage":"pt-BR"},{"@type":"Organization","@id":"https:\/\/www.decisionsupporttools.com\/pt-br\/#organization","name":"Decision Support Tools","url":"https:\/\/www.decisionsupporttools.com\/pt-br\/","logo":{"@type":"ImageObject","inLanguage":"pt-BR","@id":"https:\/\/www.decisionsupporttools.com\/pt-br\/#\/schema\/logo\/image\/","url":"https:\/\/www.decisionsupporttools.com\/wp-content\/uploads\/sites\/8\/2021\/09\/DST-Website-Logo_240x111_v2.png","contentUrl":"https:\/\/www.decisionsupporttools.com\/wp-content\/uploads\/sites\/8\/2021\/09\/DST-Website-Logo_240x111_v2.png","width":240,"height":111,"caption":"Decision Support Tools"},"image":{"@id":"https:\/\/www.decisionsupporttools.com\/pt-br\/#\/schema\/logo\/image\/"}}]}},"ticketed":false,"_links":{"self":[{"href":"https:\/\/www.decisionsupporttools.com\/pt-br\/wp-json\/wp\/v2\/pages\/850","targetHints":{"allow":["GET"]}}],"collection":[{"href":"https:\/\/www.decisionsupporttools.com\/pt-br\/wp-json\/wp\/v2\/pages"}],"about":[{"href":"https:\/\/www.decisionsupporttools.com\/pt-br\/wp-json\/wp\/v2\/types\/page"}],"author":[{"embeddable":true,"href":"https:\/\/www.decisionsupporttools.com\/pt-br\/wp-json\/wp\/v2\/users\/1"}],"replies":[{"embeddable":true,"href":"https:\/\/www.decisionsupporttools.com\/pt-br\/wp-json\/wp\/v2\/comments?post=850"}],"version-history":[{"count":0,"href":"https:\/\/www.decisionsupporttools.com\/pt-br\/wp-json\/wp\/v2\/pages\/850\/revisions"}],"wp:attachment":[{"href":"https:\/\/www.decisionsupporttools.com\/pt-br\/wp-json\/wp\/v2\/media?parent=850"}],"curies":[{"name":"wp","href":"https:\/\/api.w.org\/{rel}","templated":true}]}}